{"id":241713,"date":"2026-01-02T22:47:00","date_gmt":"2026-01-02T19:47:00","guid":{"rendered":"https:\/\/baldumarket.lt\/product\/bella-cashmere-140-cm-z-blatem-artisan-i-umywalka-trust\/"},"modified":"2026-02-11T18:34:24","modified_gmt":"2026-02-11T15:34:24","slug":"bella-cashmere-140-cm-z-blatem-artisan-i-umywalka-trust","status":"publish","type":"product","link":"https:\/\/baldumarket.lt\/lt\/product\/bella-cashmere-140-cm-z-blatem-artisan-i-umywalka-trust\/","title":{"rendered":"Bella Cashmere 140 cm su Artisan stalvir\u0161iu ir Trust kriaukle"},"content":{"rendered":"","protected":false},"excerpt":{"rendered":"<p>\u201eTRUST 2 WHITE\u201c ant stalvir\u0161io pastatomas praustuvas (55 | 38 | 12) CT ka\u0161myro stalvir\u0161is, 140 cm SC ka\u0161myro spintel\u0117 po stalvir\u0161iu, 20 cm atvira \u201eBella\u201c ka\u0161myro spintel\u0117 po stalvir\u0161iu, 40 cm 1 durel\u0117mis ir skalbini\u0173 krep\u0161iu \u201eBella\u201c ka\u0161myro spintel\u0117 po stalvir\u0161iu, 80 cm 2 stal\u010diai<br \/>\nPlotis (cm): 140<br \/>\n\u016agis (cm): 57<\/p>","protected":false},"featured_media":241714,"comment_status":"open","ping_status":"open","template":"","meta":[],"product_brand":[],"product_cat":[9117,2015,9186],"product_tag":[],"class_list":{"0":"post-241713","1":"product","2":"type-product","3":"status-publish","4":"has-post-thumbnail","6":"product_cat-bathroom","7":"product_cat-comad","8":"product_cat-szafka-z-umywalka-comad","10":"first","11":"instock","12":"purchasable","13":"product-type-simple"},"_links":{"self":[{"href":"https:\/\/baldumarket.lt\/lt\/wp-json\/wp\/v2\/product\/241713","targetHints":{"allow":["GET"]}}],"collection":[{"href":"https:\/\/baldumarket.lt\/lt\/wp-json\/wp\/v2\/product"}],"about":[{"href":"https:\/\/baldumarket.lt\/lt\/wp-json\/wp\/v2\/types\/product"}],"replies":[{"embeddable":true,"href":"https:\/\/baldumarket.lt\/lt\/wp-json\/wp\/v2\/comments?post=241713"}],"wp:featuredmedia":[{"embeddable":true,"href":"https:\/\/baldumarket.lt\/lt\/wp-json\/wp\/v2\/media\/241714"}],"wp:attachment":[{"href":"https:\/\/baldumarket.lt\/lt\/wp-json\/wp\/v2\/media?parent=241713"}],"wp:term":[{"taxonomy":"product_brand","embeddable":true,"href":"https:\/\/baldumarket.lt\/lt\/wp-json\/wp\/v2\/product_brand?post=241713"},{"taxonomy":"product_cat","embeddable":true,"href":"https:\/\/baldumarket.lt\/lt\/wp-json\/wp\/v2\/product_cat?post=241713"},{"taxonomy":"product_tag","embeddable":true,"href":"https:\/\/baldumarket.lt\/lt\/wp-json\/wp\/v2\/product_tag?post=241713"}],"curies":[{"name":"wp","href":"https:\/\/api.w.org\/{rel}","templated":true}]}}