{"id":241692,"date":"2026-01-02T22:46:54","date_gmt":"2026-01-02T19:46:54","guid":{"rendered":"https:\/\/baldumarket.lt\/product\/bateria-umywalkowa-niska-niagara-czarny-mat\/"},"modified":"2026-02-11T18:34:25","modified_gmt":"2026-02-11T15:34:25","slug":"bateria-umywalkowa-niska-niagara-czarny-mat","status":"publish","type":"product","link":"https:\/\/baldumarket.lt\/lt\/product\/bateria-umywalkowa-niska-niagara-czarny-mat\/","title":{"rendered":"Niagara \u017eemo praustuvo mai\u0161ytuvas, matin\u0117s juodos spalvos"},"content":{"rendered":"","protected":false},"excerpt":{"rendered":"<p>Plotis (cm): 4,8<br \/>\nGylis (cm): 17<br \/>\n\u016agis (cm): 15<\/p>","protected":false},"featured_media":241693,"comment_status":"open","ping_status":"open","template":"","meta":[],"product_brand":[],"product_cat":[9117,2015],"product_tag":[],"class_list":{"0":"post-241692","1":"product","2":"type-product","3":"status-publish","4":"has-post-thumbnail","6":"product_cat-bathroom","7":"product_cat-comad","9":"first","10":"instock","11":"purchasable","12":"product-type-simple"},"_links":{"self":[{"href":"https:\/\/baldumarket.lt\/lt\/wp-json\/wp\/v2\/product\/241692","targetHints":{"allow":["GET"]}}],"collection":[{"href":"https:\/\/baldumarket.lt\/lt\/wp-json\/wp\/v2\/product"}],"about":[{"href":"https:\/\/baldumarket.lt\/lt\/wp-json\/wp\/v2\/types\/product"}],"replies":[{"embeddable":true,"href":"https:\/\/baldumarket.lt\/lt\/wp-json\/wp\/v2\/comments?post=241692"}],"wp:featuredmedia":[{"embeddable":true,"href":"https:\/\/baldumarket.lt\/lt\/wp-json\/wp\/v2\/media\/241693"}],"wp:attachment":[{"href":"https:\/\/baldumarket.lt\/lt\/wp-json\/wp\/v2\/media?parent=241692"}],"wp:term":[{"taxonomy":"product_brand","embeddable":true,"href":"https:\/\/baldumarket.lt\/lt\/wp-json\/wp\/v2\/product_brand?post=241692"},{"taxonomy":"product_cat","embeddable":true,"href":"https:\/\/baldumarket.lt\/lt\/wp-json\/wp\/v2\/product_cat?post=241692"},{"taxonomy":"product_tag","embeddable":true,"href":"https:\/\/baldumarket.lt\/lt\/wp-json\/wp\/v2\/product_tag?post=241692"}],"curies":[{"name":"wp","href":"https:\/\/api.w.org\/{rel}","templated":true}]}}