{"id":241680,"date":"2026-01-02T22:46:50","date_gmt":"2026-01-02T19:46:50","guid":{"rendered":"https:\/\/baldumarket.lt\/product\/adel-white-szafka-pod-blat-40-cm-1-drzwi-z-koszem-na-pranie\/"},"modified":"2026-02-11T18:34:25","modified_gmt":"2026-02-11T15:34:25","slug":"adel-white-szafka-pod-blat-40-cm-1-drzwi-z-koszem-na-pranie","status":"publish","type":"product","link":"https:\/\/baldumarket.lt\/lt\/product\/adel-white-szafka-pod-blat-40-cm-1-drzwi-z-koszem-na-pranie\/","title":{"rendered":"Adel balta stalvir\u0161io spintel\u0117, 40 cm, 1 durys, su skalbini\u0173 krep\u0161iu"},"content":{"rendered":"<p>\u201eAdel White\u201c 40 cm 1 dur\u0173 po stalvir\u0161iu montuojama spintel\u0117 su skalbini\u0173 krep\u0161iu. \u201eAdel White\u201c po stalvir\u0161iu montuojama spintel\u0117 \u2013 tai tobulas elegancijos ir funkcionalumo derinys. Jos grioveliai i\u0161 MDF plok\u0161t\u0117s ir trys stilingos rankenos su skirtinga apdaila suteikia pra\u0161matnumo. 44 litr\u0173 talpos skalbini\u0173 krep\u0161ys padeda palaikyti tvark\u0105. Matmenys: Plotis (cm): 40 Gylis (cm): 46 Auk\u0161tis (cm): 57 Svoris (kg): 13,5 Techniniai duomenys: Priekin\u0117s dalies med\u017eiaga: MDF plok\u0161t\u0117 Korpuso med\u017eiaga: Laminuota plok\u0161t\u0117 Rankenos med\u017eiaga: Plastikas Priekin\u0117s dalies spalva: Matin\u0117 balta Korpuso spalva: Matin\u0117 balta Rankenos spalva: Pakuot\u0117je \u2013 blizgios auksin\u0117s, matin\u0117s juodos, blizgaus chromo spalvos Vyriai: Metaliniai Skalbini\u0173 krep\u0161ys komplekte: Taip Montavimas patalpose: Tvirtinimas prie sienos Tvirtinimo pakuot\u0117je: Taip Surinkimas: Savaranki\u0161kas surinkimas. \u201eAdel White\u201c po stalvir\u0161iu montuojama spintel\u0117 yra unikalus baldas, kuris puikiai tiks prie bet kokio interjero dizaino, derindamas elegancij\u0105 ir prakti\u0161kum\u0105. 40 cm plo\u010dio ji ras savo viet\u0105 net ma\u017euose kambariuose, o klasikin\u0117s proporcijos leid\u017eia jai atrodyti stilingai bet kokiame i\u0161d\u0117styme. Lygiai grioveliai i\u0161 MDF fasad\u0173 suteikia jai unikal\u0173 charakter\u012f, o matin\u0117 balta spalva u\u017etikrina gaivumo ir lengvumo poj\u016bt\u012f interjere. Kalbant apie funkcionalum\u0105, \u201eAdel White\u201c spintel\u0117 su skalbini\u0173 krep\u0161iu pateisina visus l\u016bkes\u010dius. Vieta ne\u0161variems drabu\u017eiams yra ne\u012fkainojama, kai esate u\u017esi\u0117m\u0119 kasdieniais darbais, ypa\u010d kai gaunate 44 litrus papildomos skalbini\u0173 vietos. D\u0117l auk\u0161tos kokyb\u0117s med\u017eiag\u0173, toki\u0173 kaip laminuota plok\u0161t\u0117 ir MDF, galite b\u016bti tikri, kad \u0161is baldas tarnaus ilgai, tod\u0117l tai yra investicija, kuri tikrai atsipirks. Taip pat verta pamin\u0117ti ranken\u0117li\u0173 \u012fvairov\u0119, kurios yra trij\u0173 stiling\u0173 apdailos variant\u0173 \u2013 blizgaus aukso, blizgaus chromo ir matin\u0117s juodos. \u0160ios smulkios detal\u0117s daro didel\u012f skirtum\u0105, suteikia baldui unikal\u0173 charakter\u012f ir leid\u017eia suasmeninti jo i\u0161vaizd\u0105. Spintel\u0119 galite lengvai priderinti prie savo stiliaus, tod\u0117l ji taps ne tik prakti\u0161ku, bet ir esteti\u0161kai patraukliu j\u016bs\u0173 interjero elementu. \u201eAdel White\u201c spintel\u0117s surinkimas yra greitas ir nesud\u0117tingas \u2013 tai savyb\u0117, kuri\u0105 tikrai \u012fvertins tie, kurie nori patys projektuoti savo erdves. D\u0117l kruop\u0161taus meistri\u0161kumo kiekviena dalis puikiai dera tarpusavyje, o tai ne tik supaprastina surinkim\u0105, bet ir u\u017etikrina baldo stabilum\u0105. Rinkdamiesi \u201eComad\u201c gaminius, renkat\u0117s kokyb\u0119 ir lenki\u0161k\u0105 gamyb\u0105, kuri kartu su FSC sertifikatu suteikia jums pasitik\u0117jimo, kad priimate atsaking\u0105 sprendim\u0105 savo namams ir aplinkai.<\/p>","protected":false},"excerpt":{"rendered":"<p>Plotis (cm): 40<br \/>\n\u016agis (cm): 57<br \/>\nGylis (cm): 46<\/p>","protected":false},"featured_media":241681,"comment_status":"open","ping_status":"open","template":"","meta":[],"product_brand":[],"product_cat":[9117,2015,9187],"product_tag":[],"class_list":{"0":"post-241680","1":"product","2":"type-product","3":"status-publish","4":"has-post-thumbnail","6":"product_cat-bathroom","7":"product_cat-comad","8":"product_cat-washbasin-cabinet-comad","10":"first","11":"instock","12":"purchasable","13":"product-type-simple"},"_links":{"self":[{"href":"https:\/\/baldumarket.lt\/lt\/wp-json\/wp\/v2\/product\/241680","targetHints":{"allow":["GET"]}}],"collection":[{"href":"https:\/\/baldumarket.lt\/lt\/wp-json\/wp\/v2\/product"}],"about":[{"href":"https:\/\/baldumarket.lt\/lt\/wp-json\/wp\/v2\/types\/product"}],"replies":[{"embeddable":true,"href":"https:\/\/baldumarket.lt\/lt\/wp-json\/wp\/v2\/comments?post=241680"}],"wp:featuredmedia":[{"embeddable":true,"href":"https:\/\/baldumarket.lt\/lt\/wp-json\/wp\/v2\/media\/241681"}],"wp:attachment":[{"href":"https:\/\/baldumarket.lt\/lt\/wp-json\/wp\/v2\/media?parent=241680"}],"wp:term":[{"taxonomy":"product_brand","embeddable":true,"href":"https:\/\/baldumarket.lt\/lt\/wp-json\/wp\/v2\/product_brand?post=241680"},{"taxonomy":"product_cat","embeddable":true,"href":"https:\/\/baldumarket.lt\/lt\/wp-json\/wp\/v2\/product_cat?post=241680"},{"taxonomy":"product_tag","embeddable":true,"href":"https:\/\/baldumarket.lt\/lt\/wp-json\/wp\/v2\/product_tag?post=241680"}],"curies":[{"name":"wp","href":"https:\/\/api.w.org\/{rel}","templated":true}]}}