{"id":241675,"date":"2026-01-02T22:46:48","date_gmt":"2026-01-02T19:46:48","guid":{"rendered":"https:\/\/baldumarket.lt\/product\/adel-oak-szafka-pod-blat-40-cm-1-drzwi-z-koszem-na-pranie\/"},"modified":"2026-02-11T18:34:25","modified_gmt":"2026-02-11T15:34:25","slug":"adel-oak-szafka-pod-blat-40-cm-1-drzwi-z-koszem-na-pranie","status":"publish","type":"product","link":"https:\/\/baldumarket.lt\/lt\/product\/adel-oak-szafka-pod-blat-40-cm-1-drzwi-z-koszem-na-pranie\/","title":{"rendered":"Adel \u0105\u017euolin\u0117 stalvir\u0161io spintel\u0117, 40 cm, 1 durys, su skalbini\u0173 krep\u0161iu"},"content":{"rendered":"<p>\u201eAdel Oak\u201c 40 cm vien\u0173 dureli\u0173 po stalvir\u0161iu montuojama spintel\u0117 su skalbini\u0173 krep\u0161iu. \u201eAdel Oak\u201c po stalvir\u0161iu montuojama spintel\u0117 \u2013 tai tobulas elegancijos ir funkcionalumo derinys. Su 44 litr\u0173 talpos skalbini\u0173 krep\u0161iu ir grioveliais i\u0161 MDF plok\u0161\u010di\u0173, ji u\u017etikrina tvarking\u0105 vonios kambar\u012f. Komplekte yra trij\u0173 spalv\u0173 rankenos: auksin\u0117s, chromuotos ir juodos. Matmenys: Plotis (cm): 40 Gylis (cm): 46 Auk\u0161tis (cm): 57 Svoris (kg): 13,5 Techniniai duomenys: Priekin\u0117s dalies med\u017eiaga: MDF plok\u0161t\u0117 Korpuso med\u017eiaga: Laminuota plok\u0161t\u0117 Priekin\u0117s dalies spalva: \u201eWotan Oak\u201c Korpuso spalva: \u201eWotan Oak\u201c Rankenos med\u017eiaga: Plastikas Rankenos spalva: Pakuot\u0117je \u2013 blizgi auksin\u0117, matin\u0117 juoda, blizgus chromas Vyriai: Metalas Skalbini\u0173 krep\u0161ys komplekte: Taip Montavimo b\u016bdas: Tvirtinimui prie sienos Tvirtinimo pakuot\u0117je: Taip Surinkimas: Savaranki\u0161kas surinkimas \u201eAdel Oak\u201c po stalvir\u0161iu montuojama spintel\u0117 yra puikus sprendimas tiems, kurie nori sukurti stiling\u0105 ir funkcional\u0173 interjer\u0105. Vos 40 cm plo\u010dio \u0161i spintel\u0117 puikiai tiks bet kokioje erdv\u0117je, pasi\u017eym\u0117dama elegancija ir prakti\u0161kumu. Klasikin\u0117s proporcijos ir grioveliais i\u0161kloti fasadai tikrai patrauks ak\u012f ir papuo\u0161 bet kur\u012f vonios kambar\u012f ar \u016bkin\u0119 patalp\u0105. Vienas i\u0161 pagrindini\u0173 \u0161ios spintel\u0117s bruo\u017e\u0173 \u2013 \u012fmontuotas 44 litr\u0173 talpos skalbini\u0173 krep\u0161ys, kuriame lengva r\u016b\u0161iuoti ir laikyti skalbinius. Tai suteikia papildomos vietos daiktams susid\u0117ti, pa\u0161alinant kasdienio gyvenimo chaos\u0105. \u0160iam baldui pagaminti naudojamos med\u017eiagos, tokios kaip MDF ir laminuota plok\u0161t\u0117, garantuoja patvarum\u0105 ir atsparum\u0105 pa\u017eeidimams, tod\u0117l spintel\u0117 tarnaus ilgus metus. Siekdama u\u017etikrinti, kad estetinis patrauklumas b\u016bt\u0173 akivaizdus kiekviename \u017eingsnyje, \u201eAdel Oak\u201c si\u016blo rankenas trij\u0173 mading\u0173 spalv\u0173: blizgaus aukso, blizgaus chromo ir matin\u0117s juodos. Spintel\u0117s i\u0161vaizd\u0105 galite pritaikyti pagal savo pageidavimus ir kitus interjero dizaino elementus. Tai prakti\u0161kas, bet patrauklus sprendimas, pabr\u0117\u017eiantis j\u016bs\u0173 stili\u0173. \u201eComad\u201c baldai i\u0161siskiria ne tik auk\u0161ta gamybos kokybe, bet ir lengvu surinkimu. Gausite pakuot\u0119 su visais reikalingais komponentais ir instrukcijomis, tod\u0117l savaranki\u0161kas surinkimas taps malonumu, o ne vargu ar varginan\u010dia u\u017eduotimi. Be to, Lenkijoje pagaminta produkcija su FSC sertifikatu garantuoja, kad renkat\u0117s aplinkai nekenksming\u0105 produkt\u0105. \u201eAdel Oak\u201c spintel\u0117 yra daugiau nei baldas \u2013 tai investicija \u012f j\u016bs\u0173 komfort\u0105 ir kasdien\u012f gyvenimo b\u016bd\u0105.<\/p>","protected":false},"excerpt":{"rendered":"<p>Plotis (cm): 40<br \/>\n\u016agis (cm): 57<br \/>\nGylis (cm): 46<\/p>","protected":false},"featured_media":241676,"comment_status":"open","ping_status":"open","template":"","meta":[],"product_brand":[],"product_cat":[9117,2015,9187],"product_tag":[],"class_list":{"0":"post-241675","1":"product","2":"type-product","3":"status-publish","4":"has-post-thumbnail","6":"product_cat-bathroom","7":"product_cat-comad","8":"product_cat-washbasin-cabinet-comad","10":"first","11":"instock","12":"purchasable","13":"product-type-simple"},"_links":{"self":[{"href":"https:\/\/baldumarket.lt\/lt\/wp-json\/wp\/v2\/product\/241675","targetHints":{"allow":["GET"]}}],"collection":[{"href":"https:\/\/baldumarket.lt\/lt\/wp-json\/wp\/v2\/product"}],"about":[{"href":"https:\/\/baldumarket.lt\/lt\/wp-json\/wp\/v2\/types\/product"}],"replies":[{"embeddable":true,"href":"https:\/\/baldumarket.lt\/lt\/wp-json\/wp\/v2\/comments?post=241675"}],"wp:featuredmedia":[{"embeddable":true,"href":"https:\/\/baldumarket.lt\/lt\/wp-json\/wp\/v2\/media\/241676"}],"wp:attachment":[{"href":"https:\/\/baldumarket.lt\/lt\/wp-json\/wp\/v2\/media?parent=241675"}],"wp:term":[{"taxonomy":"product_brand","embeddable":true,"href":"https:\/\/baldumarket.lt\/lt\/wp-json\/wp\/v2\/product_brand?post=241675"},{"taxonomy":"product_cat","embeddable":true,"href":"https:\/\/baldumarket.lt\/lt\/wp-json\/wp\/v2\/product_cat?post=241675"},{"taxonomy":"product_tag","embeddable":true,"href":"https:\/\/baldumarket.lt\/lt\/wp-json\/wp\/v2\/product_tag?post=241675"}],"curies":[{"name":"wp","href":"https:\/\/api.w.org\/{rel}","templated":true}]}}