{"id":241670,"date":"2026-01-02T22:46:46","date_gmt":"2026-01-02T19:46:46","guid":{"rendered":"https:\/\/baldumarket.lt\/product\/adel-cashmere-szafka-pod-blat-40-cm-1-drzwi-z-koszem-na-pranie\/"},"modified":"2026-02-11T18:34:25","modified_gmt":"2026-02-11T15:34:25","slug":"adel-cashmere-szafka-pod-blat-40-cm-1-drzwi-z-koszem-na-pranie","status":"publish","type":"product","link":"https:\/\/baldumarket.lt\/lt\/product\/adel-cashmere-szafka-pod-blat-40-cm-1-drzwi-z-koszem-na-pranie\/","title":{"rendered":"Adel ka\u0161myro spintel\u0117 po stalvir\u0161i\u0173, 40 cm, 1 durel\u0117mis ir skalbini\u0173 krep\u0161iu"},"content":{"rendered":"<p>\u201eAdel Cashmere\u201c 40 cm 1 dur\u0173 po stalvir\u0161iu montuojama spintel\u0117 su skalbini\u0173 krep\u0161iu. Atraskite \u201eAdel Cashmere\u201c spintel\u0117s elegancij\u0105 ir funkcionalum\u0105! Klasikini\u0173 proporcij\u0173 baldas, grioveliais i\u0161rai\u017eyti fasadai ir \u012fvairios auksin\u0117s, chromuotos arba juodos spalvos ranken\u0117l\u0117s. 44 litr\u0173 talpos skalbini\u0173 krep\u0161ys ir patvarios med\u017eiagos garantuoja komfort\u0105. Matmenys: Plotis (cm): 40 Gylis (cm): 46 Auk\u0161tis (cm): 57 Svoris (kg): 13,5 Techniniai duomenys: Priekin\u0117s dalies med\u017eiaga: MDF plok\u0161t\u0117 Korpuso med\u017eiaga: Laminuota plok\u0161t\u0117 Rankenos med\u017eiaga: Plastikas Priekin\u0117s dalies spalva: Matin\u0117 ka\u0161myro plok\u0161t\u0117 Korpuso spalva: Matin\u0117 ka\u0161myro plok\u0161t\u0117 Rankenos spalva: Pakuot\u0117je \u2013 blizgi auksin\u0117, matin\u0117 juoda, blizgus chromas Vyriai: Metalin\u0117 Skalbini\u0173 krep\u0161ys komplekte: Taip Montavimas viduje: Tvirtinimas prie sienos Tvirtinimas \u012e pakuot\u0119 \u012fskai\u010diuota: Taip Surinkimas: Savaranki\u0161kas surinkimas \u201eAdel Cashmere\u201c po stalvir\u0161iu montuojama spintel\u0117 yra puikus sprendimas \u017emon\u0117ms, kurie vertina ne tik estetik\u0105, bet ir funkcionalum\u0105. D\u0117l 40 cm plo\u010dio \u0161i eleganti\u0161ka spintel\u0117 tiks net ma\u017eose erdv\u0117se ir kartu suteiks vietos daiktams. Su 44 litr\u0173 talpos skalbini\u0173 krep\u0161iu, \u0161i spintel\u0117 pad\u0117s lengvai sutvarkyti kasdienius skalbinius. Ka\u0161myro spalv\u0173 gama ir grioveliais dekoruoti fasadai suteikia jai unikal\u0173 charakter\u012f, atspindint\u012f naujausias interjero dizaino tendencijas. Pagaminta i\u0161 auk\u0161tos kokyb\u0117s med\u017eiag\u0173, toki\u0173 kaip MDF ir laminuota plok\u0161t\u0117, \u0161i spintel\u0117 yra patvari ir atspari kasdieniam naudojimui. D\u0117l metalini\u0173 vyri\u0173 ir kruop\u0161taus apdailos galite b\u016bti tikri, kad \u0161is baldas tarnaus ilgai. Pasirinkdami spintel\u0119 i\u0161 \u201eAdel Cashmere\u201c kolekcijos, investuojate \u012f unikal\u0173 bald\u0105, kuris patrauks ak\u012f ir papuo\u0161 bet kurio vonios kambario interjer\u0105. Elegancija ir stilius \u2013 ne vieninteliai \u0161ios spintel\u0117s privalumai. Tur\u0117dami tris ranken\u0117li\u0173 spalvas \u2013 blizgi\u0105 auksin\u0119, matin\u0119 juod\u0105 ir chromuot\u0105 \u2013 galite lengvai j\u0105 priderinti prie savo individuali\u0173 pageidavim\u0173 ir kit\u0173 bald\u0173. Kiekviena detal\u0117 sukurta atsi\u017evelgiant \u012f maksimali\u0105 estetik\u0105, tod\u0117l \u201eAdel Cashmere\u201c spintel\u0117 yra ne tik baldas, bet ir dekoratyvinis elementas, pabr\u0117\u0161iantis unikal\u0173 j\u016bs\u0173 vonios kambario stili\u0173. Lengvas surinkimas yra dar vienas \u0161io gaminio privalumas. Spintel\u0117 pristatoma patogioje pakuot\u0117je, o surinkimui nereikia speciali\u0173 \u012fg\u016bd\u017ei\u0173. Pridedamas surinkimo rinkinys paver\u010dia proces\u0105 paprastu ir maloniu. Nepamir\u0161kite, kad pasirinkdami lenki\u0161k\u0105 \u201eComad Sp. z oo\u201c gamin\u012f, remiate vietin\u0119 rink\u0105 ir gaunate naudos i\u0161 auk\u0161tos kokyb\u0117s bald\u0173, pagamint\u0173 laikantis grie\u017et\u0173 aplinkosaugos standart\u0173, kuriuos garantuoja FSC sertifikatas. \u201eAdel Cashmere\u201c spintel\u0117 suteiks j\u016bs\u0173 erdvei unikalumo ir supaprastins kasdienius darbus!<\/p>","protected":false},"excerpt":{"rendered":"<p>Plotis (cm): 40<br \/>\n\u016agis (cm): 57<br \/>\nGylis (cm): 46<\/p>","protected":false},"featured_media":241671,"comment_status":"open","ping_status":"open","template":"","meta":[],"product_brand":[],"product_cat":[9117,2015,9187],"product_tag":[],"class_list":{"0":"post-241670","1":"product","2":"type-product","3":"status-publish","4":"has-post-thumbnail","6":"product_cat-bathroom","7":"product_cat-comad","8":"product_cat-washbasin-cabinet-comad","10":"first","11":"instock","12":"purchasable","13":"product-type-simple"},"_links":{"self":[{"href":"https:\/\/baldumarket.lt\/lt\/wp-json\/wp\/v2\/product\/241670","targetHints":{"allow":["GET"]}}],"collection":[{"href":"https:\/\/baldumarket.lt\/lt\/wp-json\/wp\/v2\/product"}],"about":[{"href":"https:\/\/baldumarket.lt\/lt\/wp-json\/wp\/v2\/types\/product"}],"replies":[{"embeddable":true,"href":"https:\/\/baldumarket.lt\/lt\/wp-json\/wp\/v2\/comments?post=241670"}],"wp:featuredmedia":[{"embeddable":true,"href":"https:\/\/baldumarket.lt\/lt\/wp-json\/wp\/v2\/media\/241671"}],"wp:attachment":[{"href":"https:\/\/baldumarket.lt\/lt\/wp-json\/wp\/v2\/media?parent=241670"}],"wp:term":[{"taxonomy":"product_brand","embeddable":true,"href":"https:\/\/baldumarket.lt\/lt\/wp-json\/wp\/v2\/product_brand?post=241670"},{"taxonomy":"product_cat","embeddable":true,"href":"https:\/\/baldumarket.lt\/lt\/wp-json\/wp\/v2\/product_cat?post=241670"},{"taxonomy":"product_tag","embeddable":true,"href":"https:\/\/baldumarket.lt\/lt\/wp-json\/wp\/v2\/product_tag?post=241670"}],"curies":[{"name":"wp","href":"https:\/\/api.w.org\/{rel}","templated":true}]}}