{"id":241665,"date":"2026-01-02T22:46:44","date_gmt":"2026-01-02T19:46:44","guid":{"rendered":"https:\/\/baldumarket.lt\/product\/adel-black-szafka-pod-blat-40-cm-1-drzwi-z-koszem-na-pranie\/"},"modified":"2026-02-11T18:34:25","modified_gmt":"2026-02-11T15:34:25","slug":"adel-black-szafka-pod-blat-40-cm-1-drzwi-z-koszem-na-pranie","status":"publish","type":"product","link":"https:\/\/baldumarket.lt\/lt\/product\/adel-black-szafka-pod-blat-40-cm-1-drzwi-z-koszem-na-pranie\/","title":{"rendered":"Adel juoda stalvir\u0161io spintel\u0117, 40 cm, 1 durys, su skalbini\u0173 krep\u0161iu"},"content":{"rendered":"<p>\u201eAdel Black\u201c 40 cm 1 dur\u0173 po stalvir\u0161iu montuojama spintel\u0117 su skalbini\u0173 krep\u0161iu. Eleganti\u0161ka \u201eAdel Black\u201c po stalvir\u0161iu montuojama spintel\u0117 derina funkcionalum\u0105 ir klasikin\u012f stili\u0173. Pagaminta i\u0161 patvarios MDF ir laminuotos plok\u0161t\u0117s, ji turi 44 litr\u0173 talpos skalbini\u0173 krep\u0161\u012f. Trys ranken\u0173 variantai: auksin\u0117, chromuota ir matin\u0117s juodos spalvos. Matmenys: Plotis (cm): 40 Gylis (cm): 46 Auk\u0161tis (cm): 57 Svoris (kg): 13,5 Techniniai duomenys: Priekin\u0117s dalies med\u017eiaga: MDF plok\u0161t\u0117 Korpuso med\u017eiaga: Laminuota plok\u0161t\u0117 Priekin\u0117s dalies spalva: Matin\u0117 juoda Rankenos med\u017eiaga: Plastikas Korpuso spalva: Matin\u0117 juoda Rankenos spalva: Pakuot\u0117je \u2013 blizgi auksin\u0117, matin\u0117 juoda, blizgus chromas Vyriai: Metalinis Skalbini\u0173 krep\u0161ys \u012fskai\u010diuotas: Taip Montavimas patalpose: Pakabinimui ant sienos \u012eskai\u010diuota \u012f pakuot\u0119: Taip Surinkimas: Savaranki\u0161kas surinkimas \u201eAdel Black\u201c po stalvir\u0161iu montuojama spintel\u0117 \u2013 tai puikus elegancijos ir funkcionalumo derinys, kuris neabejotinai praturtins bet kok\u012f interjer\u0105. 40 cm plo\u010dio ir 57 cm auk\u0161\u010dio ji puikiai tiks ma\u017eesn\u0117se erdv\u0117se ir u\u017etikrins pakankamai talpos skalbiniams. Minimalistinis matin\u0117s juodos spalvos dizainas su grioveliais priekyje suteikia unikalaus charakterio, o trij\u0173 spalv\u0173 \u2013 blizgaus aukso, chromo ir matin\u0117s juodos \u2013 ranken\u0173 komplektas leid\u017eia suasmeninti ir pritaikyti prie individuali\u0173 poreiki\u0173. Vienas i\u0161 pagrindini\u0173 \u0161ios spintel\u0117s bruo\u017e\u0173 \u2013 \u012fmontuotas 44 litr\u0173 talpos skalbini\u0173 krep\u0161ys. Tai u\u017etikrina, kad viskas, kas reikalinga kasdienei higienai, visada bus po ranka ir tvarkingai. Nesvarbu, ar spintel\u0117 pastatyta vonios kambaryje, skalbykloje, ar kituose kambariuose, ji pad\u0117s palaikyti tvark\u0105 ir efektyviai valdyti erdv\u0119. Pagaminta i\u0161 patvari\u0173 med\u017eiag\u0173, toki\u0173 kaip MDF ir laminuota plok\u0161t\u0117, \u201eAdel Black\u201c spintel\u0117 garantuoja patvarum\u0105 ir ilgaam\u017ei\u0161kum\u0105. D\u0117mesys detal\u0117ms ir tikslus meistri\u0161kumas daro j\u0105 ne tik prakti\u0161ku, bet ir esteti\u0161kai patraukliu bet kokio kambario elementu. Ma\u0161inomis klijuoti pj\u016bviai u\u017etikrina ne tik patvarum\u0105, bet ir tvarking\u0105 i\u0161vaizd\u0105, kuri ilgai d\u017eiugins vartotojus. Spintel\u0117s surinkimas yra paprastas ir nereikalauja joki\u0173 speciali\u0173 \u017eini\u0173, tod\u0117l tai gali atlikti kiekvienas. Komplekte yra visi reikalingi surinkimo priedai, tod\u0117l visas procesas yra greitas ir be r\u016bpes\u010di\u0173. Atsi\u017evelgdama \u012f \u0161iuolaikini\u0173 vartotoj\u0173 poreikius, \u201eComad\u201c daugiausia d\u0117mesio skiria patikrintiems sprendimams, o j\u0173 baldai gaminami Lenkijoje, laikantis aplinkosaugos standart\u0173. Pasirinkdami \u201eAdel Black\u201c spintel\u0119, investuojate \u012f kokyb\u0119, funkcionalum\u0105 ir stili\u0173 \u2013 tai puikus pagrindas harmoningam interjerui sukurti.<\/p>","protected":false},"excerpt":{"rendered":"<p>Plotis (cm): 40<br \/>\n\u016agis (cm): 57<br \/>\nGylis (cm): 46<\/p>","protected":false},"featured_media":241666,"comment_status":"open","ping_status":"open","template":"","meta":[],"product_brand":[],"product_cat":[9117,2015,9187],"product_tag":[],"class_list":{"0":"post-241665","1":"product","2":"type-product","3":"status-publish","4":"has-post-thumbnail","6":"product_cat-bathroom","7":"product_cat-comad","8":"product_cat-washbasin-cabinet-comad","10":"first","11":"instock","12":"purchasable","13":"product-type-simple"},"_links":{"self":[{"href":"https:\/\/baldumarket.lt\/lt\/wp-json\/wp\/v2\/product\/241665","targetHints":{"allow":["GET"]}}],"collection":[{"href":"https:\/\/baldumarket.lt\/lt\/wp-json\/wp\/v2\/product"}],"about":[{"href":"https:\/\/baldumarket.lt\/lt\/wp-json\/wp\/v2\/types\/product"}],"replies":[{"embeddable":true,"href":"https:\/\/baldumarket.lt\/lt\/wp-json\/wp\/v2\/comments?post=241665"}],"wp:featuredmedia":[{"embeddable":true,"href":"https:\/\/baldumarket.lt\/lt\/wp-json\/wp\/v2\/media\/241666"}],"wp:attachment":[{"href":"https:\/\/baldumarket.lt\/lt\/wp-json\/wp\/v2\/media?parent=241665"}],"wp:term":[{"taxonomy":"product_brand","embeddable":true,"href":"https:\/\/baldumarket.lt\/lt\/wp-json\/wp\/v2\/product_brand?post=241665"},{"taxonomy":"product_cat","embeddable":true,"href":"https:\/\/baldumarket.lt\/lt\/wp-json\/wp\/v2\/product_cat?post=241665"},{"taxonomy":"product_tag","embeddable":true,"href":"https:\/\/baldumarket.lt\/lt\/wp-json\/wp\/v2\/product_tag?post=241665"}],"curies":[{"name":"wp","href":"https:\/\/api.w.org\/{rel}","templated":true}]}}