{"id":241657,"date":"2026-01-02T22:46:42","date_gmt":"2026-01-02T19:46:42","guid":{"rendered":"https:\/\/baldumarket.lt\/product\/2-x-szafka-iconic-white-82-80-d-1s-z-umywalka-2-x-smile-blatem-i-regalem\/"},"modified":"2026-02-11T18:34:25","modified_gmt":"2026-02-11T15:34:25","slug":"2-x-szafka-iconic-white-82-80-d-1s-z-umywalka-2-x-smile-blatem-i-regalem","status":"publish","type":"product","link":"https:\/\/baldumarket.lt\/lt\/product\/2-x-szafka-iconic-white-82-80-d-1s-z-umywalka-2-x-smile-blatem-i-regalem\/","title":{"rendered":"2 x ICONIC WHITE 82-80-D-1S spintel\u0117s su 2 x Smile praustuvais, stalvir\u0161iu ir lentyna"},"content":{"rendered":"","protected":false},"excerpt":{"rendered":"<p>SANTA FE \u0104\u017dUOLAS 81-01-A Pagrindo lentyn\u0117l\u0117 2x Modernus keraminis stalvir\u0161io praustuvas Smile 1 (42 | 42 | 14) SANTA FE \u0104\u017dUOLAS 89-180-A Stalvir\u0161is 180 cm 2x ICONIC WHITE 82-80-D-1S Praustuvo spintel\u0117 (80 | 45 | 46)<\/p>","protected":false},"featured_media":241658,"comment_status":"open","ping_status":"open","template":"","meta":[],"product_brand":[],"product_cat":[9117,2015,9186],"product_tag":[],"class_list":{"0":"post-241657","1":"product","2":"type-product","3":"status-publish","4":"has-post-thumbnail","6":"product_cat-bathroom","7":"product_cat-comad","8":"product_cat-szafka-z-umywalka-comad","10":"first","11":"instock","12":"purchasable","13":"product-type-simple"},"_links":{"self":[{"href":"https:\/\/baldumarket.lt\/lt\/wp-json\/wp\/v2\/product\/241657","targetHints":{"allow":["GET"]}}],"collection":[{"href":"https:\/\/baldumarket.lt\/lt\/wp-json\/wp\/v2\/product"}],"about":[{"href":"https:\/\/baldumarket.lt\/lt\/wp-json\/wp\/v2\/types\/product"}],"replies":[{"embeddable":true,"href":"https:\/\/baldumarket.lt\/lt\/wp-json\/wp\/v2\/comments?post=241657"}],"wp:featuredmedia":[{"embeddable":true,"href":"https:\/\/baldumarket.lt\/lt\/wp-json\/wp\/v2\/media\/241658"}],"wp:attachment":[{"href":"https:\/\/baldumarket.lt\/lt\/wp-json\/wp\/v2\/media?parent=241657"}],"wp:term":[{"taxonomy":"product_brand","embeddable":true,"href":"https:\/\/baldumarket.lt\/lt\/wp-json\/wp\/v2\/product_brand?post=241657"},{"taxonomy":"product_cat","embeddable":true,"href":"https:\/\/baldumarket.lt\/lt\/wp-json\/wp\/v2\/product_cat?post=241657"},{"taxonomy":"product_tag","embeddable":true,"href":"https:\/\/baldumarket.lt\/lt\/wp-json\/wp\/v2\/product_tag?post=241657"}],"curies":[{"name":"wp","href":"https:\/\/api.w.org\/{rel}","templated":true}]}}