{"id":241613,"date":"2025-12-31T19:03:15","date_gmt":"2025-12-31T16:03:15","guid":{"rendered":"https:\/\/baldumarket.lt\/?post_type=product&#038;p=241613"},"modified":"2026-02-03T23:02:43","modified_gmt":"2026-02-03T20:02:43","slug":"wave-2","status":"publish","type":"product","link":"https:\/\/baldumarket.lt\/lt\/product\/wave-2\/","title":{"rendered":"Banga"},"content":{"rendered":"<p>\u201eWave\u201c \u2013 tai patogi ir stilinga 150 x 90 x 90 cm dyd\u017eio sofa, pasi\u017eyminti klasikine forma ir apdaila. \u201eWave\u201c turi erdvi\u0105 s\u0117dyn\u0119, u\u017epildyt\u0105 T25 putomis, tod\u0117l ji atspari \u012flenkimams ir deformacijoms. Kiti i\u0161skirtiniai m\u016bs\u0173 sofos bruo\u017eai \u2013 i\u0161lenktas atlo\u0161as, vieta patalynei ir didel\u0117s pagalv\u0117l\u0117s. J\u0105 galima lengvai ir intuityviai transformuoti \u012f 125 x 200 cm dyd\u017eio lov\u0105. M\u016bs\u0173 poilsio baldai leis Jums pasijusti i\u0161ties ypatingiems savo namuose. \u201eWave\u201c \u2013 tai atsakymas \u012f visus J\u016bs\u0173 klausimus ir l\u016bkes\u010dius. J\u0105 tikrai verta \u012fsigyti!<\/p>","protected":false},"excerpt":{"rendered":"<p>\u201eWave\u201c \u2013 tai patogi ir stilinga 150 x 90 x 90 cm dyd\u017eio sofa, pasi\u017eyminti klasikine forma ir apdaila. \u201eWave\u201c turi erdvi\u0105 s\u0117dyn\u0119, u\u017epildyt\u0105 T25 putomis, tod\u0117l ji atspari \u012flenkimams ir deformacijoms. Kitos i\u0161skirtin\u0117s m\u016bs\u0173 sofos savyb\u0117s: i\u0161lenktas atlo\u0161as, vieta patalynei ir didel\u0117s pagalv\u0117l\u0117s. [\u2026]<\/p>","protected":false},"featured_media":27766,"comment_status":"open","ping_status":"closed","template":"","meta":[],"product_brand":[],"product_cat":[2012,9170,560],"product_tag":[],"class_list":{"0":"post-241613","1":"product","2":"type-product","3":"status-publish","4":"has-post-thumbnail","6":"product_cat-eltap","7":"product_cat-sofy-i-kanapy-eltap","8":"product_cat-sofas-and-couches","10":"first","11":"instock","12":"shipping-taxable","13":"product-type-grouped"},"_links":{"self":[{"href":"https:\/\/baldumarket.lt\/lt\/wp-json\/wp\/v2\/product\/241613","targetHints":{"allow":["GET"]}}],"collection":[{"href":"https:\/\/baldumarket.lt\/lt\/wp-json\/wp\/v2\/product"}],"about":[{"href":"https:\/\/baldumarket.lt\/lt\/wp-json\/wp\/v2\/types\/product"}],"replies":[{"embeddable":true,"href":"https:\/\/baldumarket.lt\/lt\/wp-json\/wp\/v2\/comments?post=241613"}],"wp:featuredmedia":[{"embeddable":true,"href":"https:\/\/baldumarket.lt\/lt\/wp-json\/wp\/v2\/media\/27766"}],"wp:attachment":[{"href":"https:\/\/baldumarket.lt\/lt\/wp-json\/wp\/v2\/media?parent=241613"}],"wp:term":[{"taxonomy":"product_brand","embeddable":true,"href":"https:\/\/baldumarket.lt\/lt\/wp-json\/wp\/v2\/product_brand?post=241613"},{"taxonomy":"product_cat","embeddable":true,"href":"https:\/\/baldumarket.lt\/lt\/wp-json\/wp\/v2\/product_cat?post=241613"},{"taxonomy":"product_tag","embeddable":true,"href":"https:\/\/baldumarket.lt\/lt\/wp-json\/wp\/v2\/product_tag?post=241613"}],"curies":[{"name":"wp","href":"https:\/\/api.w.org\/{rel}","templated":true}]}}