{"id":241606,"date":"2025-12-31T19:02:04","date_gmt":"2025-12-31T16:02:04","guid":{"rendered":"https:\/\/baldumarket.lt\/?post_type=product&#038;p=241606"},"modified":"2026-02-03T23:02:45","modified_gmt":"2026-02-03T20:02:45","slug":"vertizo-2","status":"publish","type":"product","link":"https:\/\/baldumarket.lt\/lt\/product\/vertizo-2\/","title":{"rendered":"Vertizo"},"content":{"rendered":"<p>\u201eVertizo\u201c \u2013 tai moderni, didel\u0117, U formos kampin\u0117 sofa, kuri bus ry\u0161kus bet kurio svetain\u0117s akcentas. Jos paprastos, eleganti\u0161kos linijos puikiai dera tiek moderniame, tiek klasikiniame interjere. Auk\u0161tos metalin\u0117s kojel\u0117s suteikia lieknumo ir lengvumo poj\u016bt\u012f, ta\u010diau nepersistengia su dyd\u017eiu. D\u0117l dviej\u0173 T3040 ir T2542 put\u0173 panaudojimo sofa yra nepaprastai patogi ir jauki. Du pufai u\u017etikrins atpalaiduojant\u012f poils\u012f visai \u0161eimai. Kampin\u0117s sofos matmenys (350 x 170 x 93 cm) u\u017etikrina patog\u0173 poils\u012f ir naudojim\u0105, o miegojimo plotas \u2013 295 x 110 cm. \u201eDelfin\u201c i\u0161lankstymo sistema leid\u017eia greitai ir lengvai i\u0161skleisti kampin\u0119 sof\u0105, vienu rankos judesiu paver\u010diant j\u0105 erdvia lova. Sukurta atsi\u017evelgiant \u012f dabartines tendencijas, \u201eVertizo\u201c kampin\u0117 sofa yra patvari, tvirtos konstrukcijos ir patogi naudoti. Eleganti\u0161kas dygsniavimas visame balde suteikia elegancijos, o juodos kojel\u0117s papildys bet kok\u012f interjer\u0105. \u201eVertizo\u201c kampin\u0119 sof\u0105 galima \u012fsigyti i\u0161 \u012fvairi\u0173 audini\u0173 ir spalv\u0173. Esame \u012fsitikin\u0119, kad \u201eVertizo\u201c patenkins net i\u0161rankiausi\u0105 skon\u012f.<\/p>","protected":false},"excerpt":{"rendered":"<p>\u201eVertizo\u201c \u2013 tai moderni, didel\u0117, U formos kampin\u0117 sofa, kuri bus ry\u0161kus bet kurio svetain\u0117s akcentas. Jos paprastos, eleganti\u0161kos linijos puikiai tinka tiek moderniam, tiek klasikiniam interjerui. Auk\u0161tos metalin\u0117s kojel\u0117s suteikia lieknumo ir lengvumo poj\u016bt\u012f, ta\u010diau neu\u017ego\u017eia sofos dyd\u017eio. D\u0117l dviej\u0173 T3040 ir T2542 put\u0173 panaudojimo ji ne\u012ftik\u0117tinai [\u2026]<\/p>","protected":false},"featured_media":16357,"comment_status":"open","ping_status":"closed","template":"","meta":[],"product_brand":[],"product_cat":[616,1982,2012,9191],"product_tag":[],"class_list":{"0":"post-241606","1":"product","2":"type-product","3":"status-publish","4":"has-post-thumbnail","6":"product_cat-corners","7":"product_cat-corners-u","8":"product_cat-eltap","9":"product_cat-corners-u-eltap","11":"first","12":"instock","13":"shipping-taxable","14":"product-type-grouped"},"_links":{"self":[{"href":"https:\/\/baldumarket.lt\/lt\/wp-json\/wp\/v2\/product\/241606","targetHints":{"allow":["GET"]}}],"collection":[{"href":"https:\/\/baldumarket.lt\/lt\/wp-json\/wp\/v2\/product"}],"about":[{"href":"https:\/\/baldumarket.lt\/lt\/wp-json\/wp\/v2\/types\/product"}],"replies":[{"embeddable":true,"href":"https:\/\/baldumarket.lt\/lt\/wp-json\/wp\/v2\/comments?post=241606"}],"wp:featuredmedia":[{"embeddable":true,"href":"https:\/\/baldumarket.lt\/lt\/wp-json\/wp\/v2\/media\/16357"}],"wp:attachment":[{"href":"https:\/\/baldumarket.lt\/lt\/wp-json\/wp\/v2\/media?parent=241606"}],"wp:term":[{"taxonomy":"product_brand","embeddable":true,"href":"https:\/\/baldumarket.lt\/lt\/wp-json\/wp\/v2\/product_brand?post=241606"},{"taxonomy":"product_cat","embeddable":true,"href":"https:\/\/baldumarket.lt\/lt\/wp-json\/wp\/v2\/product_cat?post=241606"},{"taxonomy":"product_tag","embeddable":true,"href":"https:\/\/baldumarket.lt\/lt\/wp-json\/wp\/v2\/product_tag?post=241606"}],"curies":[{"name":"wp","href":"https:\/\/api.w.org\/{rel}","templated":true}]}}