{"id":241601,"date":"2025-12-31T19:01:36","date_gmt":"2025-12-31T16:01:36","guid":{"rendered":"https:\/\/baldumarket.lt\/?post_type=product&#038;p=241601"},"modified":"2026-02-03T23:02:46","modified_gmt":"2026-02-03T20:02:46","slug":"vento-2","status":"publish","type":"product","link":"https:\/\/baldumarket.lt\/lt\/product\/vento-2\/","title":{"rendered":"Vento"},"content":{"rendered":"<p>\u201eVento\u201c \u2013 tai patogi, stilinga ir erdvi kampin\u0117 sofa, kurios matmenys \u2013 355 x 165 x 80 cm. \u201eVento\u201c kampin\u0117 sofa garantuoja auk\u0161\u010diausio lygio atsipalaidavim\u0105 ir komfort\u0105, vis\u0173 pirma d\u0117l kruop\u0161\u010diai suformuot\u0173 atlo\u0161\u0173 ir s\u0117dyni\u0173, u\u017epildyt\u0173 T30 putomis ir banguotos formos spyruokl\u0117mis, kurios yra atsparios deformacijai. Papildomas U formos kampin\u0117s sofos privalumas \u2013 galimyb\u0117 j\u0105 transformuoti \u012f erdvi\u0105 lov\u0105, kurios matmenys \u2013 305 x 126 cm. Pridedamos dekoratyvin\u0117s pagalv\u0117l\u0117s, kurios, nepriklausomai nuo pasirinktos spalvos, suteiks kampinei sofai dar daugiau charakterio.<\/p>","protected":false},"excerpt":{"rendered":"<p>\u201eVento\u201c \u2013 tai patogi, stilinga ir erdvi kampin\u0117 sofa, kurios matmenys \u2013 355 x 165 x 80 cm. \u201eVento\u201c kampin\u0117 sofa garantuoja auk\u0161\u010diausio lygio atsipalaidavim\u0105 ir komfort\u0105, vis\u0173 pirma d\u0117l kruop\u0161\u010diai suformuot\u0173 atlo\u0161\u0173 ir s\u0117dyni\u0173, u\u017epildyt\u0173 T30 putomis ir banguotos formos spyruokl\u0117mis, kurios yra atsparios deformacijai. Papildomas \u201eVento\u201c privalumas [\u2026]<\/p>","protected":false},"featured_media":27563,"comment_status":"open","ping_status":"closed","template":"","meta":[],"product_brand":[],"product_cat":[616,1982,2012,9191],"product_tag":[],"class_list":{"0":"post-241601","1":"product","2":"type-product","3":"status-publish","4":"has-post-thumbnail","6":"product_cat-corners","7":"product_cat-corners-u","8":"product_cat-eltap","9":"product_cat-corners-u-eltap","11":"first","12":"instock","13":"shipping-taxable","14":"product-type-grouped"},"_links":{"self":[{"href":"https:\/\/baldumarket.lt\/lt\/wp-json\/wp\/v2\/product\/241601","targetHints":{"allow":["GET"]}}],"collection":[{"href":"https:\/\/baldumarket.lt\/lt\/wp-json\/wp\/v2\/product"}],"about":[{"href":"https:\/\/baldumarket.lt\/lt\/wp-json\/wp\/v2\/types\/product"}],"replies":[{"embeddable":true,"href":"https:\/\/baldumarket.lt\/lt\/wp-json\/wp\/v2\/comments?post=241601"}],"wp:featuredmedia":[{"embeddable":true,"href":"https:\/\/baldumarket.lt\/lt\/wp-json\/wp\/v2\/media\/27563"}],"wp:attachment":[{"href":"https:\/\/baldumarket.lt\/lt\/wp-json\/wp\/v2\/media?parent=241601"}],"wp:term":[{"taxonomy":"product_brand","embeddable":true,"href":"https:\/\/baldumarket.lt\/lt\/wp-json\/wp\/v2\/product_brand?post=241601"},{"taxonomy":"product_cat","embeddable":true,"href":"https:\/\/baldumarket.lt\/lt\/wp-json\/wp\/v2\/product_cat?post=241601"},{"taxonomy":"product_tag","embeddable":true,"href":"https:\/\/baldumarket.lt\/lt\/wp-json\/wp\/v2\/product_tag?post=241601"}],"curies":[{"name":"wp","href":"https:\/\/api.w.org\/{rel}","templated":true}]}}