{"id":241597,"date":"2025-12-31T19:01:06","date_gmt":"2025-12-31T16:01:06","guid":{"rendered":"https:\/\/baldumarket.lt\/?post_type=product&#038;p=241597"},"modified":"2026-02-03T23:02:46","modified_gmt":"2026-02-03T20:02:46","slug":"taco-2","status":"publish","type":"product","link":"https:\/\/baldumarket.lt\/lt\/product\/taco-2\/","title":{"rendered":"Tako"},"content":{"rendered":"<p>\u201eBalduMarket\u201c \u201eTaco\u201c \u0161ezlongas puikiai tiks bet kuriame svetain\u0117je, miegamajame ar biure. Jo gra\u017eus apmu\u0161alas puo\u0161tas horizontaliomis si\u016bl\u0117mis, kurios suteikia visam baldui charakterio ir pabr\u0117\u017eia \u0161iuolaiki\u0161k\u0105, minimalistin\u012f dizain\u0105. Papildoma galvos atrama suteikia dar daugiau komforto ilsintis ant \u201eTaco\u201c \u0161ezlongo. \u201eTaco\u201c patogum\u0105 daugiausia lemia labai elasting\u0173 HR put\u0173 u\u017epildas. Be didelio elastingumo ir tinkamos k\u016bno atramos, HR putos taip pat pailgina baldo tarnavimo laik\u0105. \u0160is 85 x 170 x 95 cm \u0161ezlongas pasi\u017eymi eleganti\u0161kai i\u0161lenkta atlo\u0161u. Tai leid\u017eia patogiai atsiremti ir atsipalaiduoti, o bet kokiam interjerui suteikia stulbinant\u012f, prabang\u0173 vaizd\u0105.<\/p>","protected":false},"excerpt":{"rendered":"<p>\u201eBalduMarket\u201c \u201eTaco\u201c \u0161ezlongas puikiai tiks bet kurioje svetain\u0117je, miegamajame ar biure. Jo gra\u017eus apmu\u0161alas papuo\u0161tas horizontaliomis si\u016bl\u0117mis, kurios suteikia visam baldui charakterio ir pabr\u0117\u017eia \u0161iuolaiki\u0161k\u0105, minimalistin\u012f dizain\u0105. Papildoma galvos atrama suteikia dar daugiau komforto ilsintis ant \u201eTaco\u201c \u0161ezlongo. \u201eTaco\u201c [\u2026]<\/p>","protected":false},"featured_media":12610,"comment_status":"open","ping_status":"closed","template":"","meta":[],"product_brand":[],"product_cat":[863,2012,9177],"product_tag":[],"class_list":{"0":"post-241597","1":"product","2":"type-product","3":"status-publish","4":"has-post-thumbnail","6":"product_cat-chaise-longues-and-loungers","7":"product_cat-eltap","8":"product_cat-shelving-units-eltap","10":"first","11":"instock","12":"shipping-taxable","13":"product-type-grouped"},"_links":{"self":[{"href":"https:\/\/baldumarket.lt\/lt\/wp-json\/wp\/v2\/product\/241597","targetHints":{"allow":["GET"]}}],"collection":[{"href":"https:\/\/baldumarket.lt\/lt\/wp-json\/wp\/v2\/product"}],"about":[{"href":"https:\/\/baldumarket.lt\/lt\/wp-json\/wp\/v2\/types\/product"}],"replies":[{"embeddable":true,"href":"https:\/\/baldumarket.lt\/lt\/wp-json\/wp\/v2\/comments?post=241597"}],"wp:featuredmedia":[{"embeddable":true,"href":"https:\/\/baldumarket.lt\/lt\/wp-json\/wp\/v2\/media\/12610"}],"wp:attachment":[{"href":"https:\/\/baldumarket.lt\/lt\/wp-json\/wp\/v2\/media?parent=241597"}],"wp:term":[{"taxonomy":"product_brand","embeddable":true,"href":"https:\/\/baldumarket.lt\/lt\/wp-json\/wp\/v2\/product_brand?post=241597"},{"taxonomy":"product_cat","embeddable":true,"href":"https:\/\/baldumarket.lt\/lt\/wp-json\/wp\/v2\/product_cat?post=241597"},{"taxonomy":"product_tag","embeddable":true,"href":"https:\/\/baldumarket.lt\/lt\/wp-json\/wp\/v2\/product_tag?post=241597"}],"curies":[{"name":"wp","href":"https:\/\/api.w.org\/{rel}","templated":true}]}}