{"id":241589,"date":"2025-12-31T18:59:53","date_gmt":"2025-12-31T15:59:53","guid":{"rendered":"https:\/\/baldumarket.lt\/?post_type=product&#038;p=241589"},"modified":"2026-02-03T23:02:48","modified_gmt":"2026-02-03T20:02:48","slug":"silva-1f-2","status":"publish","type":"product","link":"https:\/\/baldumarket.lt\/lt\/product\/silva-1f-2\/","title":{"rendered":"Silva 1F"},"content":{"rendered":"<p>Klasikin\u0117s formos \u201eSilva\u201c fotelis sukurtas taip, kad papildyt\u0173 tiek modernius, tiek tradicinius namus. Eleganti\u0161kas siluetas ir itin mink\u0161tas pavir\u0161ius spinduliuoja rafinuotum\u0105. S\u0117dyn\u0117 u\u017epildyta HR putomis ir vingiuotomis spyruokl\u0117mis. Patogus atlo\u0161as ir porankiai paver\u010dia 93 x 95 x 82 cm dyd\u017eio \u201eSilva\u201c fotel\u012f maloniu poilsiu. Juodos plienin\u0117s kojel\u0117s suteikia klasikiniam foteliui modernumo ir \u012fdomaus dizaino. Kad j\u016bs\u0173 svetain\u0117 atrodyt\u0173 puikiai, fotel\u012f galima derinti su kitais \u201eSilva\u201c aksesuarais \u2013 taip pat galima \u012fsigyti deran\u010di\u0105 sof\u0105 ir puf\u0105.<\/p>","protected":false},"excerpt":{"rendered":"<p>Klasikin\u0117s formos \u201eSilva\u201c fotelis sukurtas taip, kad papildyt\u0173 tiek modernius, tiek tradicinius namus. Eleganti\u0161kas siluetas ir itin mink\u0161tas pavir\u0161ius spinduliuoja rafinuotum\u0105. S\u0117dyn\u0117 u\u017epildyta HR putomis ir vingiuotomis spyruokl\u0117mis. Patogus atlo\u0161as ir porankiai leid\u017eia atsipalaiduoti 93 x 95 x 82 cm dyd\u017eio \u201eSilva\u201c fotelyje. Apdaila juoda [\u2026]<\/p>","protected":false},"featured_media":27792,"comment_status":"open","ping_status":"closed","template":"","meta":[],"product_brand":[],"product_cat":[634,2012,9163],"product_tag":[],"class_list":{"0":"post-241589","1":"product","2":"type-product","3":"status-publish","4":"has-post-thumbnail","6":"product_cat-armchairs","7":"product_cat-eltap","8":"product_cat-fotele-eltap","10":"first","11":"instock","12":"shipping-taxable","13":"product-type-grouped"},"_links":{"self":[{"href":"https:\/\/baldumarket.lt\/lt\/wp-json\/wp\/v2\/product\/241589","targetHints":{"allow":["GET"]}}],"collection":[{"href":"https:\/\/baldumarket.lt\/lt\/wp-json\/wp\/v2\/product"}],"about":[{"href":"https:\/\/baldumarket.lt\/lt\/wp-json\/wp\/v2\/types\/product"}],"replies":[{"embeddable":true,"href":"https:\/\/baldumarket.lt\/lt\/wp-json\/wp\/v2\/comments?post=241589"}],"wp:featuredmedia":[{"embeddable":true,"href":"https:\/\/baldumarket.lt\/lt\/wp-json\/wp\/v2\/media\/27792"}],"wp:attachment":[{"href":"https:\/\/baldumarket.lt\/lt\/wp-json\/wp\/v2\/media?parent=241589"}],"wp:term":[{"taxonomy":"product_brand","embeddable":true,"href":"https:\/\/baldumarket.lt\/lt\/wp-json\/wp\/v2\/product_brand?post=241589"},{"taxonomy":"product_cat","embeddable":true,"href":"https:\/\/baldumarket.lt\/lt\/wp-json\/wp\/v2\/product_cat?post=241589"},{"taxonomy":"product_tag","embeddable":true,"href":"https:\/\/baldumarket.lt\/lt\/wp-json\/wp\/v2\/product_tag?post=241589"}],"curies":[{"name":"wp","href":"https:\/\/api.w.org\/{rel}","templated":true}]}}