{"id":241580,"date":"2025-12-31T18:58:23","date_gmt":"2025-12-31T15:58:23","guid":{"rendered":"https:\/\/baldumarket.lt\/?post_type=product&#038;p=241580"},"modified":"2026-02-03T23:02:49","modified_gmt":"2026-02-03T20:02:49","slug":"safiro-180x200-2","status":"publish","type":"product","link":"https:\/\/baldumarket.lt\/lt\/product\/safiro-180x200-2\/","title":{"rendered":"Safiro 180\u00d7200"},"content":{"rendered":"<p>\u201eSafiro\u201c spyruoklin\u0117 lova apr\u016bpinta auk\u0161tos kokyb\u0117s \u010diu\u017einiu, kuris yra ne tik labai patogus, bet ir prakti\u0161kas. Taip yra d\u0117l nuimamo u\u017evalkalo su u\u017etrauktuku ir \u010diu\u017einio apver\u010diamumo. \u010ciu\u017einys sudarytas i\u0161 latekso, T25 put\u0173, kokoso pluo\u0161to ir viskoelastini\u0173 put\u0173 sluoksni\u0173. Viduje taip pat yra ki\u0161enin\u0117 spyruokl\u0117. Ry\u0161kus \u201eSafiro\u201c lovos bruo\u017eas \u2013 dizaineri\u0173 sukurtos juodos metalin\u0117s kojel\u0117s. Be dekoratyvin\u0117s funkcijos, jos taip pat u\u017etikrina lovos stabilum\u0105 ir leid\u017eia po ja \u012fstumti robotinius dulki\u0173 siurblius. Kitas dekoratyvinis elementas \u2013 galvos atrama ir si\u016bl\u0117s, padalijan\u010dios atlo\u0161\u0105 \u012f keturis ma\u017eesnius sta\u010diakampius. Be to, \u201eSafiro\u201c spyruoklin\u0117 lova si\u016blo tris miegojimo pavir\u0161iaus dyd\u017eius: 140 \u00d7 200 cm, 160 \u00d7 200 cm ir 180 \u00d7 200 cm.<\/p>","protected":false},"excerpt":{"rendered":"<p>\u201eSafiro\u201c spyruoklin\u0117 lova apr\u016bpinta auk\u0161tos kokyb\u0117s \u010diu\u017einiu, kuris yra ne tik labai patogus, bet ir prakti\u0161kas. Taip yra d\u0117l nuimamo u\u017evalkalo su u\u017etrauktuku ir \u010diu\u017einio dvipusio pavidalo. \u010ciu\u017einys sudarytas i\u0161 latekso, T25 put\u0173, kokoso pluo\u0161to ir viskoelastini\u0173 put\u0173 sluoksni\u0173. Viduje taip pat yra ki\u0161enin\u0117 spyruokl\u0117. Ry\u0161kus \u201eSafiro\u201c [\u2026] bruo\u017eas.<\/p>","protected":false},"featured_media":24851,"comment_status":"open","ping_status":"closed","template":"","meta":[],"product_brand":[],"product_cat":[505,1972,2012,9173],"product_tag":[],"class_list":{"0":"post-241580","1":"product","2":"type-product","3":"status-publish","4":"has-post-thumbnail","6":"product_cat-bedroom-beds","7":"product_cat-beds-180x200","8":"product_cat-eltap","9":"product_cat-lozka-eltap","11":"first","12":"instock","13":"shipping-taxable","14":"product-type-grouped"},"_links":{"self":[{"href":"https:\/\/baldumarket.lt\/lt\/wp-json\/wp\/v2\/product\/241580","targetHints":{"allow":["GET"]}}],"collection":[{"href":"https:\/\/baldumarket.lt\/lt\/wp-json\/wp\/v2\/product"}],"about":[{"href":"https:\/\/baldumarket.lt\/lt\/wp-json\/wp\/v2\/types\/product"}],"replies":[{"embeddable":true,"href":"https:\/\/baldumarket.lt\/lt\/wp-json\/wp\/v2\/comments?post=241580"}],"wp:featuredmedia":[{"embeddable":true,"href":"https:\/\/baldumarket.lt\/lt\/wp-json\/wp\/v2\/media\/24851"}],"wp:attachment":[{"href":"https:\/\/baldumarket.lt\/lt\/wp-json\/wp\/v2\/media?parent=241580"}],"wp:term":[{"taxonomy":"product_brand","embeddable":true,"href":"https:\/\/baldumarket.lt\/lt\/wp-json\/wp\/v2\/product_brand?post=241580"},{"taxonomy":"product_cat","embeddable":true,"href":"https:\/\/baldumarket.lt\/lt\/wp-json\/wp\/v2\/product_cat?post=241580"},{"taxonomy":"product_tag","embeddable":true,"href":"https:\/\/baldumarket.lt\/lt\/wp-json\/wp\/v2\/product_tag?post=241580"}],"curies":[{"name":"wp","href":"https:\/\/api.w.org\/{rel}","templated":true}]}}