{"id":241575,"date":"2025-12-31T18:57:51","date_gmt":"2025-12-31T15:57:51","guid":{"rendered":"https:\/\/baldumarket.lt\/?post_type=product&#038;p=241575"},"modified":"2026-02-03T23:02:51","modified_gmt":"2026-02-03T20:02:51","slug":"rosano-200x200-stelaz-met-pod-gaz-kontener-2","status":"publish","type":"product","link":"https:\/\/baldumarket.lt\/lt\/product\/rosano-200x200-stelaz-met-pod-gaz-kontener-2\/","title":{"rendered":"Rosano 200\u00d7200 + Metalinis\/dujos\/konteinerio r\u0117mas"},"content":{"rendered":"<p>Trumpai apib\u016bdindami m\u016bs\u0173 \u201eRosano\u201c lov\u0105, galime pasakyti, kad ji yra labai patogi, funkcionali, klasikinio stiliaus, ta\u010diau unikaliai pagaminta. \u0160is erdvus baldas su miegamuoju pavir\u0161iumi \u2013 keturi\u0173 dyd\u017ei\u0173: 140\/160\/180\/200 x 200 cm \u2013 puikiai tinka tiek miegui, tiek ir paprastam poilsiui dienos metu. Si\u016blome tiek medinius, tiek metalinius r\u0117mus. Pastarieji turi dujin\u012f keltuv\u0105, tod\u0117l lovos pak\u0117limas yra labai paprastas. Lovos dizainas puikiai dera prie bet kokio miegamojo stiliaus. \u201eRosano\u201c \u2013 tai grynas komfortas ir klas\u0117. Verta tur\u0117ti lov\u0105, kuri pateisins visus j\u016bs\u0173 l\u016bkes\u010dius.<\/p>","protected":false},"excerpt":{"rendered":"<p>Trumpai apib\u016bdindami m\u016bs\u0173 \u201eRosano\u201c lov\u0105, galime pasakyti, kad ji yra labai patogi, funkcionali, klasikinio stiliaus, ta\u010diau kartu ir unikaliai pagaminta. \u0160is erdvus baldas su miegam\u0105ja dalimi \u2013 keturi\u0173 dyd\u017ei\u0173: 140\/160\/180\/200 x 200 cm \u2013 yra puiki vieta tiek miegui, tiek paprastam poilsiui dienos metu. Mes si\u016blome [\u2026]<\/p>","protected":false},"featured_media":24506,"comment_status":"open","ping_status":"closed","template":"","meta":[],"product_brand":[],"product_cat":[505,1972,2012,9173],"product_tag":[],"class_list":{"0":"post-241575","1":"product","2":"type-product","3":"status-publish","4":"has-post-thumbnail","6":"product_cat-bedroom-beds","7":"product_cat-beds-180x200","8":"product_cat-eltap","9":"product_cat-lozka-eltap","11":"first","12":"instock","13":"shipping-taxable","14":"product-type-grouped"},"_links":{"self":[{"href":"https:\/\/baldumarket.lt\/lt\/wp-json\/wp\/v2\/product\/241575","targetHints":{"allow":["GET"]}}],"collection":[{"href":"https:\/\/baldumarket.lt\/lt\/wp-json\/wp\/v2\/product"}],"about":[{"href":"https:\/\/baldumarket.lt\/lt\/wp-json\/wp\/v2\/types\/product"}],"replies":[{"embeddable":true,"href":"https:\/\/baldumarket.lt\/lt\/wp-json\/wp\/v2\/comments?post=241575"}],"wp:featuredmedia":[{"embeddable":true,"href":"https:\/\/baldumarket.lt\/lt\/wp-json\/wp\/v2\/media\/24506"}],"wp:attachment":[{"href":"https:\/\/baldumarket.lt\/lt\/wp-json\/wp\/v2\/media?parent=241575"}],"wp:term":[{"taxonomy":"product_brand","embeddable":true,"href":"https:\/\/baldumarket.lt\/lt\/wp-json\/wp\/v2\/product_brand?post=241575"},{"taxonomy":"product_cat","embeddable":true,"href":"https:\/\/baldumarket.lt\/lt\/wp-json\/wp\/v2\/product_cat?post=241575"},{"taxonomy":"product_tag","embeddable":true,"href":"https:\/\/baldumarket.lt\/lt\/wp-json\/wp\/v2\/product_tag?post=241575"}],"curies":[{"name":"wp","href":"https:\/\/api.w.org\/{rel}","templated":true}]}}