{"id":241564,"date":"2025-12-31T18:56:00","date_gmt":"2025-12-31T15:56:00","guid":{"rendered":"https:\/\/baldumarket.lt\/?post_type=product&#038;p=241564"},"modified":"2026-02-03T23:02:53","modified_gmt":"2026-02-03T20:02:53","slug":"rocco-90x200-2","status":"publish","type":"product","link":"https:\/\/baldumarket.lt\/lt\/product\/rocco-90x200-2\/","title":{"rendered":"Rocco 90\u00d7200"},"content":{"rendered":"<p>\u201eRocco\u201c \u2013 kukli, ta\u010diau eleganti\u0161ka viengul\u0117 lova su spyruokl\u0117mis, \u017einoma d\u0117l savo funkcionalumo ir maksimalaus komforto. Miegamajame lovoje yra 90 x 200 cm plotas, o \u010diu\u017einys \u2013 20 cm auk\u0161\u010dio \u201eBonnell\u201c spyruoklinis \u010diu\u017einys, sutvirtintas dviem papildomais T25 put\u0173 sluoksniais vir\u0161uje ir apa\u010dioje. Taip pat i\u0161siskiria 4 cm storio T21 put\u0173 vir\u0161utinis sluoksnis. I\u0161skirtiniai \u0161io modelio bruo\u017eai \u2013 erdvus patalyn\u0117s skyrius, padalintas \u012f tris dalis, auk\u0161tas galv\u016bgalis, eleganti\u0161kos metalin\u0117s kojel\u0117s ir platus apmu\u0161al\u0173 spalv\u0173 pasirinkimas.<\/p>","protected":false},"excerpt":{"rendered":"<p>\u201eRocco\u201c \u2013 kukli, ta\u010diau eleganti\u0161ka viengul\u0117 lova su spyruokl\u0117mis, \u017einoma d\u0117l savo funkcionalumo ir maksimalaus komforto. Miegamojo plotas yra 90 x 200 cm, o \u010diu\u017einys \u2013 20 cm auk\u0161\u010dio \u201eBonnell\u201c spyruoklinis \u010diu\u017einys, sutvirtintas dviem papildomais T25 put\u0173 sluoksniais vir\u0161uje ir apa\u010dioje. 4 cm storio [\u2026]<\/p>","protected":false},"featured_media":24288,"comment_status":"open","ping_status":"closed","template":"","meta":[],"product_brand":[],"product_cat":[505,1972,2012,9173],"product_tag":[],"class_list":{"0":"post-241564","1":"product","2":"type-product","3":"status-publish","4":"has-post-thumbnail","6":"product_cat-bedroom-beds","7":"product_cat-beds-180x200","8":"product_cat-eltap","9":"product_cat-lozka-eltap","11":"first","12":"instock","13":"shipping-taxable","14":"product-type-grouped"},"_links":{"self":[{"href":"https:\/\/baldumarket.lt\/lt\/wp-json\/wp\/v2\/product\/241564","targetHints":{"allow":["GET"]}}],"collection":[{"href":"https:\/\/baldumarket.lt\/lt\/wp-json\/wp\/v2\/product"}],"about":[{"href":"https:\/\/baldumarket.lt\/lt\/wp-json\/wp\/v2\/types\/product"}],"replies":[{"embeddable":true,"href":"https:\/\/baldumarket.lt\/lt\/wp-json\/wp\/v2\/comments?post=241564"}],"wp:featuredmedia":[{"embeddable":true,"href":"https:\/\/baldumarket.lt\/lt\/wp-json\/wp\/v2\/media\/24288"}],"wp:attachment":[{"href":"https:\/\/baldumarket.lt\/lt\/wp-json\/wp\/v2\/media?parent=241564"}],"wp:term":[{"taxonomy":"product_brand","embeddable":true,"href":"https:\/\/baldumarket.lt\/lt\/wp-json\/wp\/v2\/product_brand?post=241564"},{"taxonomy":"product_cat","embeddable":true,"href":"https:\/\/baldumarket.lt\/lt\/wp-json\/wp\/v2\/product_cat?post=241564"},{"taxonomy":"product_tag","embeddable":true,"href":"https:\/\/baldumarket.lt\/lt\/wp-json\/wp\/v2\/product_tag?post=241564"}],"curies":[{"name":"wp","href":"https:\/\/api.w.org\/{rel}","templated":true}]}}