{"id":241562,"date":"2025-12-31T18:55:58","date_gmt":"2025-12-31T15:55:58","guid":{"rendered":"https:\/\/baldumarket.lt\/?post_type=product&#038;p=241562"},"modified":"2026-03-29T12:55:44","modified_gmt":"2026-03-29T09:55:44","slug":"rico-2","status":"publish","type":"product","link":"https:\/\/baldumarket.lt\/lt\/product\/rico-2\/","title":{"rendered":"Rikas"},"content":{"rendered":"<p>\u201eRico\u201c \u2013 tai daugiafunkcin\u0117, unikali kampin\u0117 sofa, kurios matmenys \u2013 250 x 160 x 85 cm, pagaminta moderniu ir prakti\u0161ku stiliumi. D\u0117l delfino funkcijos \u201eRico\u201c taip pat tinka poilsiui per nakt\u012f. Didelis miegojimo pavir\u0161ius yra 210 x 125 cm, u\u017etikrinantis ilg\u0105 ir visavert\u012f poils\u012f. Papildoma \u0161io modelio savyb\u0117 \u2013 erdvi patalyn\u0117s d\u0117\u017e\u0117, esanti pufe. Maksimal\u0173 komfort\u0105 garantuoja T30 putplastis ir vingiuotos spyruokl\u0117s, naudojamos s\u0117dyn\u0117je. \u0160is u\u017epildo tipas garantuoja, kad n\u0117ra deformacijos ar negra\u017ei\u0173 \u012fdubim\u0173, tuo pa\u010diu u\u017etikrinant komfort\u0105 ir saugi\u0105 k\u016bno pad\u0117t\u012f poilsio metu. Renkantis kampin\u0119 sof\u0105 \u201eRico\u201c, verta atsi\u017evelgti \u012f jos unikal\u0173 dizain\u0105, nes jame derinamas paprastumas ir inovacijos. Be to, ji pasi\u017eymi paprasta, aptakia forma, klasikiniu i\u0161d\u0117stymu ir patvaria, tvirta konstrukcija. Ne\u012fprasto stiliaus \u012fsp\u016bd\u012f sustiprina medin\u0117 lentyna ir \u012fmontuotas u\u017etiesalas sofos \u0161one. \u201eRico\u201c idealiai tinka netradicini\u0173 sprendim\u0173 m\u0117g\u0117jams. \u0160is pasirinkimas tikrai bus s\u0117kmingas.<\/p>","protected":false},"excerpt":{"rendered":"<p>\u201eRico\u201c \u2013 tai daugiafunkcin\u0117, unikali kampin\u0117 sofa, kurios matmenys \u2013 250 x 160 x 85 cm, pagaminta moderniu ir prakti\u0161ku stiliumi. D\u0117l delfino funkcijos \u201eRico\u201c taip pat tinka poilsiui per nakt\u012f. Didelis miegojimo pavir\u0161ius yra 210 x 125 cm, u\u017etikrinantis ilg\u0105 ir visavert\u012f atsipalaidavim\u0105. Papildoma \u0161io modelio savyb\u0117 \u2013 erdvus [\u2026]<\/p>","protected":false},"featured_media":23990,"comment_status":"open","ping_status":"closed","template":"","meta":[],"product_brand":[],"product_cat":[616,1983,2012,9166],"product_tag":[],"class_list":{"0":"post-241562","1":"product","2":"type-product","3":"status-publish","4":"has-post-thumbnail","6":"product_cat-corners","7":"product_cat-corners-l","8":"product_cat-eltap","9":"product_cat-narozniki-eltap","11":"first","12":"instock","13":"shipping-taxable","14":"product-type-grouped"},"_links":{"self":[{"href":"https:\/\/baldumarket.lt\/lt\/wp-json\/wp\/v2\/product\/241562","targetHints":{"allow":["GET"]}}],"collection":[{"href":"https:\/\/baldumarket.lt\/lt\/wp-json\/wp\/v2\/product"}],"about":[{"href":"https:\/\/baldumarket.lt\/lt\/wp-json\/wp\/v2\/types\/product"}],"replies":[{"embeddable":true,"href":"https:\/\/baldumarket.lt\/lt\/wp-json\/wp\/v2\/comments?post=241562"}],"wp:featuredmedia":[{"embeddable":true,"href":"https:\/\/baldumarket.lt\/lt\/wp-json\/wp\/v2\/media\/23990"}],"wp:attachment":[{"href":"https:\/\/baldumarket.lt\/lt\/wp-json\/wp\/v2\/media?parent=241562"}],"wp:term":[{"taxonomy":"product_brand","embeddable":true,"href":"https:\/\/baldumarket.lt\/lt\/wp-json\/wp\/v2\/product_brand?post=241562"},{"taxonomy":"product_cat","embeddable":true,"href":"https:\/\/baldumarket.lt\/lt\/wp-json\/wp\/v2\/product_cat?post=241562"},{"taxonomy":"product_tag","embeddable":true,"href":"https:\/\/baldumarket.lt\/lt\/wp-json\/wp\/v2\/product_tag?post=241562"}],"curies":[{"name":"wp","href":"https:\/\/api.w.org\/{rel}","templated":true}]}}