{"id":241556,"date":"2025-12-31T18:55:03","date_gmt":"2025-12-31T15:55:03","guid":{"rendered":"https:\/\/baldumarket.lt\/?post_type=product&#038;p=241556"},"modified":"2026-02-03T23:02:54","modified_gmt":"2026-02-03T20:02:54","slug":"quadratta-60x15-2","status":"publish","type":"product","link":"https:\/\/baldumarket.lt\/lt\/product\/quadratta-60x15-2\/","title":{"rendered":"Keturkamp\u0117 60\u00d715"},"content":{"rendered":"<p>\u201eQuadratta\u201c 60 \u00d7 15 cm sienin\u0117 plok\u0161t\u0117 yra patvari d\u0117l MDF plok\u0161t\u0117s naudojimo. \u0160is komponentas pasi\u017eymi dideliu atsparumu mechaniniams pa\u017eeidimams ir lengvumu, d\u0117l kurio ji neapsunkina sienos. Tod\u0117l nenuostabu, kad m\u016bs\u0173 gaminys gali atlaikyti prakti\u0161kai bet koki\u0105 nam\u0173 situacij\u0105! Ant pagrindo u\u017ed\u0117tas 3 cm storio T21 putplas\u010dio sluoksnis. \u0160is apdirbimas suteikia plok\u0161tei malon\u0173 mink\u0161tum\u0105 ir lankstum\u0105. J\u0105 galite lengvai naudoti kaip patog\u0173 lovos galv\u016bgal\u012f, kuris gra\u017eiai papildys j\u016bs\u0173 lov\u0105 ir sukurs malon\u0173 jausm\u0105 atsiremdamas \u012f anks\u010diau nemaloni\u0105 sien\u0105. \u201eQuadratta\u201c apmu\u0161tos plok\u0161t\u0117s yra aptrauktos moderniu, zom\u0161os stiliaus audiniu. Med\u017eiaga i\u0161siskiria ne tik malonia tekst\u016bra, bet ir dideliu patvarumu bei atsparumu dilimui, trin\u010diai ir pumpuravimuisi. Be to, ji pagaminta naudojant hidrofobin\u0119 technologij\u0105, o tai rei\u0161kia, kad ji nesugeria skys\u010di\u0173, tod\u0117l lengviau palaikyti viso baldo higieni\u0161k\u0105 \u0161var\u0105. Apmu\u0161t\u0173 plok\u0161\u010di\u0173 montavimas yra greitas ir paprastas, nereikalaujant specialios \u012frangos. Plok\u0161t\u0117 sukurs gra\u017e\u0173 derin\u012f su kitais \u201eQuadratta\u201c kolekcijos baldais. Kiekvien\u0105 plok\u0161t\u0119 galima \u012fsigyti kaip komplekt\u0105 arba atskirai.<\/p>","protected":false},"excerpt":{"rendered":"<p>\u201eQuadratta\u201c 60 \u00d7 15 cm sienos plok\u0161t\u0117 yra patvari d\u0117l MDF plok\u0161t\u0117s naudojimo. \u0160is komponentas yra \u017einomas d\u0117l didelio atsparumo mechaniniams pa\u017eeidimams ir nedidelio lengvumo, d\u0117l kurio jis neapsunkina sienos. Tod\u0117l nenuostabu, kad m\u016bs\u0173 gaminys gali atlaikyti prakti\u0161kai bet koki\u0105 nam\u0173 situacij\u0105! 3 cm storio sluoksnis [\u2026]<\/p>","protected":false},"featured_media":22810,"comment_status":"open","ping_status":"closed","template":"","meta":[],"product_brand":[],"product_cat":[2012,1137],"product_tag":[],"class_list":{"0":"post-241556","1":"product","2":"type-product","3":"status-publish","4":"has-post-thumbnail","6":"product_cat-eltap","7":"product_cat-upholstered-panels","9":"first","10":"instock","11":"shipping-taxable","12":"product-type-grouped"},"_links":{"self":[{"href":"https:\/\/baldumarket.lt\/lt\/wp-json\/wp\/v2\/product\/241556","targetHints":{"allow":["GET"]}}],"collection":[{"href":"https:\/\/baldumarket.lt\/lt\/wp-json\/wp\/v2\/product"}],"about":[{"href":"https:\/\/baldumarket.lt\/lt\/wp-json\/wp\/v2\/types\/product"}],"replies":[{"embeddable":true,"href":"https:\/\/baldumarket.lt\/lt\/wp-json\/wp\/v2\/comments?post=241556"}],"wp:featuredmedia":[{"embeddable":true,"href":"https:\/\/baldumarket.lt\/lt\/wp-json\/wp\/v2\/media\/22810"}],"wp:attachment":[{"href":"https:\/\/baldumarket.lt\/lt\/wp-json\/wp\/v2\/media?parent=241556"}],"wp:term":[{"taxonomy":"product_brand","embeddable":true,"href":"https:\/\/baldumarket.lt\/lt\/wp-json\/wp\/v2\/product_brand?post=241556"},{"taxonomy":"product_cat","embeddable":true,"href":"https:\/\/baldumarket.lt\/lt\/wp-json\/wp\/v2\/product_cat?post=241556"},{"taxonomy":"product_tag","embeddable":true,"href":"https:\/\/baldumarket.lt\/lt\/wp-json\/wp\/v2\/product_tag?post=241556"}],"curies":[{"name":"wp","href":"https:\/\/api.w.org\/{rel}","templated":true}]}}