{"id":241549,"date":"2025-12-31T18:54:05","date_gmt":"2025-12-31T15:54:05","guid":{"rendered":"https:\/\/baldumarket.lt\/?post_type=product&#038;p=241549"},"modified":"2026-02-03T23:02:55","modified_gmt":"2026-02-03T20:02:55","slug":"quadratta-300x60-2","status":"publish","type":"product","link":"https:\/\/baldumarket.lt\/lt\/product\/quadratta-300x60-2\/","title":{"rendered":"Kvadratas 300\u00d760"},"content":{"rendered":"<p>\u201eQuadratta 300\u00d760\u201c komplekt\u0105 sudaro 15 60\u00d720 cm dyd\u017eio paneli\u0173. \u201eQuadratta 60\u00d720 cm\u201c apmu\u0161tos panel\u0117s sudarytos i\u0161 dviej\u0173 dali\u0173. J\u0173 pagrindas \u2013 patvari ir ilgaam\u017e\u0117 MDF plok\u0161t\u0117, kuri padengta trij\u0173 centimetr\u0173 storio T21 put\u0173 sluoksniu. \u0160is derinys daro konstrukcij\u0105 ne tik atspari\u0105 mechaniniams pa\u017eeidimams, bet ir itin maloni\u0105 naudoti. J\u0105 galite dr\u0105siai naudoti kaip atlo\u0161\u0105. Be to, \u201eQuadratta\u201c panel\u0117s yra lengvos, tod\u0117l neapsunkina sienos ir nedeformuoja jos. \u201eQuadratta\u201c kolekcijoje esantys ra\u0161tai ir spalvos u\u017etikrina, kad kiekvienas ras sau ka\u017ek\u0105 tinkamo. Neutralios spalvos puikiai dera su industriniu stiliumi, leisdamos sukurti rami\u0105 ir mading\u0105 kompozicij\u0105. \u201eQuadratta\u201c sienin\u0117 panel\u0117 aptraukta dilimui ir trin\u010diai atspariu audiniu. Jos nepriekai\u0161tinga i\u0161vaizda primena zom\u0161\u0105 ir yra patobulinta specialia hidrofobine danga. Tai rei\u0161kia, kad med\u017eiaga nesugeria dr\u0117gm\u0117s, tod\u0117l galite lengvai palaikyti vis\u0105 bald\u0105 \u0161var\u0173. Apmu\u0161t\u0173 paneli\u0173 montavimas yra greitas ir paprastas, nereikia specializuotos \u012frangos. \u0160i panel\u0117 puikiai dera su kitais \u201eQuadratta\u201c kolekcijos baldais. Kiekvien\u0105 panel\u0119 galima \u012fsigyti kaip komplekt\u0105 arba atskirai.<\/p>","protected":false},"excerpt":{"rendered":"<p>\u201eQuadratta 300\u00d760\u201c komplekt\u0105 sudaro 15 60\u00d720 cm dyd\u017eio paneli\u0173. \u201eQuadratta 60\u00d720 cm\u201c apmu\u0161tos panel\u0117s susideda i\u0161 dviej\u0173 dali\u0173. J\u0173 pagrindas yra patvari ir ilgaam\u017e\u0117 MDF plok\u0161t\u0117, kuri padengta trij\u0173 centimetr\u0173 storio T21 putplas\u010dio sluoksniu. \u0160is derinys daro konstrukcij\u0105 ne tik atspari\u0105 mechaniniams pa\u017eeidimams, bet ir i\u0161skirtinai [\u2026]<\/p>","protected":false},"featured_media":25215,"comment_status":"open","ping_status":"closed","template":"","meta":[],"product_brand":[],"product_cat":[2012,1137],"product_tag":[],"class_list":{"0":"post-241549","1":"product","2":"type-product","3":"status-publish","4":"has-post-thumbnail","6":"product_cat-eltap","7":"product_cat-upholstered-panels","9":"first","10":"instock","11":"shipping-taxable","12":"product-type-grouped"},"_links":{"self":[{"href":"https:\/\/baldumarket.lt\/lt\/wp-json\/wp\/v2\/product\/241549","targetHints":{"allow":["GET"]}}],"collection":[{"href":"https:\/\/baldumarket.lt\/lt\/wp-json\/wp\/v2\/product"}],"about":[{"href":"https:\/\/baldumarket.lt\/lt\/wp-json\/wp\/v2\/types\/product"}],"replies":[{"embeddable":true,"href":"https:\/\/baldumarket.lt\/lt\/wp-json\/wp\/v2\/comments?post=241549"}],"wp:featuredmedia":[{"embeddable":true,"href":"https:\/\/baldumarket.lt\/lt\/wp-json\/wp\/v2\/media\/25215"}],"wp:attachment":[{"href":"https:\/\/baldumarket.lt\/lt\/wp-json\/wp\/v2\/media?parent=241549"}],"wp:term":[{"taxonomy":"product_brand","embeddable":true,"href":"https:\/\/baldumarket.lt\/lt\/wp-json\/wp\/v2\/product_brand?post=241549"},{"taxonomy":"product_cat","embeddable":true,"href":"https:\/\/baldumarket.lt\/lt\/wp-json\/wp\/v2\/product_cat?post=241549"},{"taxonomy":"product_tag","embeddable":true,"href":"https:\/\/baldumarket.lt\/lt\/wp-json\/wp\/v2\/product_tag?post=241549"}],"curies":[{"name":"wp","href":"https:\/\/api.w.org\/{rel}","templated":true}]}}