{"id":241545,"date":"2025-12-31T18:53:35","date_gmt":"2025-12-31T15:53:35","guid":{"rendered":"https:\/\/baldumarket.lt\/?post_type=product&#038;p=241545"},"modified":"2026-02-03T23:02:56","modified_gmt":"2026-02-03T20:02:56","slug":"quadratta-200x160-2","status":"publish","type":"product","link":"https:\/\/baldumarket.lt\/lt\/product\/quadratta-200x160-2\/","title":{"rendered":"Kvadratas 200\u00d7160"},"content":{"rendered":"<p>\u201eQuadratta 200\u00d7160\u201c komplekt\u0105 sudaro 12 40\u00d740 cm dyd\u017eio paneli\u0173. \u201eQuadratta 40\u00d740 cm\u201c apmu\u0161ta sienin\u0117 panel\u0117 yra \u012fdomus sprendimas, kuris tiks bet kuriame kambaryje. Taip yra d\u0117l unikalios konstrukcijos \u2013 jos pagrindas yra patvari ir deformacijai atspari MDF plok\u0161t\u0117. Ant jos u\u017eteptas storas, trij\u0173 centimetr\u0173 storio T21 put\u0173 sluoksnis. \u0160is mink\u0161tas ir lankstus komponentas daro gaminio pavir\u0161i\u0173 itin malon\u0173 liesti. Tai u\u017etikrina, kad ji ilgai i\u0161laikys gra\u017ei\u0105 i\u0161vaizd\u0105 ir suteiks maloni\u0105 patirt\u012f b\u016bnant namuose. \u201eQuadratta\u201c sienin\u0119 panel\u0119 papildo modernus, zom\u0161os \u012fkv\u0117ptas audinys. Jos stora, mink\u0161ta tekst\u016bra yra labai atspari trin\u010diai ir pumpuravimuisi. Be to, naudojama med\u017eiaga yra klasifikuojama kaip atspari vandeniui (hidrofobin\u0117). Tai rei\u0161kia, kad jos pavir\u0161ius nesugeria skys\u010di\u0173 \u2013 jie nus\u0117da ant jo ma\u017e\u0173 la\u0161eli\u0173 pavidalu. Apmu\u0161t\u0173 paneli\u0173 montavimas yra itin paprastas, nereikalaujant specializuotos \u012frangos. \u0160ios panel\u0117s puikiai dera su kitais \u201eQuadratta\u201c kolekcijos gaminiais. Kiekvien\u0105 panel\u0119 galima \u012fsigyti kaip komplekt\u0105 arba atskirai.<\/p>","protected":false},"excerpt":{"rendered":"<p>\u201eQuadratta 200\u00d7160\u201c komplekt\u0105 sudaro 12 40\u00d740 cm dyd\u017eio paneli\u0173. \u201eQuadratta 40\u00d740 cm\u201c apmu\u0161ta sienin\u0117 panel\u0117 yra \u012fdomus sprendimas, kuris tiks bet kuriame kambaryje. Taip yra d\u0117l unikalios konstrukcijos \u2013 jos pagrindas yra patvari ir deformacijai atspari MDF plok\u0161t\u0117. Storas, trij\u0173 centimetr\u0173 storio T21 putplas\u010dio sluoksnis u\u017etepamas ant [\u2026]<\/p>","protected":false},"featured_media":25242,"comment_status":"open","ping_status":"closed","template":"","meta":[],"product_brand":[],"product_cat":[2012,1137],"product_tag":[],"class_list":{"0":"post-241545","1":"product","2":"type-product","3":"status-publish","4":"has-post-thumbnail","6":"product_cat-eltap","7":"product_cat-upholstered-panels","9":"first","10":"instock","11":"shipping-taxable","12":"product-type-grouped"},"_links":{"self":[{"href":"https:\/\/baldumarket.lt\/lt\/wp-json\/wp\/v2\/product\/241545","targetHints":{"allow":["GET"]}}],"collection":[{"href":"https:\/\/baldumarket.lt\/lt\/wp-json\/wp\/v2\/product"}],"about":[{"href":"https:\/\/baldumarket.lt\/lt\/wp-json\/wp\/v2\/types\/product"}],"replies":[{"embeddable":true,"href":"https:\/\/baldumarket.lt\/lt\/wp-json\/wp\/v2\/comments?post=241545"}],"wp:featuredmedia":[{"embeddable":true,"href":"https:\/\/baldumarket.lt\/lt\/wp-json\/wp\/v2\/media\/25242"}],"wp:attachment":[{"href":"https:\/\/baldumarket.lt\/lt\/wp-json\/wp\/v2\/media?parent=241545"}],"wp:term":[{"taxonomy":"product_brand","embeddable":true,"href":"https:\/\/baldumarket.lt\/lt\/wp-json\/wp\/v2\/product_brand?post=241545"},{"taxonomy":"product_cat","embeddable":true,"href":"https:\/\/baldumarket.lt\/lt\/wp-json\/wp\/v2\/product_cat?post=241545"},{"taxonomy":"product_tag","embeddable":true,"href":"https:\/\/baldumarket.lt\/lt\/wp-json\/wp\/v2\/product_tag?post=241545"}],"curies":[{"name":"wp","href":"https:\/\/api.w.org\/{rel}","templated":true}]}}