{"id":241528,"date":"2025-12-31T18:52:00","date_gmt":"2025-12-31T15:52:00","guid":{"rendered":"https:\/\/baldumarket.lt\/?post_type=product&#038;p=241528"},"modified":"2026-04-11T01:37:38","modified_gmt":"2026-04-10T22:37:38","slug":"parys-gr-2","status":"publish","type":"product","link":"https:\/\/baldumarket.lt\/lt\/product\/parys-gr-2\/","title":{"rendered":"Parys GR"},"content":{"rendered":"<p>\u201eParys\u201c \u2013 tai ma\u017eesn\u0117 miegamojo lova, kuri stebina savo i\u0161skirtiniu patogumu. Tai vientisas klasikinio stiliaus baldas, kurio miegamojo plotas yra 80 \u00d7 190 cm. Ta\u010diau santykin\u012f paprastum\u0105 atsveria kruop\u0161tus d\u0117mesys detal\u0117ms, tokioms kaip subtilios si\u016bl\u0117s ant galvos atramos. \u201eParys\u201c lovoje yra \u201eBonnell\u201c spyruoklinis u\u017epildas, kur\u012f papildo papildomas T25 put\u0173 sluoksnis. \u0160is med\u017eiag\u0173 derinys u\u017etikrina tinkam\u0105 mink\u0161tum\u0105, elastingum\u0105 ir stabilum\u0105, i\u0161laikant tinkam\u0105 stuburo pad\u0117t\u012f. \u0160is modelis idealiai tinka kaip lova vaiko kambariui, nes tai ideali vieta kasdieniam poilsiui, poilsiui, giliam miegui ar tiesiog nusn\u016bsti. Papildomas m\u016bs\u0173 lovos privalumas, be abejo, yra patalyn\u0117s laikymo d\u0117\u017e\u0117je esanti dalis. Pats valdymas yra labai paprastas, lengvas ir nesud\u0117tingas d\u0117l patogaus vir\u0161utin\u0117s konstrukcijos atidarymo mechanizmo. Jei jums svarbi kokybi\u0161ka gamyba ir maksimalus komfortas, verta apsvarstyti \u201eParys\u201c lov\u0105. Tokia lova tikrai bus s\u0117kminga ir u\u017etikrins ilg\u0105, sveik\u0105 ir patog\u0173 mieg\u0105.<\/p>","protected":false},"excerpt":{"rendered":"<p>\u201eParys\u201c \u2013 tai ma\u017eesn\u0117 miegamojo lova, kuri stebina savo i\u0161skirtiniu patogumu. Tai vientisas klasikinio stiliaus baldas, kurio miegamosios dalies matmenys \u2013 80 \u00d7 190 cm. Ta\u010diau santykin\u012f paprastum\u0105 atsveria kruop\u0161tus d\u0117mesys detal\u0117ms, pavyzd\u017eiui, subtilios si\u016bl\u0117s ant galvos atramos. \u201eParys\u201c lovoje yra \u201eBonnell\u201c spyruoklinis u\u017epildas, kur\u012f palaiko [\u2026]<\/p>","protected":false},"featured_media":10266,"comment_status":"open","ping_status":"closed","template":"","meta":[],"product_brand":[],"product_cat":[505,1972,2012,9173],"product_tag":[],"class_list":{"0":"post-241528","1":"product","2":"type-product","3":"status-publish","4":"has-post-thumbnail","6":"product_cat-bedroom-beds","7":"product_cat-beds-180x200","8":"product_cat-eltap","9":"product_cat-lozka-eltap","11":"first","12":"instock","13":"shipping-taxable","14":"product-type-grouped"},"_links":{"self":[{"href":"https:\/\/baldumarket.lt\/lt\/wp-json\/wp\/v2\/product\/241528","targetHints":{"allow":["GET"]}}],"collection":[{"href":"https:\/\/baldumarket.lt\/lt\/wp-json\/wp\/v2\/product"}],"about":[{"href":"https:\/\/baldumarket.lt\/lt\/wp-json\/wp\/v2\/types\/product"}],"replies":[{"embeddable":true,"href":"https:\/\/baldumarket.lt\/lt\/wp-json\/wp\/v2\/comments?post=241528"}],"wp:featuredmedia":[{"embeddable":true,"href":"https:\/\/baldumarket.lt\/lt\/wp-json\/wp\/v2\/media\/10266"}],"wp:attachment":[{"href":"https:\/\/baldumarket.lt\/lt\/wp-json\/wp\/v2\/media?parent=241528"}],"wp:term":[{"taxonomy":"product_brand","embeddable":true,"href":"https:\/\/baldumarket.lt\/lt\/wp-json\/wp\/v2\/product_brand?post=241528"},{"taxonomy":"product_cat","embeddable":true,"href":"https:\/\/baldumarket.lt\/lt\/wp-json\/wp\/v2\/product_cat?post=241528"},{"taxonomy":"product_tag","embeddable":true,"href":"https:\/\/baldumarket.lt\/lt\/wp-json\/wp\/v2\/product_tag?post=241528"}],"curies":[{"name":"wp","href":"https:\/\/api.w.org\/{rel}","templated":true}]}}