{"id":241519,"date":"2025-12-31T18:50:22","date_gmt":"2025-12-31T15:50:22","guid":{"rendered":"https:\/\/baldumarket.lt\/?post_type=product&#038;p=241519"},"modified":"2026-03-29T12:55:22","modified_gmt":"2026-03-29T09:55:22","slug":"negro-2","status":"publish","type":"product","link":"https:\/\/baldumarket.lt\/lt\/product\/negro-2\/","title":{"rendered":"Negro"},"content":{"rendered":"<p>\u201eNegro\u201c \u2013 tai patogus, paprastas baldas, pasi\u017eymintis klasikiniu kampin\u0117s sofos i\u0161d\u0117stymu ir forma, ta\u010diau i\u0161siskiriantis stilinga apdaila, medin\u0117mis kojel\u0117mis ir dosniomis pagalv\u0117l\u0117mis. 245 x 160 x 90 cm dyd\u017eio sofa yra u\u017epildyta vingiuotomis spyruokl\u0117mis ir T30 putplas\u010diu, u\u017etikrinan\u010diu maksimal\u0173 komfort\u0105 vartotojui kiekvien\u0105 dien\u0105. DL funkcija leid\u017eia sof\u0105 i\u0161skleisti \u012f 205 x 145 cm dyd\u017eio lov\u0105. Ji taip pat turi erdv\u0173 daiktad\u0117\u017e\u0119. Papildomos \u0161io modelio savyb\u0117s: prailginta pufas, dekoruotas stiklu lentyna, taip pat papildoma vieta nieku\u010diams ir m\u0117gstamoms knygoms. \u201eNegro\u201c yra patogus ir prakti\u0161kas. Tai tikrai bus geriausias pasirinkimas ie\u0161kantiems unikali\u0173 sprendim\u0173.<\/p>","protected":false},"excerpt":{"rendered":"<p>\u201eNegro\u201c \u2013 tai patogus, paprastas baldas, pasi\u017eymintis klasikiniu kampin\u0117s sofos i\u0161d\u0117stymu ir forma, ta\u010diau i\u0161siskiriantis stilinga apdaila, medin\u0117mis kojel\u0117mis ir dosniomis pagalv\u0117l\u0117mis. 245 x 160 x 90 cm dyd\u017eio sofa yra u\u017epildyta vingiuotomis spyruokl\u0117mis ir T30 putplas\u010diu, u\u017etikrinan\u010diu maksimal\u0173 komfort\u0105 vartotojui kiekvien\u0105 dien\u0105. [\u2026]<\/p>","protected":false},"featured_media":22344,"comment_status":"open","ping_status":"closed","template":"","meta":[],"product_brand":[],"product_cat":[616,1983,2012,9166],"product_tag":[],"class_list":{"0":"post-241519","1":"product","2":"type-product","3":"status-publish","4":"has-post-thumbnail","6":"product_cat-corners","7":"product_cat-corners-l","8":"product_cat-eltap","9":"product_cat-narozniki-eltap","11":"first","12":"instock","13":"shipping-taxable","14":"product-type-grouped"},"_links":{"self":[{"href":"https:\/\/baldumarket.lt\/lt\/wp-json\/wp\/v2\/product\/241519","targetHints":{"allow":["GET"]}}],"collection":[{"href":"https:\/\/baldumarket.lt\/lt\/wp-json\/wp\/v2\/product"}],"about":[{"href":"https:\/\/baldumarket.lt\/lt\/wp-json\/wp\/v2\/types\/product"}],"replies":[{"embeddable":true,"href":"https:\/\/baldumarket.lt\/lt\/wp-json\/wp\/v2\/comments?post=241519"}],"wp:featuredmedia":[{"embeddable":true,"href":"https:\/\/baldumarket.lt\/lt\/wp-json\/wp\/v2\/media\/22344"}],"wp:attachment":[{"href":"https:\/\/baldumarket.lt\/lt\/wp-json\/wp\/v2\/media?parent=241519"}],"wp:term":[{"taxonomy":"product_brand","embeddable":true,"href":"https:\/\/baldumarket.lt\/lt\/wp-json\/wp\/v2\/product_brand?post=241519"},{"taxonomy":"product_cat","embeddable":true,"href":"https:\/\/baldumarket.lt\/lt\/wp-json\/wp\/v2\/product_cat?post=241519"},{"taxonomy":"product_tag","embeddable":true,"href":"https:\/\/baldumarket.lt\/lt\/wp-json\/wp\/v2\/product_tag?post=241519"}],"curies":[{"name":"wp","href":"https:\/\/api.w.org\/{rel}","templated":true}]}}