{"id":241518,"date":"2025-12-31T18:50:20","date_gmt":"2025-12-31T15:50:20","guid":{"rendered":"https:\/\/baldumarket.lt\/?post_type=product&#038;p=241518"},"modified":"2026-02-03T23:03:00","modified_gmt":"2026-02-03T20:03:00","slug":"naroznik-torrense-puf-2","status":"publish","type":"product","link":"https:\/\/baldumarket.lt\/lt\/product\/naroznik-torrense-puf-2\/","title":{"rendered":"\u201eTorrense\u201c kampin\u0117 sofa + pufai"},"content":{"rendered":"<p>\u201eTorrense\u201c komplekt\u0105 sudaro kampin\u0117 sofa ir pufas \u2013 tobulas derinys. Kampin\u0117 sofa turi reguliuojamas galvos atramas ir stumdom\u0105 atlo\u0161\u0105, kurie suteikia daugiau komforto. \u201eTorrense\u201c taip pat turi pla\u010dius porankius, ilg\u0105, patog\u0173 puf\u0105 ir s\u0117dyn\u0119, pagamint\u0105 i\u0161 novatori\u0161ko, lanks\u010dio HR putplas\u010dio, papildyt\u0105 eleganti\u0161kais dygsniais. Juodos metalin\u0117s kojos suteikia konstrukcijai, kurios matmenys \u2013 265 x 175 x 98 cm, stabilumo ir stiliaus. \u201eTorrense\u201c pufas puikiai tinka kaip s\u0117dima vieta, pakojis ar kavos staliukas. Tai klasikinis, sta\u010diakampis, stilingas baldas su auk\u0161tomis, plonomis kojomis, kurio matmenys \u2013 137 x 70 x 45 cm. Baldus galima \u012fsigyti \u012fvairi\u0173 spalv\u0173 i\u0161 \u201eBalduMarket\u201c audini\u0173 kolekcijos. Puf\u0105 ir kampin\u0119 sof\u0105 taip pat galima \u012fsigyti atskirai.<\/p>","protected":false},"excerpt":{"rendered":"<p>\u201eTorrense\u201c komplekt\u0105 sudaro kampin\u0117 sofa ir pufas \u2013 tobulas derinys. Kampin\u0117 sofa turi reguliuojamus galvos atlo\u0161us ir stumdom\u0105 atlo\u0161\u0105, u\u017etikrinant\u012f didesn\u012f komfort\u0105. \u201eTorrense\u201c taip pat turi pla\u010dius porankius, ilg\u0105, patog\u0173 puf\u0105 ir s\u0117dyn\u0119, pagamint\u0105 i\u0161 novatori\u0161ko, lanks\u010dio HR putplas\u010dio, papuo\u0161to eleganti\u0161kais dygsniais. Juodos metalin\u0117s kojel\u0117s suteikia [\u2026]<\/p>","protected":false},"featured_media":27297,"comment_status":"open","ping_status":"closed","template":"","meta":[],"product_brand":[],"product_cat":[2012,9172,660],"product_tag":[],"class_list":{"0":"post-241518","1":"product","2":"type-product","3":"status-publish","4":"has-post-thumbnail","6":"product_cat-eltap","7":"product_cat-zestawy-mebli-eltap","8":"product_cat-lounge-sets","10":"first","11":"instock","12":"shipping-taxable","13":"product-type-grouped"},"_links":{"self":[{"href":"https:\/\/baldumarket.lt\/lt\/wp-json\/wp\/v2\/product\/241518","targetHints":{"allow":["GET"]}}],"collection":[{"href":"https:\/\/baldumarket.lt\/lt\/wp-json\/wp\/v2\/product"}],"about":[{"href":"https:\/\/baldumarket.lt\/lt\/wp-json\/wp\/v2\/types\/product"}],"replies":[{"embeddable":true,"href":"https:\/\/baldumarket.lt\/lt\/wp-json\/wp\/v2\/comments?post=241518"}],"wp:featuredmedia":[{"embeddable":true,"href":"https:\/\/baldumarket.lt\/lt\/wp-json\/wp\/v2\/media\/27297"}],"wp:attachment":[{"href":"https:\/\/baldumarket.lt\/lt\/wp-json\/wp\/v2\/media?parent=241518"}],"wp:term":[{"taxonomy":"product_brand","embeddable":true,"href":"https:\/\/baldumarket.lt\/lt\/wp-json\/wp\/v2\/product_brand?post=241518"},{"taxonomy":"product_cat","embeddable":true,"href":"https:\/\/baldumarket.lt\/lt\/wp-json\/wp\/v2\/product_cat?post=241518"},{"taxonomy":"product_tag","embeddable":true,"href":"https:\/\/baldumarket.lt\/lt\/wp-json\/wp\/v2\/product_tag?post=241518"}],"curies":[{"name":"wp","href":"https:\/\/api.w.org\/{rel}","templated":true}]}}