{"id":241501,"date":"2025-12-31T18:46:55","date_gmt":"2025-12-31T15:46:55","guid":{"rendered":"https:\/\/baldumarket.lt\/?post_type=product&#038;p=241501"},"modified":"2026-02-03T23:03:05","modified_gmt":"2026-02-03T20:03:05","slug":"meron-160x200-2","status":"publish","type":"product","link":"https:\/\/baldumarket.lt\/lt\/product\/meron-160x200-2\/","title":{"rendered":"Meron 160X200"},"content":{"rendered":"<p>\u201eMeron\u201c \u2013 tai skoninga, eleganti\u0161ka, i\u0161skirtinai mink\u0161ta ir patogi spyruoklin\u0117 lova, pasi\u017eyminti moderniu klasikiniu stiliumi, si\u016bloma trij\u0173 dyd\u017ei\u0173: 140\/160\/180 x 200 cm. I\u0161skirtin\u012f komfort\u0105 dar labiau sustiprina auk\u0161ta 53 centimetr\u0173 s\u0117dyn\u0117 ir lovos u\u017epildas. \u010ciu\u017einys \u201eBonnell\u201c spyruokl\u0117mis ir T25 putos suteikia naudotojui maksimal\u0173 komfort\u0105 ir puikiai stabilizuoja k\u016bno pad\u0117t\u012f poilsio metu. \u0160is sprendimas garantuoja patog\u0173 poils\u012f kiekvienam, juk sveikas miegas yra geras miegas! Be didelio patogumo, verta atkreipti d\u0117mes\u012f ir \u012f atskir\u0173 \u201eMeron\u201c modelio element\u0173 apdail\u0105. Auk\u0161tas galv\u016bgalis, prisi\u016btas netaisykling\u0173 sta\u010diakampi\u0173 forma, suteikia mink\u0161t\u0105, patogi\u0105 ir ne\u012fkainojam\u0105 atram\u0105 bei \u012fdomi\u0105 miegamojo dekoracij\u0105. D\u0117l dviej\u0173 erdvi\u0173 patalyn\u0117s skyri\u0173 m\u016bs\u0173 spyruoklin\u0117 lova yra ne tik funkcionalus baldas, bet ir savoti\u0161ka ramyb\u0117s oaz\u0117, tod\u0117l naudotis tokia lova yra tikras malonumas. Verta tur\u0117ti toki\u0105 lov\u0105 kaip \u201eMeron\u201c savo namuose \u2013 pasitenkinimas garantuotas.<\/p>","protected":false},"excerpt":{"rendered":"<p>\u201eMeron\u201c \u2013 tai skoninga, eleganti\u0161ka, i\u0161skirtinai mink\u0161ta ir patogi spyruoklin\u0117 lova, pasi\u017eyminti moderniu klasikiniu stiliumi. Ji si\u016bloma trij\u0173 dyd\u017ei\u0173: 140\/160\/180 x 200 cm. I\u0161skirtin\u012f komfort\u0105 sustiprina auk\u0161ta, 53 centimetr\u0173 auk\u0161\u010dio s\u0117dyn\u0117 ir lovos u\u017epildas. \u010ciu\u017einys \u201eBonnell\u201c spyruokl\u0117mis ir T25 putos suteikia vartotojui maksimal\u0173 komfort\u0105 ir puikiai stabilizuoja [\u2026]<\/p>","protected":false},"featured_media":21260,"comment_status":"open","ping_status":"closed","template":"","meta":[],"product_brand":[],"product_cat":[505,1972,2012,9173],"product_tag":[],"class_list":{"0":"post-241501","1":"product","2":"type-product","3":"status-publish","4":"has-post-thumbnail","6":"product_cat-bedroom-beds","7":"product_cat-beds-180x200","8":"product_cat-eltap","9":"product_cat-lozka-eltap","11":"first","12":"instock","13":"shipping-taxable","14":"product-type-grouped"},"_links":{"self":[{"href":"https:\/\/baldumarket.lt\/lt\/wp-json\/wp\/v2\/product\/241501","targetHints":{"allow":["GET"]}}],"collection":[{"href":"https:\/\/baldumarket.lt\/lt\/wp-json\/wp\/v2\/product"}],"about":[{"href":"https:\/\/baldumarket.lt\/lt\/wp-json\/wp\/v2\/types\/product"}],"replies":[{"embeddable":true,"href":"https:\/\/baldumarket.lt\/lt\/wp-json\/wp\/v2\/comments?post=241501"}],"wp:featuredmedia":[{"embeddable":true,"href":"https:\/\/baldumarket.lt\/lt\/wp-json\/wp\/v2\/media\/21260"}],"wp:attachment":[{"href":"https:\/\/baldumarket.lt\/lt\/wp-json\/wp\/v2\/media?parent=241501"}],"wp:term":[{"taxonomy":"product_brand","embeddable":true,"href":"https:\/\/baldumarket.lt\/lt\/wp-json\/wp\/v2\/product_brand?post=241501"},{"taxonomy":"product_cat","embeddable":true,"href":"https:\/\/baldumarket.lt\/lt\/wp-json\/wp\/v2\/product_cat?post=241501"},{"taxonomy":"product_tag","embeddable":true,"href":"https:\/\/baldumarket.lt\/lt\/wp-json\/wp\/v2\/product_tag?post=241501"}],"curies":[{"name":"wp","href":"https:\/\/api.w.org\/{rel}","templated":true}]}}