{"id":241497,"date":"2025-12-31T18:46:49","date_gmt":"2025-12-31T15:46:49","guid":{"rendered":"https:\/\/baldumarket.lt\/?post_type=product&#038;p=241497"},"modified":"2026-02-03T23:03:06","modified_gmt":"2026-02-03T20:03:06","slug":"megis-2","status":"publish","type":"product","link":"https:\/\/baldumarket.lt\/lt\/product\/megis-2\/","title":{"rendered":"Megis"},"content":{"rendered":"<p>\u201eMegis\u201c \u2013 erdvi, stilinga 250 x 95 x 90 cm dyd\u017eio sofa, skirta minimalizmo m\u0117g\u0117jams. Ji puikiai tinka poilsiui dien\u0105 ar nakt\u012f, nes DL mechanizmo pagalba j\u0105 galima i\u0161lankstyti ir paversti 200 x 145 cm dyd\u017eio lova. Taip pat verta pamin\u0117ti erdv\u0173 patalyn\u0117s skyri\u0173 d\u0117\u017e\u0117je. D\u0117l HR put\u0173 ir B tipo vingiuot\u0173 spyruokli\u0173 naudojimo \u201eMegis\u201c sofa nedeformuojasi, tod\u0117l tai idealus sprendimas svetainei ilgus metus. Papildomos \u0161io modelio savyb\u0117s: dosnios pagalv\u0117l\u0117s, auk\u0161tos (13 cm) kojel\u0117s, i\u0161lenktas atlo\u0161as, patog\u016bs porankiai, mink\u0161ta s\u0117dyn\u0117 ir platus spalv\u0173 pasirinkimas. \u201eMegis\u201c \u2013 tai minimalistinis baldas, atitinkantis did\u017eiausius l\u016bkes\u010dius, tod\u0117l j\u012f b\u016btina \u012fsigyti!<\/p>","protected":false},"excerpt":{"rendered":"<p>\u201eMegis\u201c \u2013 tai erdvi, stilinga 250 x 95 x 90 cm dyd\u017eio sofa, skirta minimalizmo m\u0117g\u0117jams. Ji puikiai tinka poilsiui dien\u0105 ar nakt\u012f, nes DL mechanizmo pagalba j\u0105 galima i\u0161lankstyti ir paversti 200 x 145 cm dyd\u017eio lova. Erdvus patalyn\u0117s skyrius d\u0117\u017e\u0117je taip pat vertas d\u0117mesio [\u2026]<\/p>","protected":false},"featured_media":21181,"comment_status":"open","ping_status":"closed","template":"","meta":[],"product_brand":[],"product_cat":[2012,9170,560],"product_tag":[],"class_list":{"0":"post-241497","1":"product","2":"type-product","3":"status-publish","4":"has-post-thumbnail","6":"product_cat-eltap","7":"product_cat-sofy-i-kanapy-eltap","8":"product_cat-sofas-and-couches","10":"first","11":"instock","12":"shipping-taxable","13":"product-type-grouped"},"_links":{"self":[{"href":"https:\/\/baldumarket.lt\/lt\/wp-json\/wp\/v2\/product\/241497","targetHints":{"allow":["GET"]}}],"collection":[{"href":"https:\/\/baldumarket.lt\/lt\/wp-json\/wp\/v2\/product"}],"about":[{"href":"https:\/\/baldumarket.lt\/lt\/wp-json\/wp\/v2\/types\/product"}],"replies":[{"embeddable":true,"href":"https:\/\/baldumarket.lt\/lt\/wp-json\/wp\/v2\/comments?post=241497"}],"wp:featuredmedia":[{"embeddable":true,"href":"https:\/\/baldumarket.lt\/lt\/wp-json\/wp\/v2\/media\/21181"}],"wp:attachment":[{"href":"https:\/\/baldumarket.lt\/lt\/wp-json\/wp\/v2\/media?parent=241497"}],"wp:term":[{"taxonomy":"product_brand","embeddable":true,"href":"https:\/\/baldumarket.lt\/lt\/wp-json\/wp\/v2\/product_brand?post=241497"},{"taxonomy":"product_cat","embeddable":true,"href":"https:\/\/baldumarket.lt\/lt\/wp-json\/wp\/v2\/product_cat?post=241497"},{"taxonomy":"product_tag","embeddable":true,"href":"https:\/\/baldumarket.lt\/lt\/wp-json\/wp\/v2\/product_tag?post=241497"}],"curies":[{"name":"wp","href":"https:\/\/api.w.org\/{rel}","templated":true}]}}