{"id":241496,"date":"2025-12-31T18:46:15","date_gmt":"2025-12-31T15:46:15","guid":{"rendered":"https:\/\/baldumarket.lt\/?post_type=product&#038;p=241496"},"modified":"2026-02-03T23:03:06","modified_gmt":"2026-02-03T20:03:06","slug":"markos-2","status":"publish","type":"product","link":"https:\/\/baldumarket.lt\/lt\/product\/markos-2\/","title":{"rendered":"Markas"},"content":{"rendered":"<p>\u201eMarkos\u201c \u2013 stilinga, funkcionali ir, svarbiausia, eleganti\u0161ka kampin\u0117 sofa i\u0161rankiems komforto m\u0117g\u0117jams, vertinantiems ir prakti\u0161kas, papildomas funkcijas. Erdvi 310 x 159 x 90 cm dyd\u017eio kampin\u0117s sofos s\u0117dyn\u0117 suteikia patogi\u0105 erdv\u0119 poilsiui tiek dien\u0105, tiek nakt\u012f. U formos baldas turi 275 x 125 cm dyd\u017eio miegojimo funkcij\u0105. Jame taip pat yra du erdv\u016bs patalyn\u0117s skyriai, esantys pufuose. Pagrindinis \u201eMarkos\u201c kampin\u0117s sofos i\u0161skirtinumas \u2013 papildomos funkcijos: medin\u0117s lentynos, kurias galima integruoti, pavyzd\u017eiui, \u012f porank\u012f, taip suteikiant viet\u0105 m\u0117gstamoms knygoms ar nieku\u010diams. Jei norite derinti modernum\u0105 su funkcionalumu, verta apsvarstyti \u201eMarkos\u201c kampin\u0119 sof\u0105.<\/p>","protected":false},"excerpt":{"rendered":"<p>\u201eMarkos\u201c \u2013 stilinga, funkcionali ir, svarbiausia, eleganti\u0161ka kampin\u0117 sofa i\u0161rankiems komforto m\u0117g\u0117jams, vertinantiems ir prakti\u0161kas papildomas funkcijas. Erdvi 310 x 159 x 90 cm dyd\u017eio kampin\u0117s sofos s\u0117dyn\u0117 suteikia patogi\u0105 erdv\u0119 poilsiui tiek dien\u0105, tiek nakt\u012f. U formos baldas turi 275 cm plo\u010dio ir plo\u010dio miegam\u0105j\u0105 funkcij\u0105.<\/p>","protected":false},"featured_media":20584,"comment_status":"open","ping_status":"closed","template":"","meta":[],"product_brand":[],"product_cat":[616,1982,2012,9191],"product_tag":[],"class_list":{"0":"post-241496","1":"product","2":"type-product","3":"status-publish","4":"has-post-thumbnail","6":"product_cat-corners","7":"product_cat-corners-u","8":"product_cat-eltap","9":"product_cat-corners-u-eltap","11":"first","12":"instock","13":"shipping-taxable","14":"product-type-grouped"},"_links":{"self":[{"href":"https:\/\/baldumarket.lt\/lt\/wp-json\/wp\/v2\/product\/241496","targetHints":{"allow":["GET"]}}],"collection":[{"href":"https:\/\/baldumarket.lt\/lt\/wp-json\/wp\/v2\/product"}],"about":[{"href":"https:\/\/baldumarket.lt\/lt\/wp-json\/wp\/v2\/types\/product"}],"replies":[{"embeddable":true,"href":"https:\/\/baldumarket.lt\/lt\/wp-json\/wp\/v2\/comments?post=241496"}],"wp:featuredmedia":[{"embeddable":true,"href":"https:\/\/baldumarket.lt\/lt\/wp-json\/wp\/v2\/media\/20584"}],"wp:attachment":[{"href":"https:\/\/baldumarket.lt\/lt\/wp-json\/wp\/v2\/media?parent=241496"}],"wp:term":[{"taxonomy":"product_brand","embeddable":true,"href":"https:\/\/baldumarket.lt\/lt\/wp-json\/wp\/v2\/product_brand?post=241496"},{"taxonomy":"product_cat","embeddable":true,"href":"https:\/\/baldumarket.lt\/lt\/wp-json\/wp\/v2\/product_cat?post=241496"},{"taxonomy":"product_tag","embeddable":true,"href":"https:\/\/baldumarket.lt\/lt\/wp-json\/wp\/v2\/product_tag?post=241496"}],"curies":[{"name":"wp","href":"https:\/\/api.w.org\/{rel}","templated":true}]}}