{"id":241493,"date":"2025-12-31T18:46:11","date_gmt":"2025-12-31T15:46:11","guid":{"rendered":"https:\/\/baldumarket.lt\/?post_type=product&#038;p=241493"},"modified":"2026-03-29T12:55:22","modified_gmt":"2026-03-29T09:55:22","slug":"mariall-2","status":"publish","type":"product","link":"https:\/\/baldumarket.lt\/lt\/product\/mariall-2\/","title":{"rendered":"Mariall"},"content":{"rendered":"<p>\u201eMariall\u201c \u2013 tai klasikin\u0117, ta\u010diau patogi ir eleganti\u0161ka L formos kampin\u0117 sofa, kurios matmenys \u2013 300 x 190 x 98 cm. I\u0161skirtiniai jos bruo\u017eai: reguliuojamos galvos atramos, apmu\u0161tas atlo\u0161as, eleganti\u0161kos metalin\u0117s kojel\u0117s su med\u017eio apdaila ir gili, mink\u0161ta s\u0117dyn\u0117, pagaminta i\u0161 novatori\u0161ko T30 ir HR putplas\u010dio, atsparaus deformacijai ir pa\u017eeidimams. Be to, jos garantuoja maksimal\u0173 komfort\u0105 tiek dien\u0105, tiek miegant. D\u0117l miegojimo funkcijos \u201eMariall\u201c yra daugiafunkcis baldas. I\u0161skleidus sof\u0105 naudojant intuityv\u0173 ir paprast\u0105 delfino mechanizm\u0105, gaunama erdvi 110 x 240 cm dyd\u017eio lova, taip pat erdvus, gilus patalyn\u0117s laikymo skyrius pufe. Jei ie\u0161kote funkcionalaus, ta\u010diau klasikinio ir eleganti\u0161ko baldo \u2013 pasirinkimas gali b\u016bti tik vienas \u2013 nuo\u0161ird\u017eiai rekomenduojame \u201eMariall\u201c kampin\u0119 sof\u0105, kuri atsakys \u012f visus j\u016bs\u0173 klausimus.<\/p>","protected":false},"excerpt":{"rendered":"<p>\u201eMariall\u201c \u2013 tai klasikin\u0117, ta\u010diau patogi ir eleganti\u0161ka L formos kampin\u0117 sofa, kurios matmenys \u2013 300 x 190 x 98 cm. I\u0161skirtiniai jos bruo\u017eai: reguliuojamos galvos atramos, apmu\u0161tas atlo\u0161as, eleganti\u0161kos metalin\u0117s kojel\u0117s su med\u017eio apdaila ir gili, mink\u0161ta s\u0117dyn\u0117, pagaminta i\u0161 novatori\u0161ko T30 ir HR putplas\u010dio, kuris yra atsparus deformacijai ir pa\u017eeidimams. Be to, [\u2026]<\/p>","protected":false},"featured_media":20697,"comment_status":"open","ping_status":"closed","template":"","meta":[],"product_brand":[],"product_cat":[616,1983,2012,9166],"product_tag":[],"class_list":{"0":"post-241493","1":"product","2":"type-product","3":"status-publish","4":"has-post-thumbnail","6":"product_cat-corners","7":"product_cat-corners-l","8":"product_cat-eltap","9":"product_cat-narozniki-eltap","11":"first","12":"instock","13":"shipping-taxable","14":"product-type-grouped"},"_links":{"self":[{"href":"https:\/\/baldumarket.lt\/lt\/wp-json\/wp\/v2\/product\/241493","targetHints":{"allow":["GET"]}}],"collection":[{"href":"https:\/\/baldumarket.lt\/lt\/wp-json\/wp\/v2\/product"}],"about":[{"href":"https:\/\/baldumarket.lt\/lt\/wp-json\/wp\/v2\/types\/product"}],"replies":[{"embeddable":true,"href":"https:\/\/baldumarket.lt\/lt\/wp-json\/wp\/v2\/comments?post=241493"}],"wp:featuredmedia":[{"embeddable":true,"href":"https:\/\/baldumarket.lt\/lt\/wp-json\/wp\/v2\/media\/20697"}],"wp:attachment":[{"href":"https:\/\/baldumarket.lt\/lt\/wp-json\/wp\/v2\/media?parent=241493"}],"wp:term":[{"taxonomy":"product_brand","embeddable":true,"href":"https:\/\/baldumarket.lt\/lt\/wp-json\/wp\/v2\/product_brand?post=241493"},{"taxonomy":"product_cat","embeddable":true,"href":"https:\/\/baldumarket.lt\/lt\/wp-json\/wp\/v2\/product_cat?post=241493"},{"taxonomy":"product_tag","embeddable":true,"href":"https:\/\/baldumarket.lt\/lt\/wp-json\/wp\/v2\/product_tag?post=241493"}],"curies":[{"name":"wp","href":"https:\/\/api.w.org\/{rel}","templated":true}]}}