{"id":241456,"date":"2025-12-31T18:40:24","date_gmt":"2025-12-31T15:40:24","guid":{"rendered":"https:\/\/baldumarket.lt\/?post_type=product&#038;p=241456"},"modified":"2026-02-03T23:03:16","modified_gmt":"2026-02-03T20:03:16","slug":"loze-dizzle-140x200-2","status":"publish","type":"product","link":"https:\/\/baldumarket.lt\/lt\/product\/loze-dizzle-140x200-2\/","title":{"rendered":"Dvigul\u0117 lova 140\u00d7200"},"content":{"rendered":"<p>140 cm plo\u010dio \u201eDizzle\u201c lova \u2013 puikus sprendimas tiems, kurie vertina kompakti\u0161kus matmenis neaukodami miego komforto. \u0160i lova derina modern\u0173 dizain\u0105 ir funkcionalum\u0105. Joje naudojamos T2130 putos, u\u017etikrinan\u010dios lankstum\u0105 ir komfort\u0105. Ji yra trij\u0173 plo\u010di\u0173, o 140 cm variantas suteikia optimali\u0105 poilsio erdv\u0119. Lovos ilgis yra 244 cm, o \u012fsp\u016bdingas 104 cm auk\u0161tis suteikia jai eleganti\u0161k\u0105 i\u0161vaizd\u0105. S\u0117dyn\u0117s auk\u0161tis yra 42 cm, ta\u010diau nepamir\u0161kite prie \u0161io skai\u010diaus prid\u0117ti \u010diu\u017einio auk\u0161\u010dio, kad pasiektum\u0117te visi\u0161k\u0105 miego komfort\u0105. Juodos plastikin\u0117s kojel\u0117s, kuri\u0173 auk\u0161tis 2 cm, u\u017etikrina stabilum\u0105. Metalinis r\u0117mas garantuoja patvarum\u0105, o vienas patalyn\u0117s skyrius paver\u010dia \u201eDizzle 140\u201c lov\u0105 prakti\u0161ka vieta papildomiems daiktams laikyti. Su 36 grotel\u0117mis, u\u017etikrinan\u010diomis tolyg\u0173 \u010diu\u017einio atram\u0105, eleganti\u0161ko kubo formos \u201eDizzle\u201c lova suteiks j\u016bs\u0173 miegamajam unikalaus dizaino ir patogaus poilsio.<\/p>","protected":false},"excerpt":{"rendered":"<p>140 cm plo\u010dio \u201eDizzle\u201c lova yra puikus sprendimas tiems, kurie vertina kompakti\u0161kus matmenis neaukodami miego komforto. \u0160i lova derina modern\u0173 dizain\u0105 ir funkcionalum\u0105. Joje naudojamos T2130 putos, u\u017etikrinan\u010dios lankstum\u0105 ir komfort\u0105. Ji yra trij\u0173 plo\u010di\u0173, o 140 cm variantas suteikia optimali\u0105 poilsio erdv\u0119. Lovos ilgis yra 244 cm, [\u2026]<\/p>","protected":false},"featured_media":29890,"comment_status":"open","ping_status":"closed","template":"","meta":[],"product_brand":[],"product_cat":[505,1972,2012,9173],"product_tag":[],"class_list":{"0":"post-241456","1":"product","2":"type-product","3":"status-publish","4":"has-post-thumbnail","6":"product_cat-bedroom-beds","7":"product_cat-beds-180x200","8":"product_cat-eltap","9":"product_cat-lozka-eltap","11":"first","12":"instock","13":"shipping-taxable","14":"product-type-grouped"},"_links":{"self":[{"href":"https:\/\/baldumarket.lt\/lt\/wp-json\/wp\/v2\/product\/241456","targetHints":{"allow":["GET"]}}],"collection":[{"href":"https:\/\/baldumarket.lt\/lt\/wp-json\/wp\/v2\/product"}],"about":[{"href":"https:\/\/baldumarket.lt\/lt\/wp-json\/wp\/v2\/types\/product"}],"replies":[{"embeddable":true,"href":"https:\/\/baldumarket.lt\/lt\/wp-json\/wp\/v2\/comments?post=241456"}],"wp:featuredmedia":[{"embeddable":true,"href":"https:\/\/baldumarket.lt\/lt\/wp-json\/wp\/v2\/media\/29890"}],"wp:attachment":[{"href":"https:\/\/baldumarket.lt\/lt\/wp-json\/wp\/v2\/media?parent=241456"}],"wp:term":[{"taxonomy":"product_brand","embeddable":true,"href":"https:\/\/baldumarket.lt\/lt\/wp-json\/wp\/v2\/product_brand?post=241456"},{"taxonomy":"product_cat","embeddable":true,"href":"https:\/\/baldumarket.lt\/lt\/wp-json\/wp\/v2\/product_cat?post=241456"},{"taxonomy":"product_tag","embeddable":true,"href":"https:\/\/baldumarket.lt\/lt\/wp-json\/wp\/v2\/product_tag?post=241456"}],"curies":[{"name":"wp","href":"https:\/\/api.w.org\/{rel}","templated":true}]}}