{"id":241447,"date":"2025-12-31T18:39:05","date_gmt":"2025-12-31T15:39:05","guid":{"rendered":"https:\/\/baldumarket.lt\/?post_type=product&#038;p=241447"},"modified":"2026-02-03T23:03:18","modified_gmt":"2026-02-03T20:03:18","slug":"loree-160x200-2","status":"publish","type":"product","link":"https:\/\/baldumarket.lt\/lt\/product\/loree-160x200-2\/","title":{"rendered":"Loree 160X200"},"content":{"rendered":"<p>\u201eLoree\u201c \u2013 tai patogi ir moderni spyruoklin\u0117 lova, kurioje derinamas malonus kasdienio poilsio mink\u0161tumas su sveiku ir produktyviu miegu. \u201eLoree\u201c i\u0161siskiria minimalistiniu dizainu ir \u012fdomiu stiliumi. Eleganti\u0161k\u0105 i\u0161vaizd\u0105 pary\u0161kina auk\u0161tas, dygsniuotas galv\u016bgalis, paprasta forma, trumpos 2 cm kojel\u0117s ir platus spalv\u0173 pasirinkimas. \u0160i erdvi lova, kurios miegamojo plotas yra 140\/160\/180 x 200 cm, yra puiki vieta miegoti ir atsipalaiduoti bet kuriuo metu. Papildomos \u0161io modelio savyb\u0117s: tvirtas 15 cm \u010diu\u017einys su \u201eBonnell\u201c spyruokl\u0117mis ir \u010diu\u017einiu. Jo funkcionalum\u0105 dar labiau padidina du erdv\u016bs patalyn\u0117s skyriai. \u201eLoree\u201c \u2013 tai klasikinis baldas, kuris tikrai pateisins visus j\u016bs\u0173 l\u016bkes\u010dius ir bus tobula lova ilgus metus, puikiai papildanti unikalaus miegamojo interjero dizain\u0105.<\/p>","protected":false},"excerpt":{"rendered":"<p>\u201eLoree\u201c \u2013 tai patogi ir moderni spyruoklin\u0117 lova, kurioje malonus kasdienio poilsio mink\u0161tumas derinamas su sveiku ir produktyviu miegu. \u201eLoree\u201c i\u0161siskiria minimalistiniu dizainu ir \u012fdomiu stiliumi. Eleganti\u0161k\u0105 i\u0161vaizd\u0105 pary\u0161kina auk\u0161tas, dygsniuotas galv\u016bgalis, paprasta forma, trumpos 2 cm kojel\u0117s ir platus spalv\u0173 pasirinkimas.<\/p>","protected":false},"featured_media":19911,"comment_status":"open","ping_status":"closed","template":"","meta":[],"product_brand":[],"product_cat":[505,1972,2012,9173],"product_tag":[],"class_list":{"0":"post-241447","1":"product","2":"type-product","3":"status-publish","4":"has-post-thumbnail","6":"product_cat-bedroom-beds","7":"product_cat-beds-180x200","8":"product_cat-eltap","9":"product_cat-lozka-eltap","11":"first","12":"instock","13":"shipping-taxable","14":"product-type-grouped"},"_links":{"self":[{"href":"https:\/\/baldumarket.lt\/lt\/wp-json\/wp\/v2\/product\/241447","targetHints":{"allow":["GET"]}}],"collection":[{"href":"https:\/\/baldumarket.lt\/lt\/wp-json\/wp\/v2\/product"}],"about":[{"href":"https:\/\/baldumarket.lt\/lt\/wp-json\/wp\/v2\/types\/product"}],"replies":[{"embeddable":true,"href":"https:\/\/baldumarket.lt\/lt\/wp-json\/wp\/v2\/comments?post=241447"}],"wp:featuredmedia":[{"embeddable":true,"href":"https:\/\/baldumarket.lt\/lt\/wp-json\/wp\/v2\/media\/19911"}],"wp:attachment":[{"href":"https:\/\/baldumarket.lt\/lt\/wp-json\/wp\/v2\/media?parent=241447"}],"wp:term":[{"taxonomy":"product_brand","embeddable":true,"href":"https:\/\/baldumarket.lt\/lt\/wp-json\/wp\/v2\/product_brand?post=241447"},{"taxonomy":"product_cat","embeddable":true,"href":"https:\/\/baldumarket.lt\/lt\/wp-json\/wp\/v2\/product_cat?post=241447"},{"taxonomy":"product_tag","embeddable":true,"href":"https:\/\/baldumarket.lt\/lt\/wp-json\/wp\/v2\/product_tag?post=241447"}],"curies":[{"name":"wp","href":"https:\/\/api.w.org\/{rel}","templated":true}]}}