{"id":241420,"date":"2025-12-31T18:34:31","date_gmt":"2025-12-31T15:34:31","guid":{"rendered":"https:\/\/baldumarket.lt\/?post_type=product&#038;p=241420"},"modified":"2026-02-03T23:03:24","modified_gmt":"2026-02-03T20:03:24","slug":"laos-160x200-2","status":"publish","type":"product","link":"https:\/\/baldumarket.lt\/lt\/product\/laos-160x200-2\/","title":{"rendered":"Laosas 160\u00d7200"},"content":{"rendered":"<p>Apib\u016bdindami m\u016bs\u0173 \u201eLaos Boxspyruoklin\u0119\u201c lov\u0105 vos keliais \u017eod\u017eiais, galime teigti, kad ji sujungia maksimal\u0173 mink\u0161tum\u0105, elegancij\u0105, grak\u0161tum\u0105, ger\u0105 stili\u0173 ir funkcionalum\u0105. Ta\u010diau d\u0117l savo originalumo tokio apra\u0161ymo galiausiai gali nepakakti. \u0160i erdvi lova, kurios miegamojo plotas yra 140\/160\/180 x 200 cm, yra puiki vieta tiek nakties miegui, tiek paprastam dienos poilsiui. Papildomos \u0161io modelio savyb\u0117s: tvirtas 20 cm \u201eBonnell\u201c spyruoklinis \u010diu\u017einys su papildomu T25 put\u0173 sluoksniu vir\u0161uje ir apa\u010dioje bei 4 cm storio ant\u010diu\u017einis, pagamintas i\u0161 T21 put\u0173. Taip pat verta pamin\u0117ti du gilius patalyn\u0117s skyrius, suskirstytus \u012f tris dalis. Be funkcionalumo, verta d\u0117mesio ir skoninga lovos apdaila. Dekoratyvinis dygsniavimas, papuo\u0161tas spalvingomis sagomis, taip pat 13 cm auk\u0161\u010dio juodos metalin\u0117s kojel\u0117s suteikia visai konstrukcijai i\u0161skirtinio elegancijos. \u201eLaos\u201c yra savoti\u0161ka klas\u0117, nes maksimalus lovos komfortas derinamas su unikaliu nam\u0173 dekoro dizainu.<\/p>","protected":false},"excerpt":{"rendered":"<p>Apib\u016bdindami m\u016bs\u0173 \u201eLaos Boxspyruoklin\u0119\u201c lov\u0105 vos keliais \u017eod\u017eiais, galime teigti, kad ji apjungia maksimal\u0173 mink\u0161tum\u0105, elegancij\u0105, grak\u0161tum\u0105, ger\u0105 stili\u0173 ir funkcionalum\u0105. Ta\u010diau d\u0117l savo originalumo tokio apra\u0161ymo galiausiai gali nepakakti. \u0160i erdvi lova, kurios miegojimo plotas yra 140\/160\/180 x 200 cm, yra puiki vieta nakties miegui ir [\u2026]<\/p>","protected":false},"featured_media":18752,"comment_status":"open","ping_status":"closed","template":"","meta":[],"product_brand":[],"product_cat":[505,1972,2012,9173],"product_tag":[],"class_list":{"0":"post-241420","1":"product","2":"type-product","3":"status-publish","4":"has-post-thumbnail","6":"product_cat-bedroom-beds","7":"product_cat-beds-180x200","8":"product_cat-eltap","9":"product_cat-lozka-eltap","11":"first","12":"instock","13":"shipping-taxable","14":"product-type-grouped"},"_links":{"self":[{"href":"https:\/\/baldumarket.lt\/lt\/wp-json\/wp\/v2\/product\/241420","targetHints":{"allow":["GET"]}}],"collection":[{"href":"https:\/\/baldumarket.lt\/lt\/wp-json\/wp\/v2\/product"}],"about":[{"href":"https:\/\/baldumarket.lt\/lt\/wp-json\/wp\/v2\/types\/product"}],"replies":[{"embeddable":true,"href":"https:\/\/baldumarket.lt\/lt\/wp-json\/wp\/v2\/comments?post=241420"}],"wp:featuredmedia":[{"embeddable":true,"href":"https:\/\/baldumarket.lt\/lt\/wp-json\/wp\/v2\/media\/18752"}],"wp:attachment":[{"href":"https:\/\/baldumarket.lt\/lt\/wp-json\/wp\/v2\/media?parent=241420"}],"wp:term":[{"taxonomy":"product_brand","embeddable":true,"href":"https:\/\/baldumarket.lt\/lt\/wp-json\/wp\/v2\/product_brand?post=241420"},{"taxonomy":"product_cat","embeddable":true,"href":"https:\/\/baldumarket.lt\/lt\/wp-json\/wp\/v2\/product_cat?post=241420"},{"taxonomy":"product_tag","embeddable":true,"href":"https:\/\/baldumarket.lt\/lt\/wp-json\/wp\/v2\/product_tag?post=241420"}],"curies":[{"name":"wp","href":"https:\/\/api.w.org\/{rel}","templated":true}]}}