{"id":241415,"date":"2025-12-31T18:33:47","date_gmt":"2025-12-31T15:33:47","guid":{"rendered":"https:\/\/baldumarket.lt\/?post_type=product&#038;p=241415"},"modified":"2026-02-03T23:03:25","modified_gmt":"2026-02-03T20:03:25","slug":"kelim-2","status":"publish","type":"product","link":"https:\/\/baldumarket.lt\/lt\/product\/kelim-2\/","title":{"rendered":"Kelimas"},"content":{"rendered":"<p>\u201eKelim\u201c \u2013 eleganti\u0161kas, skoningas, kvadratinis pufas, kuris savo i\u0161vaizda papuo\u0161 bet kok\u012f nam\u0173 interjer\u0105. \u0160io 83 x 83 x 42 cm dyd\u017eio baldo i\u0161skirtin\u0117s savyb\u0117s \u2013 platus audini\u0173 spalv\u0173 pasirinkimas ir patogi, didel\u0117 s\u0117dyn\u0117, pagaminta i\u0161 auk\u0161tos kokyb\u0117s HR put\u0173. Tai u\u017etikrina maksimal\u0173 mink\u0161tum\u0105, lygum\u0105 ir komfort\u0105. \u0160is baldas taip pat gali b\u016bti naudojamas kaip stalas arba pakojis. J\u016bs galite nuspr\u0119sti, ar jis papildys j\u016bs\u0173 esam\u0105 interjer\u0105, ar bus pagrindinis akcentas. Tikrai verta tur\u0117ti savo namuose auk\u0161tos kokyb\u0117s puf\u0105, ir \u201eKelim\u201c yra b\u016btent toks.<\/p>","protected":false},"excerpt":{"rendered":"<p>\u201eKelim\u201c \u2013 eleganti\u0161kas, skoningas, kvadratinis pufas, kuris savo i\u0161vaizda papuo\u0161 bet kok\u012f nam\u0173 interjer\u0105. \u0160io 83 x 83 x 42 cm dyd\u017eio pufo i\u0161skirtin\u0117s savyb\u0117s \u2013 platus audini\u0173 spalv\u0173 pasirinkimas ir patogi, didel\u0117 s\u0117dyn\u0117, pagaminta i\u0161 auk\u0161tos kokyb\u0117s HR put\u0173. Tai u\u017etikrina maksimal\u0173 mink\u0161tum\u0105, lygum\u0105 ir [\u2026]<\/p>","protected":false},"featured_media":18347,"comment_status":"open","ping_status":"closed","template":"","meta":[],"product_brand":[],"product_cat":[2012,9168,826],"product_tag":[],"class_list":{"0":"post-241415","1":"product","2":"type-product","3":"status-publish","4":"has-post-thumbnail","6":"product_cat-eltap","7":"product_cat-pufy-eltap","8":"product_cat-poufs","10":"first","11":"instock","12":"shipping-taxable","13":"product-type-grouped"},"_links":{"self":[{"href":"https:\/\/baldumarket.lt\/lt\/wp-json\/wp\/v2\/product\/241415","targetHints":{"allow":["GET"]}}],"collection":[{"href":"https:\/\/baldumarket.lt\/lt\/wp-json\/wp\/v2\/product"}],"about":[{"href":"https:\/\/baldumarket.lt\/lt\/wp-json\/wp\/v2\/types\/product"}],"replies":[{"embeddable":true,"href":"https:\/\/baldumarket.lt\/lt\/wp-json\/wp\/v2\/comments?post=241415"}],"wp:featuredmedia":[{"embeddable":true,"href":"https:\/\/baldumarket.lt\/lt\/wp-json\/wp\/v2\/media\/18347"}],"wp:attachment":[{"href":"https:\/\/baldumarket.lt\/lt\/wp-json\/wp\/v2\/media?parent=241415"}],"wp:term":[{"taxonomy":"product_brand","embeddable":true,"href":"https:\/\/baldumarket.lt\/lt\/wp-json\/wp\/v2\/product_brand?post=241415"},{"taxonomy":"product_cat","embeddable":true,"href":"https:\/\/baldumarket.lt\/lt\/wp-json\/wp\/v2\/product_cat?post=241415"},{"taxonomy":"product_tag","embeddable":true,"href":"https:\/\/baldumarket.lt\/lt\/wp-json\/wp\/v2\/product_tag?post=241415"}],"curies":[{"name":"wp","href":"https:\/\/api.w.org\/{rel}","templated":true}]}}