{"id":241413,"date":"2025-12-31T18:33:12","date_gmt":"2025-12-31T15:33:12","guid":{"rendered":"https:\/\/baldumarket.lt\/?post_type=product&#038;p=241413"},"modified":"2026-03-29T12:55:00","modified_gmt":"2026-03-29T09:55:00","slug":"kairos-2","status":"publish","type":"product","link":"https:\/\/baldumarket.lt\/lt\/product\/kairos-2\/","title":{"rendered":"Kairosas"},"content":{"rendered":"<p>\u201eKairos\u201c \u2013 tai klasikin\u0117, ta\u010diau patogi ir eleganti\u0161ka L formos kampin\u0117 sofa, kurios matmenys \u2013 265 x 197 x 95 cm. I\u0161skirtiniai jos bruo\u017eai: stabili konstrukcija, sant\u016bri i\u0161vaizda, apmu\u0161tas atlo\u0161as, kont\u016bruotas atlo\u0161as ir porankiai, reguliuojamos galvos atramos ir gili, mink\u0161ta s\u0117dyn\u0117, pagaminta i\u0161 novatori\u0161ko T30 ir HR putplas\u010dio, atsparaus deformacijai ir pa\u017eeidimams. Jie taip pat u\u017etikrina taisykling\u0105 k\u016bno pad\u0117t\u012f poilsio metu. \u201eKairos\u201c kampin\u0117 sofa \u2013 tai daugiafunkcis baldas, u\u017etikrinantis maksimal\u0173 komfort\u0105 ne tik dien\u0105, bet ir nakt\u012f. I\u0161skleidus sof\u0105 naudojant intuityv\u0173 ir paprast\u0105 delfino mechanizm\u0105, gaunamas 125 x 190 cm miegojimo pavir\u0161ius ir erdvus, gilus patalyn\u0117s laikymo skyrius pufe. Jei ie\u0161kote funkcionalaus, ta\u010diau klasikinio ir eleganti\u0161ko baldo, pasirinkimas paprastas \u2013 \u201eKairos\u201c kampin\u0117 sofa atitiks visus j\u016bs\u0173 reikalavimus ir l\u016bkes\u010dius.<\/p>","protected":false},"excerpt":{"rendered":"<p>\u201eKairos\u201c \u2013 tai klasikin\u0117, ta\u010diau patogi ir eleganti\u0161ka L formos kampin\u0117 sofa, kurios matmenys \u2013 265 x 197 x 95 cm. I\u0161skirtiniai jos bruo\u017eai: stabili konstrukcija, sant\u016bri i\u0161vaizda, apmu\u0161tas atlo\u0161as, kont\u016bruotas atlo\u0161as ir porankiai, reguliuojamos galvos atramos ir gili, mink\u0161ta s\u0117dyn\u0117, pagaminta i\u0161 novatori\u0161ko T30 ir HR putplas\u010dio, kuris yra atsparus deformacijai [\u2026]<\/p>","protected":false},"featured_media":18395,"comment_status":"open","ping_status":"closed","template":"","meta":[],"product_brand":[],"product_cat":[616,1983,2012,9166],"product_tag":[],"class_list":{"0":"post-241413","1":"product","2":"type-product","3":"status-publish","4":"has-post-thumbnail","6":"product_cat-corners","7":"product_cat-corners-l","8":"product_cat-eltap","9":"product_cat-narozniki-eltap","11":"first","12":"instock","13":"shipping-taxable","14":"product-type-grouped"},"_links":{"self":[{"href":"https:\/\/baldumarket.lt\/lt\/wp-json\/wp\/v2\/product\/241413","targetHints":{"allow":["GET"]}}],"collection":[{"href":"https:\/\/baldumarket.lt\/lt\/wp-json\/wp\/v2\/product"}],"about":[{"href":"https:\/\/baldumarket.lt\/lt\/wp-json\/wp\/v2\/types\/product"}],"replies":[{"embeddable":true,"href":"https:\/\/baldumarket.lt\/lt\/wp-json\/wp\/v2\/comments?post=241413"}],"wp:featuredmedia":[{"embeddable":true,"href":"https:\/\/baldumarket.lt\/lt\/wp-json\/wp\/v2\/media\/18395"}],"wp:attachment":[{"href":"https:\/\/baldumarket.lt\/lt\/wp-json\/wp\/v2\/media?parent=241413"}],"wp:term":[{"taxonomy":"product_brand","embeddable":true,"href":"https:\/\/baldumarket.lt\/lt\/wp-json\/wp\/v2\/product_brand?post=241413"},{"taxonomy":"product_cat","embeddable":true,"href":"https:\/\/baldumarket.lt\/lt\/wp-json\/wp\/v2\/product_cat?post=241413"},{"taxonomy":"product_tag","embeddable":true,"href":"https:\/\/baldumarket.lt\/lt\/wp-json\/wp\/v2\/product_tag?post=241413"}],"curies":[{"name":"wp","href":"https:\/\/api.w.org\/{rel}","templated":true}]}}