{"id":241385,"date":"2025-12-31T18:28:48","date_gmt":"2025-12-31T15:28:48","guid":{"rendered":"https:\/\/baldumarket.lt\/?post_type=product&#038;p=241385"},"modified":"2026-03-29T12:54:38","modified_gmt":"2026-03-29T09:54:38","slug":"ferucce-2","status":"publish","type":"product","link":"https:\/\/baldumarket.lt\/lt\/product\/ferucce-2\/","title":{"rendered":"Ferucce"},"content":{"rendered":"<p>L formos \u201eFerucce\u201c kampin\u0117 sofa, kurios matmenys \u2013 276 x 200 x 72\u201393 cm, yra stilingas ir funkcionalus baldas, puikiai tinkantis moderniam interjerui. Reguliuojamos galvos atramos leid\u017eia individualiai reguliuoti atlo\u0161o auk\u0161t\u012f, u\u017etikrinant maksimal\u0173 komfort\u0105 atsipalaiduojant. Kampin\u0117 sofa derina elegancij\u0105 ir prakti\u0161kum\u0105, suteikdama atpalaiduojan\u010di\u0105 erdv\u0119 ir jauki\u0105 viet\u0105 visai \u0161eimai. D\u0117l apgalvoto dizaino ji yra ne tik patogi, bet ir esteti\u0161kai patraukli svetain\u0117je.<\/p>","protected":false},"excerpt":{"rendered":"<p>L formos \u201eFerucce\u201c kampin\u0117 sofa, kurios matmenys \u2013 276 x 200 x 72\u201393 cm, yra stilingas ir funkcionalus baldas, puikiai tinkantis moderniam interjerui. Reguliuojamos galvos atramos leid\u017eia individualiai reguliuoti atlo\u0161o auk\u0161t\u012f, u\u017etikrinant maksimal\u0173 komfort\u0105 atsipalaiduojant. Kampin\u0117 sofa derina elegancij\u0105 ir prakti\u0161kum\u0105, suteikdama atpalaiduojan\u010di\u0105 erdv\u0119 ir jauki\u0105 viet\u0105 visai \u0161eimai. Jos apgalvotas [\u2026]<\/p>","protected":false},"featured_media":32522,"comment_status":"open","ping_status":"closed","template":"","meta":[],"product_brand":[],"product_cat":[616,1983,2012,9166],"product_tag":[],"class_list":{"0":"post-241385","1":"product","2":"type-product","3":"status-publish","4":"has-post-thumbnail","6":"product_cat-corners","7":"product_cat-corners-l","8":"product_cat-eltap","9":"product_cat-narozniki-eltap","11":"first","12":"instock","13":"shipping-taxable","14":"product-type-grouped"},"_links":{"self":[{"href":"https:\/\/baldumarket.lt\/lt\/wp-json\/wp\/v2\/product\/241385","targetHints":{"allow":["GET"]}}],"collection":[{"href":"https:\/\/baldumarket.lt\/lt\/wp-json\/wp\/v2\/product"}],"about":[{"href":"https:\/\/baldumarket.lt\/lt\/wp-json\/wp\/v2\/types\/product"}],"replies":[{"embeddable":true,"href":"https:\/\/baldumarket.lt\/lt\/wp-json\/wp\/v2\/comments?post=241385"}],"wp:featuredmedia":[{"embeddable":true,"href":"https:\/\/baldumarket.lt\/lt\/wp-json\/wp\/v2\/media\/32522"}],"wp:attachment":[{"href":"https:\/\/baldumarket.lt\/lt\/wp-json\/wp\/v2\/media?parent=241385"}],"wp:term":[{"taxonomy":"product_brand","embeddable":true,"href":"https:\/\/baldumarket.lt\/lt\/wp-json\/wp\/v2\/product_brand?post=241385"},{"taxonomy":"product_cat","embeddable":true,"href":"https:\/\/baldumarket.lt\/lt\/wp-json\/wp\/v2\/product_cat?post=241385"},{"taxonomy":"product_tag","embeddable":true,"href":"https:\/\/baldumarket.lt\/lt\/wp-json\/wp\/v2\/product_tag?post=241385"}],"curies":[{"name":"wp","href":"https:\/\/api.w.org\/{rel}","templated":true}]}}