{"id":241379,"date":"2025-12-31T18:28:16","date_gmt":"2025-12-31T15:28:16","guid":{"rendered":"https:\/\/baldumarket.lt\/?post_type=product&#038;p=241379"},"modified":"2026-03-29T12:54:17","modified_gmt":"2026-03-29T09:54:17","slug":"fabio-2","status":"publish","type":"product","link":"https:\/\/baldumarket.lt\/lt\/product\/fabio-2\/","title":{"rendered":"Fabijus"},"content":{"rendered":"<p>\u201eFabio\u201c \u2013 stilinga, daugiafunkcin\u0117 kampin\u0117 sofa su stabilia, L formos konstrukcija, kuri puikiai tarnaus Jums ilgus metus. 268 x 167 x 73 cm dyd\u017eio sofa garantuoja maksimal\u0173 komfort\u0105 dienos poilsiui. D\u0117l delfino funkcijos \u201eFabio\u201c kampin\u0117 sofa taip pat idealiai tinka poilsiui nakt\u012f. 195 x 125 cm dyd\u017eio miegamasis pavir\u0161ius garantuoja ilg\u0105 mieg\u0105 ir visi\u0161k\u0105 atsipalaidavim\u0105. Papildoma \u0161io modelio savyb\u0117 \u2013 erdvus patalyn\u0117s skyrius. S\u0117dimoje dalyje naudojamas putplastis garantuoja maksimal\u0173 komfort\u0105. Vingiuotos spyruokl\u0117s kartu su T30 putplas\u010diu u\u017etikrina, kad sofoje neatsirast\u0173 deformacij\u0173 ar negra\u017ei\u0173 \u012fdubim\u0173, taip pat skatina taisykling\u0105 laikysen\u0105 poilsio metu. Renkantis \u201eFabio\u201c kampin\u0119 sof\u0105, verta atsi\u017evelgti \u012f jos geometrin\u012f, Niujorko \u012fkv\u0117pt\u0105 dizain\u0105, stilingas dekoratyvines pagalv\u0117les ir galimyb\u0119 rinktis i\u0161 plataus spalv\u0173 pasirinkimo. Tikrai verta tur\u0117ti tok\u012f kompakti\u0161k\u0105 bald\u0105 savo namuose.<\/p>","protected":false},"excerpt":{"rendered":"<p>\u201eFabio\u201c \u2013 stilinga, daugiafunkcin\u0117 kampin\u0117 sofa su stabilia, L formos konstrukcija, kuri puikiai tarnaus jums ilgus metus. 268 x 167 x 73 cm dyd\u017eio sofa garantuoja maksimal\u0173 komfort\u0105 dienos poilsiui. D\u0117l delfino funkcijos \u201eFabio\u201c kampin\u0117 sofa taip pat idealiai tinka poilsiui nakt\u012f. 195 x 125 [\u2026]<\/p>","protected":false},"featured_media":17318,"comment_status":"open","ping_status":"closed","template":"","meta":[],"product_brand":[],"product_cat":[616,1983,2012,9166],"product_tag":[],"class_list":{"0":"post-241379","1":"product","2":"type-product","3":"status-publish","4":"has-post-thumbnail","6":"product_cat-corners","7":"product_cat-corners-l","8":"product_cat-eltap","9":"product_cat-narozniki-eltap","11":"first","12":"instock","13":"shipping-taxable","14":"product-type-grouped"},"_links":{"self":[{"href":"https:\/\/baldumarket.lt\/lt\/wp-json\/wp\/v2\/product\/241379","targetHints":{"allow":["GET"]}}],"collection":[{"href":"https:\/\/baldumarket.lt\/lt\/wp-json\/wp\/v2\/product"}],"about":[{"href":"https:\/\/baldumarket.lt\/lt\/wp-json\/wp\/v2\/types\/product"}],"replies":[{"embeddable":true,"href":"https:\/\/baldumarket.lt\/lt\/wp-json\/wp\/v2\/comments?post=241379"}],"wp:featuredmedia":[{"embeddable":true,"href":"https:\/\/baldumarket.lt\/lt\/wp-json\/wp\/v2\/media\/17318"}],"wp:attachment":[{"href":"https:\/\/baldumarket.lt\/lt\/wp-json\/wp\/v2\/media?parent=241379"}],"wp:term":[{"taxonomy":"product_brand","embeddable":true,"href":"https:\/\/baldumarket.lt\/lt\/wp-json\/wp\/v2\/product_brand?post=241379"},{"taxonomy":"product_cat","embeddable":true,"href":"https:\/\/baldumarket.lt\/lt\/wp-json\/wp\/v2\/product_cat?post=241379"},{"taxonomy":"product_tag","embeddable":true,"href":"https:\/\/baldumarket.lt\/lt\/wp-json\/wp\/v2\/product_tag?post=241379"}],"curies":[{"name":"wp","href":"https:\/\/api.w.org\/{rel}","templated":true}]}}