{"id":241376,"date":"2025-12-31T18:27:48","date_gmt":"2025-12-31T15:27:48","guid":{"rendered":"https:\/\/baldumarket.lt\/?post_type=product&#038;p=241376"},"modified":"2026-03-29T12:59:14","modified_gmt":"2026-03-29T09:59:14","slug":"evanell-2","status":"publish","type":"product","link":"https:\/\/baldumarket.lt\/lt\/product\/evanell-2\/","title":{"rendered":"Evanellas"},"content":{"rendered":"<p>\u201eEvanell\u201c \u2013 tai erdvi, patogi ir stilinga kampin\u0117 sofa, kuri tiesiog \u017eavi ne tik savo klasikine forma, kuri papildo moderni\u0105 atskir\u0173 element\u0173 apdail\u0105, bet ir maksimaliu komfortu, kur\u012f galite patirti ant 330 x 216 x 102 cm dyd\u017eio sofos. \u201eEvanell\u201c kampin\u0117 sofa puikiai tinka dienos poilsiui, bet taip pat gali b\u016bti naudojama kaip miegojimo vieta. Delfino formos dizainas leid\u017eia greitai ir lengvai pritaikyti sof\u0105 prie esam\u0173 poreiki\u0173, suteikiant patogi\u0105 erdv\u0119 poilsiui nakt\u012f. Erdvus patalyn\u0117s skyrius, esantis pufe, taip pat padidina sofos funkcionalum\u0105. S\u0117dyn\u0117 pagaminta i\u0161 patvari\u0173 vingiuot\u0173 spyruokli\u0173 ir lanks\u010di\u0173 T30 put\u0173, garantuojan\u010di\u0173 i\u0161skirtin\u012f komfort\u0105, maksimal\u0173 mink\u0161tum\u0105 ir atsparum\u0105 \u012flenkimams. Kiti \u0161ios sofos i\u0161skirtiniai bruo\u017eai: auk\u0161ti, kont\u016bruoti atlo\u0161ai, reguliuojamos galvos atramos, nuo\u017eulnus porankis, apmu\u0161tas atlo\u0161as ir sofos spalv\u0173 pasirinkimas. \u201eEvanell\u201c \u2013 tai baldas, kuris pateisins visus j\u016bs\u0173 l\u016bkes\u010dius \u2013 nuo susi\u017eav\u0117jimo estetin\u0117mis savyb\u0117mis iki maksimalaus tiek sofos, tiek lovos komforto.<\/p>","protected":false},"excerpt":{"rendered":"<p>\u201eEvanell\u201c \u2013 tai erdvi, patogi ir stilinga kampin\u0117 sofa, kuri tiesiog \u017eavi ne tik klasikine forma, kuri papildo atskir\u0173 element\u0173 moderni\u0105 apdail\u0105, bet ir maksimaliu komfortu, kur\u012f galite patirti ant 330 x 216 x 102 cm dyd\u017eio sofos. \u201eEvanell\u201c kampin\u0117 sofa puikiai tinka dienos poilsiui, [\u2026]<\/p>","protected":false},"featured_media":17225,"comment_status":"open","ping_status":"closed","template":"","meta":[],"product_brand":[],"product_cat":[616,1982,2012,9166],"product_tag":[],"class_list":{"0":"post-241376","1":"product","2":"type-product","3":"status-publish","4":"has-post-thumbnail","6":"product_cat-corners","7":"product_cat-corners-u","8":"product_cat-eltap","9":"product_cat-narozniki-eltap","11":"first","12":"instock","13":"shipping-taxable","14":"product-type-grouped"},"_links":{"self":[{"href":"https:\/\/baldumarket.lt\/lt\/wp-json\/wp\/v2\/product\/241376","targetHints":{"allow":["GET"]}}],"collection":[{"href":"https:\/\/baldumarket.lt\/lt\/wp-json\/wp\/v2\/product"}],"about":[{"href":"https:\/\/baldumarket.lt\/lt\/wp-json\/wp\/v2\/types\/product"}],"replies":[{"embeddable":true,"href":"https:\/\/baldumarket.lt\/lt\/wp-json\/wp\/v2\/comments?post=241376"}],"wp:featuredmedia":[{"embeddable":true,"href":"https:\/\/baldumarket.lt\/lt\/wp-json\/wp\/v2\/media\/17225"}],"wp:attachment":[{"href":"https:\/\/baldumarket.lt\/lt\/wp-json\/wp\/v2\/media?parent=241376"}],"wp:term":[{"taxonomy":"product_brand","embeddable":true,"href":"https:\/\/baldumarket.lt\/lt\/wp-json\/wp\/v2\/product_brand?post=241376"},{"taxonomy":"product_cat","embeddable":true,"href":"https:\/\/baldumarket.lt\/lt\/wp-json\/wp\/v2\/product_cat?post=241376"},{"taxonomy":"product_tag","embeddable":true,"href":"https:\/\/baldumarket.lt\/lt\/wp-json\/wp\/v2\/product_tag?post=241376"}],"curies":[{"name":"wp","href":"https:\/\/api.w.org\/{rel}","templated":true}]}}