{"id":241364,"date":"2025-12-31T18:26:09","date_gmt":"2025-12-31T15:26:09","guid":{"rendered":"https:\/\/baldumarket.lt\/?post_type=product&#038;p=241364"},"modified":"2026-02-03T23:03:35","modified_gmt":"2026-02-03T20:03:35","slug":"damaso-180x200-2","status":"publish","type":"product","link":"https:\/\/baldumarket.lt\/lt\/product\/damaso-180x200-2\/","title":{"rendered":"Damaso 180X200"},"content":{"rendered":"<p>\u201eDamaso\u201c \u2013 tai jauki, erdvi ir gerai i\u0161lenkta lova tiems, kurie m\u0117gsta didesn\u012f nei vidutin\u012f komfort\u0105 tiek nakt\u012f, tiek dien\u0105. Sveik\u0105 ir patog\u0173 mieg\u0105 \u201eDamaso\u201c kontinentin\u0117je spyruoklin\u0117je lovoje garantuoja itin patogus 20 cm \u201eBonnell\u201c spyruoklinis \u010diu\u017einys, du T25 put\u0173 sluoksniai pagrindinio \u010diu\u017einio vir\u0161uje ir apa\u010dioje bei apipjaustytas vir\u0161utinis sluoksnis, pagamintas i\u0161 4 cm T21 put\u0173. \u0160is derinys u\u017etikrina sveik\u0105 mieg\u0105, taip pat tinkam\u0105 k\u016bno atram\u0105 ir stabilizavim\u0105. \u201eDamaso\u201c yra funkcionali lova, i\u0161 dalies d\u0117l dviej\u0173 erdvi\u0173 patalyn\u0117s skyri\u0173, kurie atsidaro spyruokliniu mechanizmu, pakelian\u010diu vir\u0161utin\u0119 dal\u012f. M\u016bs\u0173 spyruoklin\u0117 lova tinka \u012fvairaus dyd\u017eio miegamiesiems, nes ji yra trij\u0173 dyd\u017ei\u0173: 140\/160\/180 x 205 cm. Papildomi \u0161io modelio i\u0161skirtiniai bruo\u017eai \u2013 eleganti\u0161kos kojel\u0117s ir auk\u0161tas, puo\u0161nus galv\u016bgalis. \u201eDamaso\u201c \u2013 tai paprasta, bet labai jauki spyruoklin\u0117 lova, kuri ne tik visi\u0161kai patenkins b\u016bsim\u0105 savinink\u0105, bet ir daugel\u012f met\u0173 d\u017eiugins savo funkcionalumu ir dizainu.<\/p>","protected":false},"excerpt":{"rendered":"<p>\u201eDamaso\u201c \u2013 tai jauki, erdvi ir gerai i\u0161lenkta lova tiems, kurie m\u0117gsta itin komforti\u0161k\u0105 lov\u0105 tiek dien\u0105, tiek nakt\u012f. Sveik\u0105 ir patog\u0173 mieg\u0105 \u201eDamaso\u201c kontinentin\u0117je spyruoklin\u0117je lovoje garantuoja itin patogus 20 cm \u201eBonnell\u201c spyruoklinis \u010diu\u017einys, du T25 put\u0173 sluoksniai pagrindinio \u010diu\u017einio vir\u0161uje ir apa\u010dioje, [\u2026]<\/p>","protected":false},"featured_media":16671,"comment_status":"open","ping_status":"closed","template":"","meta":[],"product_brand":[],"product_cat":[505,1972,2012,9173],"product_tag":[],"class_list":{"0":"post-241364","1":"product","2":"type-product","3":"status-publish","4":"has-post-thumbnail","6":"product_cat-bedroom-beds","7":"product_cat-beds-180x200","8":"product_cat-eltap","9":"product_cat-lozka-eltap","11":"first","12":"instock","13":"shipping-taxable","14":"product-type-grouped"},"_links":{"self":[{"href":"https:\/\/baldumarket.lt\/lt\/wp-json\/wp\/v2\/product\/241364","targetHints":{"allow":["GET"]}}],"collection":[{"href":"https:\/\/baldumarket.lt\/lt\/wp-json\/wp\/v2\/product"}],"about":[{"href":"https:\/\/baldumarket.lt\/lt\/wp-json\/wp\/v2\/types\/product"}],"replies":[{"embeddable":true,"href":"https:\/\/baldumarket.lt\/lt\/wp-json\/wp\/v2\/comments?post=241364"}],"wp:featuredmedia":[{"embeddable":true,"href":"https:\/\/baldumarket.lt\/lt\/wp-json\/wp\/v2\/media\/16671"}],"wp:attachment":[{"href":"https:\/\/baldumarket.lt\/lt\/wp-json\/wp\/v2\/media?parent=241364"}],"wp:term":[{"taxonomy":"product_brand","embeddable":true,"href":"https:\/\/baldumarket.lt\/lt\/wp-json\/wp\/v2\/product_brand?post=241364"},{"taxonomy":"product_cat","embeddable":true,"href":"https:\/\/baldumarket.lt\/lt\/wp-json\/wp\/v2\/product_cat?post=241364"},{"taxonomy":"product_tag","embeddable":true,"href":"https:\/\/baldumarket.lt\/lt\/wp-json\/wp\/v2\/product_tag?post=241364"}],"curies":[{"name":"wp","href":"https:\/\/api.w.org\/{rel}","templated":true}]}}