{"id":241329,"date":"2025-12-31T18:20:55","date_gmt":"2025-12-31T15:20:55","guid":{"rendered":"https:\/\/baldumarket.lt\/?post_type=product&#038;p=241329"},"modified":"2026-02-03T23:03:43","modified_gmt":"2026-02-03T20:03:43","slug":"bretan-2","status":"publish","type":"product","link":"https:\/\/baldumarket.lt\/lt\/product\/bretan-2\/","title":{"rendered":"Bretan\u0117"},"content":{"rendered":"<p>\u201eBretan\u201c \u2013 patogi, moderni ir dizainerio kurta kampin\u0117 sofa. Didelis dydis ir modernus dizainas yra \u201eBretan\u201c skiriamieji bruo\u017eai. Komfort\u0105 u\u017etikrina s\u0117dyn\u0117s, u\u017epildytos itin elastingomis HR putomis, kurios pasi\u017eymi didesniu atsparumu ir ilgaam\u017ei\u0161kumu. Baldai turi lengvai reguliuojamas galvos atramas ir atlo\u0161us, leid\u017eian\u010dius u\u017etikrinti patogiausi\u0105 k\u016bno pad\u0117t\u012f. I\u0161skirtin\u0117s, juodos, \u012fdomios formos kojel\u0117s suteikia baldui unikali\u0105 i\u0161vaizd\u0105, o patogus porankis leid\u017eia patogiai atsipalaiduoti. Taip pat verta pamin\u0117ti, kad kojel\u0117s yra 18 cm ilgio, tod\u0117l lengva valyti po kampine sofa. Gaminio matmenys: 350 x 201 x 107 cm. Be to, apmu\u0161alai galimi \u012fvairi\u0173 patraukli\u0173 spalv\u0173. \u201eBretan\u201c kampin\u0117 sofa pasi\u017eymi \u012fdomia forma ir i\u0161radingomis savyb\u0117mis, o i\u0161skirtiniai jos bruo\u017eai \u2013 eleganti\u0161kas dygsniavimas ir patvarus apmu\u0161alas. \u201eBretan\u201c \u2013 tai baldas, sukurtas atsi\u017evelgiant \u012f modernumo dvasi\u0105.<\/p>","protected":false},"excerpt":{"rendered":"<p>\u201eBretan\u201c \u2013 patogi, moderni ir dizainerio kurta kampin\u0117 sofa. Didelis dydis ir modernus dizainas yra \u201eBretan\u201c skiriamieji bruo\u017eai. Komfort\u0105 u\u017etikrina s\u0117dyn\u0117s, u\u017epildytos itin elastingomis HR putomis, kurios suteikia didesn\u012f atsparum\u0105 ir ilgaam\u017ei\u0161kum\u0105. Balduose yra lengvai reguliuojamos galvos atramos ir atlo\u0161ai, leid\u017eiantys pasirinkti patogiausi\u0105 k\u016bno pad\u0117t\u012f. [\u2026]<\/p>","protected":false},"featured_media":12953,"comment_status":"open","ping_status":"closed","template":"","meta":[],"product_brand":[],"product_cat":[616,1982,2012,9191],"product_tag":[],"class_list":{"0":"post-241329","1":"product","2":"type-product","3":"status-publish","4":"has-post-thumbnail","6":"product_cat-corners","7":"product_cat-corners-u","8":"product_cat-eltap","9":"product_cat-corners-u-eltap","11":"first","12":"instock","13":"shipping-taxable","14":"product-type-grouped"},"_links":{"self":[{"href":"https:\/\/baldumarket.lt\/lt\/wp-json\/wp\/v2\/product\/241329","targetHints":{"allow":["GET"]}}],"collection":[{"href":"https:\/\/baldumarket.lt\/lt\/wp-json\/wp\/v2\/product"}],"about":[{"href":"https:\/\/baldumarket.lt\/lt\/wp-json\/wp\/v2\/types\/product"}],"replies":[{"embeddable":true,"href":"https:\/\/baldumarket.lt\/lt\/wp-json\/wp\/v2\/comments?post=241329"}],"wp:featuredmedia":[{"embeddable":true,"href":"https:\/\/baldumarket.lt\/lt\/wp-json\/wp\/v2\/media\/12953"}],"wp:attachment":[{"href":"https:\/\/baldumarket.lt\/lt\/wp-json\/wp\/v2\/media?parent=241329"}],"wp:term":[{"taxonomy":"product_brand","embeddable":true,"href":"https:\/\/baldumarket.lt\/lt\/wp-json\/wp\/v2\/product_brand?post=241329"},{"taxonomy":"product_cat","embeddable":true,"href":"https:\/\/baldumarket.lt\/lt\/wp-json\/wp\/v2\/product_cat?post=241329"},{"taxonomy":"product_tag","embeddable":true,"href":"https:\/\/baldumarket.lt\/lt\/wp-json\/wp\/v2\/product_tag?post=241329"}],"curies":[{"name":"wp","href":"https:\/\/api.w.org\/{rel}","templated":true}]}}