{"id":241328,"date":"2025-12-31T18:20:53","date_gmt":"2025-12-31T15:20:53","guid":{"rendered":"https:\/\/baldumarket.lt\/?post_type=product&#038;p=241328"},"modified":"2026-02-03T23:03:43","modified_gmt":"2026-02-03T20:03:43","slug":"bonito-2","status":"publish","type":"product","link":"https:\/\/baldumarket.lt\/lt\/product\/bonito-2\/","title":{"rendered":"Bonitas"},"content":{"rendered":"<p>Elegancija ir komfortas viename balde \u2013 tai \u201eBonito\u201c. Komfortas ir patogumas pasiekiami naudojant dviej\u0173 r\u016b\u0161i\u0173 apmu\u0161al\u0173 porolon\u0105: T2540 porolon\u0105 ir i\u0161skirtinai patog\u0173, labai elasting\u0105 HR porolon\u0105. U formos kampin\u0117 sofa \u201eBonito\u201c turi du pufus, kurie u\u017etikrins atsipalaidavim\u0105 net ir didelei \u0161eimai. DL miegamoji dalis su lengvo i\u0161skleidimo mechanizmu transformuojasi \u012f patogi\u0105, didel\u0119 300 cm x 120 cm lov\u0105. Papildomas pagalves galima laikyti dideliame daiktad\u0117\u017e\u0117je. \u201eBonito\u201c \u2013 tai baldas, skirtas didesn\u0117ms svetain\u0117ms, kurio matmenys \u2013 340 x 170 x 92 cm. Kampin\u0119 sof\u0105 \u201eBonito\u201c suk\u016br\u0117me naudodami specialiai atrinktus audinius, kurie puikiai dera su baldais.<\/p>","protected":false},"excerpt":{"rendered":"<p>Elegancija ir komfortas viename balde \u2013 tai \u201eBonito\u201c. Komfortas ir patogumas pasiekiami naudojant dviej\u0173 r\u016b\u0161i\u0173 apmu\u0161al\u0173 porolon\u0105: T2540 porolon\u0105 ir i\u0161skirtinai patog\u0173, labai elasting\u0105 HR porolon\u0105. U formos \u201eBonito\u201c kampin\u0117 sofa turi du pufus, kurie u\u017etikrins atsipalaidavim\u0105 net ir didelei \u0161eimai. DL [\u2026]<\/p>","protected":false},"featured_media":12793,"comment_status":"open","ping_status":"closed","template":"","meta":[],"product_brand":[],"product_cat":[616,1982,2012,9191],"product_tag":[],"class_list":{"0":"post-241328","1":"product","2":"type-product","3":"status-publish","4":"has-post-thumbnail","6":"product_cat-corners","7":"product_cat-corners-u","8":"product_cat-eltap","9":"product_cat-corners-u-eltap","11":"first","12":"instock","13":"shipping-taxable","14":"product-type-grouped"},"_links":{"self":[{"href":"https:\/\/baldumarket.lt\/lt\/wp-json\/wp\/v2\/product\/241328","targetHints":{"allow":["GET"]}}],"collection":[{"href":"https:\/\/baldumarket.lt\/lt\/wp-json\/wp\/v2\/product"}],"about":[{"href":"https:\/\/baldumarket.lt\/lt\/wp-json\/wp\/v2\/types\/product"}],"replies":[{"embeddable":true,"href":"https:\/\/baldumarket.lt\/lt\/wp-json\/wp\/v2\/comments?post=241328"}],"wp:featuredmedia":[{"embeddable":true,"href":"https:\/\/baldumarket.lt\/lt\/wp-json\/wp\/v2\/media\/12793"}],"wp:attachment":[{"href":"https:\/\/baldumarket.lt\/lt\/wp-json\/wp\/v2\/media?parent=241328"}],"wp:term":[{"taxonomy":"product_brand","embeddable":true,"href":"https:\/\/baldumarket.lt\/lt\/wp-json\/wp\/v2\/product_brand?post=241328"},{"taxonomy":"product_cat","embeddable":true,"href":"https:\/\/baldumarket.lt\/lt\/wp-json\/wp\/v2\/product_cat?post=241328"},{"taxonomy":"product_tag","embeddable":true,"href":"https:\/\/baldumarket.lt\/lt\/wp-json\/wp\/v2\/product_tag?post=241328"}],"curies":[{"name":"wp","href":"https:\/\/api.w.org\/{rel}","templated":true}]}}