{"id":241317,"date":"2025-12-31T18:19:22","date_gmt":"2025-12-31T15:19:22","guid":{"rendered":"https:\/\/baldumarket.lt\/?post_type=product&#038;p=241317"},"modified":"2026-02-03T23:03:45","modified_gmt":"2026-02-03T20:03:45","slug":"berrto-2","status":"publish","type":"product","link":"https:\/\/baldumarket.lt\/lt\/product\/berrto-2\/","title":{"rendered":"Berrto"},"content":{"rendered":"<p>\u201eBerrto\u201c kampin\u0117 sofa \u2013 tai i\u0161skirtinai rafinuotas svetain\u0117s baldas, sukurtas siekiant u\u017etikrinti i\u0161skirtin\u012f komfort\u0105 ir funkcionalum\u0105. \u0160i eleganti\u0161ka kampin\u0117 sofa derina modern\u0173 dizain\u0105 su nepriekai\u0161tinga auk\u0161tos kokyb\u0117s komponent\u0173 panaudojimu. \u201eBerrto\u201c kampin\u0117je sofoje naudojamos B tipo vingiuotos spyruokl\u0117s, kurios kartu su itin elastingomis HR+T2130 putomis sukuria neprilygstamo komforto s\u0117dim\u0105j\u012f pavir\u0161i\u0173. D\u0117l to baldas mink\u0161tas, lankstus ir puikiai prisitaiko prie j\u016bs\u0173 k\u016bno form\u0173, ne tik atsipalaidav\u0119s, bet ir atpalaiduodamas raumenis. Apmu\u0161al\u0173 dir\u017eeli\u0173 ir T2130 put\u0173 naudojimas \u201eBerrto\u201c kampin\u0117s sofos atlo\u0161e garantuoja jos patvarum\u0105 ir atsparum\u0105 deformacijai. Jums nereikia jaudintis d\u0117l negra\u017ei\u0173 rauk\u0161li\u0173 \u2013 \u0161i kampin\u0117 sofa daugel\u012f met\u0173 i\u0161laikys savo pirmin\u0119 i\u0161vaizd\u0105. J\u0105 galite greitai ir lengvai paversti patogia lova, u\u017etikrindami ger\u0105 mieg\u0105 jums ir j\u016bs\u0173 sve\u010diams. Be to, kampin\u0117je sofoje yra erdvus patalyn\u0117s skyrius, kuriame tilps visi reikalingi daiktai. \u201eBerrto\u201c kampin\u0117 sofa si\u016blo ne tik komfort\u0105, bet ir ilgaam\u017ei\u0161kum\u0105. \u012esp\u016bdingas patvarumas, siekiantis 390 kg svorio, rei\u0161kia, kad galite ja d\u017eiaugtis daugel\u012f met\u0173 nesijaudindami d\u0117l jos ilgaam\u017ei\u0161kumo. \u201eBerrto\u201c kampin\u0117 sofa i\u0161siskiria ne tik funkcionalumu, bet ir esteti\u0161ka apdaila. Juodos plienin\u0117s kojel\u0117s suteikia jai modernumo, o eleganti\u0161kas dizainas puikiai papildys j\u016bs\u0173 svetain\u0117s interjer\u0105. \u201eBerrto\u201c kampin\u0117 sofa turi lengvai naudojam\u0105 delfino mechanizm\u0105, leid\u017eiant\u012f j\u0105 greitai paversti patogia lova. Tai puikus sprendimas, kai reikia vietos miegoti sve\u010diams. \u201eBerrto\u201c kampin\u0117 sofa \u2013 tai baldas, kuriame dera prabanga, komfortas ir funkcionalumas. Auk\u0161tos kokyb\u0117s meistri\u0161kumas ir kruop\u0161ti apdaila pavers j\u0105 ne tik j\u016bs\u0173 svetain\u0117s traukos centru, bet ir vieta atsipalaiduoti bei praleisti laik\u0105 su draugais ir \u0161eima.<\/p>","protected":false},"excerpt":{"rendered":"<p>\u201eBerrto\u201c kampin\u0117 sofa \u2013 tai i\u0161skirtinai rafinuotas svetain\u0117s baldas, sukurtas siekiant u\u017etikrinti i\u0161skirtin\u012f komfort\u0105 ir funkcionalum\u0105. \u0160i eleganti\u0161ka kampin\u0117 sofa sujungia modern\u0173 dizain\u0105 su nepriekai\u0161tingu auk\u0161tos kokyb\u0117s komponent\u0173 panaudojimu. \u201eBerrto\u201c kampin\u0117je sofoje yra B tipo vingiuotos spyruokl\u0117s, kurios kartu su itin elastingu HR+T2130 putplas\u010diu sukuria s\u0117dyn\u0117s komfort\u0105 [\u2026]<\/p>","protected":false},"featured_media":28894,"comment_status":"open","ping_status":"closed","template":"","meta":[],"product_brand":[],"product_cat":[616,1982,2012,9166],"product_tag":[],"class_list":{"0":"post-241317","1":"product","2":"type-product","3":"status-publish","4":"has-post-thumbnail","6":"product_cat-corners","7":"product_cat-corners-u","8":"product_cat-eltap","9":"product_cat-narozniki-eltap","11":"first","12":"instock","13":"shipping-taxable","14":"product-type-grouped"},"_links":{"self":[{"href":"https:\/\/baldumarket.lt\/lt\/wp-json\/wp\/v2\/product\/241317","targetHints":{"allow":["GET"]}}],"collection":[{"href":"https:\/\/baldumarket.lt\/lt\/wp-json\/wp\/v2\/product"}],"about":[{"href":"https:\/\/baldumarket.lt\/lt\/wp-json\/wp\/v2\/types\/product"}],"replies":[{"embeddable":true,"href":"https:\/\/baldumarket.lt\/lt\/wp-json\/wp\/v2\/comments?post=241317"}],"wp:featuredmedia":[{"embeddable":true,"href":"https:\/\/baldumarket.lt\/lt\/wp-json\/wp\/v2\/media\/28894"}],"wp:attachment":[{"href":"https:\/\/baldumarket.lt\/lt\/wp-json\/wp\/v2\/media?parent=241317"}],"wp:term":[{"taxonomy":"product_brand","embeddable":true,"href":"https:\/\/baldumarket.lt\/lt\/wp-json\/wp\/v2\/product_brand?post=241317"},{"taxonomy":"product_cat","embeddable":true,"href":"https:\/\/baldumarket.lt\/lt\/wp-json\/wp\/v2\/product_cat?post=241317"},{"taxonomy":"product_tag","embeddable":true,"href":"https:\/\/baldumarket.lt\/lt\/wp-json\/wp\/v2\/product_tag?post=241317"}],"curies":[{"name":"wp","href":"https:\/\/api.w.org\/{rel}","templated":true}]}}