{"id":241296,"date":"2025-12-31T18:16:25","date_gmt":"2025-12-31T15:16:25","guid":{"rendered":"https:\/\/baldumarket.lt\/?post_type=product&#038;p=241296"},"modified":"2026-03-29T12:53:33","modified_gmt":"2026-03-29T09:53:33","slug":"aurumm-2","status":"publish","type":"product","link":"https:\/\/baldumarket.lt\/lt\/product\/aurumm-2\/","title":{"rendered":"Aurumm"},"content":{"rendered":"<p>Moderni, eleganti\u0161ko dizaino kampin\u0117 sofa, si\u016bloma trij\u0173 audini\u0173 grupi\u0173: \u201eClassic\u201c, \u201ePrestige\u201c ir \u201ePremium\u201c. S\u0117dyn\u0117 pagaminta i\u0161 B tipo banguot\u0173 spyruokli\u0173, HR put\u0173 ir T2130 put\u0173, u\u017etikrinan\u010di\u0173 auk\u0161t\u0105 komfort\u0105. Atlo\u0161as, u\u017epildytas T2540 poliuretano putomis ir B tipo banguotomis spyruokl\u0117mis, suteikia tinkam\u0105 nugaros atram\u0105. Kampin\u0117 sofa turi prakti\u0161k\u0105 patalyn\u0117s d\u0117\u017e\u0119 ir apmu\u0161t\u0105 atlo\u0161\u0105, tod\u0117l j\u0105 galima pastatyti bet kurioje svetain\u0117s vietoje. DL sulankstymo sistema leid\u017eia kampin\u0119 sof\u0105 lengvai transformuoti \u012f patogi\u0105 miegojimo viet\u0105.<\/p>","protected":false},"excerpt":{"rendered":"<p>Moderni, eleganti\u0161ko dizaino kampin\u0117 sofa, si\u016bloma trij\u0173 audini\u0173 grupi\u0173: \u201eClassic\u201c, \u201ePrestige\u201c ir \u201ePremium\u201c. S\u0117dyn\u0117 pagaminta i\u0161 B tipo banguot\u0173 spyruokli\u0173, HR put\u0173 ir T2130 put\u0173, u\u017etikrinan\u010di\u0173 auk\u0161t\u0105 komfort\u0105. Atlo\u0161as, u\u017epildytas T2540 poliuretano putomis ir B tipo banguotomis spyruokl\u0117mis, suteikia tinkam\u0105 nugaros atram\u0105. Kampin\u0117 sofa [\u2026]<\/p>","protected":false},"featured_media":32929,"comment_status":"open","ping_status":"closed","template":"","meta":[],"product_brand":[],"product_cat":[616,1983,2012,9166],"product_tag":[],"class_list":{"0":"post-241296","1":"product","2":"type-product","3":"status-publish","4":"has-post-thumbnail","6":"product_cat-corners","7":"product_cat-corners-l","8":"product_cat-eltap","9":"product_cat-narozniki-eltap","11":"first","12":"instock","13":"shipping-taxable","14":"product-type-grouped"},"_links":{"self":[{"href":"https:\/\/baldumarket.lt\/lt\/wp-json\/wp\/v2\/product\/241296","targetHints":{"allow":["GET"]}}],"collection":[{"href":"https:\/\/baldumarket.lt\/lt\/wp-json\/wp\/v2\/product"}],"about":[{"href":"https:\/\/baldumarket.lt\/lt\/wp-json\/wp\/v2\/types\/product"}],"replies":[{"embeddable":true,"href":"https:\/\/baldumarket.lt\/lt\/wp-json\/wp\/v2\/comments?post=241296"}],"wp:featuredmedia":[{"embeddable":true,"href":"https:\/\/baldumarket.lt\/lt\/wp-json\/wp\/v2\/media\/32929"}],"wp:attachment":[{"href":"https:\/\/baldumarket.lt\/lt\/wp-json\/wp\/v2\/media?parent=241296"}],"wp:term":[{"taxonomy":"product_brand","embeddable":true,"href":"https:\/\/baldumarket.lt\/lt\/wp-json\/wp\/v2\/product_brand?post=241296"},{"taxonomy":"product_cat","embeddable":true,"href":"https:\/\/baldumarket.lt\/lt\/wp-json\/wp\/v2\/product_cat?post=241296"},{"taxonomy":"product_tag","embeddable":true,"href":"https:\/\/baldumarket.lt\/lt\/wp-json\/wp\/v2\/product_tag?post=241296"}],"curies":[{"name":"wp","href":"https:\/\/api.w.org\/{rel}","templated":true}]}}