{"id":241280,"date":"2025-12-31T18:13:39","date_gmt":"2025-12-31T15:13:39","guid":{"rendered":"https:\/\/baldumarket.lt\/?post_type=product&#038;p=241280"},"modified":"2026-04-11T02:00:37","modified_gmt":"2026-04-10T23:00:37","slug":"asgard-2","status":"publish","type":"product","link":"https:\/\/baldumarket.lt\/lt\/product\/asgard-2\/","title":{"rendered":"Asgardas"},"content":{"rendered":"<p>\u201eAsgard\u201c \u2013 eleganti\u0161ka ir itin stilinga sofa tiems, kurie m\u0117gsta gra\u017eiai suprojektuot\u0105 interjer\u0105. Klasikin\u0117 forma ir stilingos pagalv\u0117li\u0173 bei \u0161on\u0173 dygsniuot\u0117s suteikia sofai unikal\u0173 ir jauk\u0173 charakter\u012f. \u201eAsgard\u201c i\u0161matavimai \u2013 233 x 92 x 93 cm \u2013 puikiai tinka poilsiui dienos metu, o d\u0117l miegojimo funkcijos ji taip pat turi 133 x 196 cm dyd\u017eio lov\u0105 su papildoma erdvia patalyn\u0117s d\u0117\u017ee, kuri\u0105 laiko DL atidarymo mechanizmas. D\u0117l vingiuot\u0173 spyruokli\u0173 ir T30 putplas\u010dio sofos s\u0117dyn\u0117 yra itin lanksti, mink\u0161ta ir atspari vis\u0173 tip\u0173 deformacijoms. Paprasta forma, eleganti\u0161ka apdaila ir tvirta konstrukcija \u2013 tai \u201eAsgard\u201c poilsio bald\u0173 ypatyb\u0117s. Verta tur\u0117ti \u0161i\u0105 sof\u0105 savo namuose, kad gal\u0117tum\u0117te m\u0117gautis i\u0161skirtiniu komfortu ir stiliumi.<\/p>","protected":false},"excerpt":{"rendered":"<p>\u201eAsgard\u201c \u2013 eleganti\u0161ka ir itin stilinga sofa tiems, kurie m\u0117gsta gra\u017eiai suprojektuot\u0105 interjer\u0105. Klasikin\u0117 forma ir stilingas pagalv\u0117li\u0173 bei \u0161on\u0173 dygsniavimas suteikia sofai unikal\u0173 ir jauk\u0173 charakter\u012f. \u201eAsgard\u201c matmenys \u2013 233 x 92 x 93 cm \u2013 puikiai tinka poilsiui dienos metu, o d\u0117l miegojimo funkcijos [\u2026]<\/p>","protected":false},"featured_media":8854,"comment_status":"open","ping_status":"closed","template":"","meta":[],"product_brand":[],"product_cat":[2012,9170,560],"product_tag":[],"class_list":{"0":"post-241280","1":"product","2":"type-product","3":"status-publish","4":"has-post-thumbnail","6":"product_cat-eltap","7":"product_cat-sofy-i-kanapy-eltap","8":"product_cat-sofas-and-couches","10":"first","11":"instock","12":"shipping-taxable","13":"product-type-grouped"},"_links":{"self":[{"href":"https:\/\/baldumarket.lt\/lt\/wp-json\/wp\/v2\/product\/241280","targetHints":{"allow":["GET"]}}],"collection":[{"href":"https:\/\/baldumarket.lt\/lt\/wp-json\/wp\/v2\/product"}],"about":[{"href":"https:\/\/baldumarket.lt\/lt\/wp-json\/wp\/v2\/types\/product"}],"replies":[{"embeddable":true,"href":"https:\/\/baldumarket.lt\/lt\/wp-json\/wp\/v2\/comments?post=241280"}],"wp:featuredmedia":[{"embeddable":true,"href":"https:\/\/baldumarket.lt\/lt\/wp-json\/wp\/v2\/media\/8854"}],"wp:attachment":[{"href":"https:\/\/baldumarket.lt\/lt\/wp-json\/wp\/v2\/media?parent=241280"}],"wp:term":[{"taxonomy":"product_brand","embeddable":true,"href":"https:\/\/baldumarket.lt\/lt\/wp-json\/wp\/v2\/product_brand?post=241280"},{"taxonomy":"product_cat","embeddable":true,"href":"https:\/\/baldumarket.lt\/lt\/wp-json\/wp\/v2\/product_cat?post=241280"},{"taxonomy":"product_tag","embeddable":true,"href":"https:\/\/baldumarket.lt\/lt\/wp-json\/wp\/v2\/product_tag?post=241280"}],"curies":[{"name":"wp","href":"https:\/\/api.w.org\/{rel}","templated":true}]}}