{"id":241279,"date":"2025-12-31T18:13:38","date_gmt":"2025-12-31T15:13:38","guid":{"rendered":"https:\/\/baldumarket.lt\/?post_type=product&#038;p=241279"},"modified":"2026-04-13T15:27:32","modified_gmt":"2026-04-13T12:27:32","slug":"arti-1f-2","status":"publish","type":"product","link":"https:\/\/baldumarket.lt\/lt\/product\/arti-1f-2\/","title":{"rendered":"1F straipsnis"},"content":{"rendered":"<p>\u201eArti\u201c \u2013 tai unikalus ir eleganti\u0161kas 80 x 91 x 105 cm dyd\u017eio fotelis, kuris puikiai tiks bet kokiam interjerui \u2013 tiek miegamajam, tiek svetainei. I\u0161skirtiniai \u201eArti\u201c modelio bruo\u017eai \u2013 apmu\u0161tas atlo\u0161as, kont\u016bruotas atlo\u0161as ir auk\u0161ti porankiai. Ta\u010diau tikr\u0105j\u012f jo charakter\u012f suteikia 22 centimetr\u0173 ilgio medin\u0117s kojel\u0117s, komplekte esanti pagalv\u0117l\u0117 ir stilingas atlo\u0161o apmu\u0161alas. \u201eArti\u201c fotelis si\u016blomas su pla\u010diu spalv\u0173 pasirinkimu. Gamin\u012f galima \u012fsigyti su visais \u201eBalduMarket\u201c kolekcijos audiniais. Taip pat verta d\u0117mesio s\u0117dyn\u0117s ir atlo\u0161o u\u017epildo tipas. HR ir T25 put\u0173 derinys sukuria i\u0161skirtin\u012f komfort\u0105, kartu apsaugodamas stubur\u0105. \u201eArti\u201c \u2013 tai unikalus fotelis, kuris tikrai prikaustys d\u0117mes\u012f. Rekomenduojame susipa\u017einti su m\u016bs\u0173 gaminiu.<\/p>","protected":false},"excerpt":{"rendered":"<p>\u201eArti\u201c \u2013 tai unikalus ir eleganti\u0161kas fotelis, kurio matmenys \u2013 80 x 91 x 105 cm, kuris puikiai tiks bet kokiam interjerui \u2013 tiek miegamajam, tiek svetainei. I\u0161skirtiniai \u201eArti\u201c modelio bruo\u017eai \u2013 apmu\u0161tas atlo\u0161as, i\u0161lenktas atlo\u0161as ir auk\u0161ti porankiai. Ta\u010diau tikrasis jo charakteris slypi 22 centimetr\u0173 ilgio medin\u0117se kojel\u0117se, [\u2026]<\/p>","protected":false},"featured_media":8513,"comment_status":"open","ping_status":"closed","template":"","meta":[],"product_brand":[],"product_cat":[634,2012,9163],"product_tag":[],"class_list":{"0":"post-241279","1":"product","2":"type-product","3":"status-publish","4":"has-post-thumbnail","6":"product_cat-armchairs","7":"product_cat-eltap","8":"product_cat-fotele-eltap","10":"first","11":"instock","12":"shipping-taxable","13":"product-type-grouped"},"_links":{"self":[{"href":"https:\/\/baldumarket.lt\/lt\/wp-json\/wp\/v2\/product\/241279","targetHints":{"allow":["GET"]}}],"collection":[{"href":"https:\/\/baldumarket.lt\/lt\/wp-json\/wp\/v2\/product"}],"about":[{"href":"https:\/\/baldumarket.lt\/lt\/wp-json\/wp\/v2\/types\/product"}],"replies":[{"embeddable":true,"href":"https:\/\/baldumarket.lt\/lt\/wp-json\/wp\/v2\/comments?post=241279"}],"wp:featuredmedia":[{"embeddable":true,"href":"https:\/\/baldumarket.lt\/lt\/wp-json\/wp\/v2\/media\/8513"}],"wp:attachment":[{"href":"https:\/\/baldumarket.lt\/lt\/wp-json\/wp\/v2\/media?parent=241279"}],"wp:term":[{"taxonomy":"product_brand","embeddable":true,"href":"https:\/\/baldumarket.lt\/lt\/wp-json\/wp\/v2\/product_brand?post=241279"},{"taxonomy":"product_cat","embeddable":true,"href":"https:\/\/baldumarket.lt\/lt\/wp-json\/wp\/v2\/product_cat?post=241279"},{"taxonomy":"product_tag","embeddable":true,"href":"https:\/\/baldumarket.lt\/lt\/wp-json\/wp\/v2\/product_tag?post=241279"}],"curies":[{"name":"wp","href":"https:\/\/api.w.org\/{rel}","templated":true}]}}