{"id":241278,"date":"2025-12-31T18:13:36","date_gmt":"2025-12-31T15:13:36","guid":{"rendered":"https:\/\/baldumarket.lt\/?post_type=product&#038;p=241278"},"modified":"2026-02-03T23:03:53","modified_gmt":"2026-02-03T20:03:53","slug":"aros-21-2","status":"publish","type":"product","link":"https:\/\/baldumarket.lt\/lt\/product\/aros-21-2\/","title":{"rendered":"Aros 2+1"},"content":{"rendered":"<p>\u201eAros\u201c poilsio komplektas \u2013 tai gero stiliaus ir maksimalaus komforto esm\u0117. \u0160is komplektas tikrai pagyvins bet kok\u012f interjer\u0105, net ir pat\u012f kukliausi\u0105. Visa tai d\u0117ka atskir\u0173 m\u016bs\u0173 komplekto element\u0173. \u0160is skoningas ir eleganti\u0161kas fotelis derina original\u0173 dizain\u0105 su i\u0161skirtiniu komfortu. Tiek fotelis, tiek \u201eAros\u201c sofa yra su atlenkiamomis s\u0117dyn\u0117mis, o tai rei\u0161kia, kad j\u0173 i\u0161skirtiniai bruo\u017eai yra erdvi s\u0117dyn\u0117, auk\u0161ti porankiai ir i\u0161skirtin\u0117s apdailos atlo\u0161as. Pristatant m\u016bs\u0173 baldus, ne\u012fmanoma nepamin\u0117ti auk\u0161tos meistri\u0161kumo kokyb\u0117s ir puiki\u0173, tiksli\u0173 dekoracij\u0173. Fotelio matmenys \u2013 85 x 90 x 103 cm, o sofos \u2013 150 x 90 x 103 cm. Didel\u012f m\u016bs\u0173 komplekto funkcionalum\u0105 taip pat lemia s\u0117dyn\u0117s u\u017epildo tipas. Patvari\u0173 vingiuot\u0173 spyruokli\u0173 ir mink\u0161t\u0173, lanks\u010di\u0173 T30 put\u0173 derinys daro \u0161\u012f pasirinkim\u0105 taikliu! S\u0117dyn\u0117s yra gerai i\u0161lenktos, u\u017etikrinant, kad j\u016bs\u0173 k\u016bnas b\u016bt\u0173 tinkamai apsaugotas naudojimo metu. \u201eAros\u201c komplekt\u0105 sudaro baldai, kurie d\u0117l savo i\u0161vaizdos ir patogumo puikiai papuo\u0161 bet kok\u012f interjer\u0105. Tiek foteliai, tiek sofa sukuria tobul\u0105 komplekt\u0105.<\/p>","protected":false},"excerpt":{"rendered":"<p>\u201eAros\u201c poilsio komplektas yra gero stiliaus ir maksimalaus komforto esm\u0117. \u0160is komplektas tikrai pagyvins bet kok\u012f interjer\u0105, net ir pat\u012f kukliausi\u0105. Visa tai d\u0117ka atskir\u0173 m\u016bs\u0173 komplekto element\u0173. \u0160is skoningas ir eleganti\u0161kas fotelis sujungia original\u0173 dizain\u0105 su i\u0161skirtiniu komfortu. Tiek fotelis, tiek [\u2026]<\/p>","protected":false},"featured_media":7999,"comment_status":"open","ping_status":"closed","template":"","meta":[],"product_brand":[],"product_cat":[2012,9172,660],"product_tag":[],"class_list":{"0":"post-241278","1":"product","2":"type-product","3":"status-publish","4":"has-post-thumbnail","6":"product_cat-eltap","7":"product_cat-zestawy-mebli-eltap","8":"product_cat-lounge-sets","10":"first","11":"instock","12":"shipping-taxable","13":"product-type-grouped"},"_links":{"self":[{"href":"https:\/\/baldumarket.lt\/lt\/wp-json\/wp\/v2\/product\/241278","targetHints":{"allow":["GET"]}}],"collection":[{"href":"https:\/\/baldumarket.lt\/lt\/wp-json\/wp\/v2\/product"}],"about":[{"href":"https:\/\/baldumarket.lt\/lt\/wp-json\/wp\/v2\/types\/product"}],"replies":[{"embeddable":true,"href":"https:\/\/baldumarket.lt\/lt\/wp-json\/wp\/v2\/comments?post=241278"}],"wp:featuredmedia":[{"embeddable":true,"href":"https:\/\/baldumarket.lt\/lt\/wp-json\/wp\/v2\/media\/7999"}],"wp:attachment":[{"href":"https:\/\/baldumarket.lt\/lt\/wp-json\/wp\/v2\/media?parent=241278"}],"wp:term":[{"taxonomy":"product_brand","embeddable":true,"href":"https:\/\/baldumarket.lt\/lt\/wp-json\/wp\/v2\/product_brand?post=241278"},{"taxonomy":"product_cat","embeddable":true,"href":"https:\/\/baldumarket.lt\/lt\/wp-json\/wp\/v2\/product_cat?post=241278"},{"taxonomy":"product_tag","embeddable":true,"href":"https:\/\/baldumarket.lt\/lt\/wp-json\/wp\/v2\/product_tag?post=241278"}],"curies":[{"name":"wp","href":"https:\/\/api.w.org\/{rel}","templated":true}]}}