{"id":241274,"date":"2025-12-31T18:13:30","date_gmt":"2025-12-31T15:13:30","guid":{"rendered":"https:\/\/baldumarket.lt\/?post_type=product&#038;p=241274"},"modified":"2026-03-29T12:53:33","modified_gmt":"2026-03-29T09:53:33","slug":"aris-2","status":"publish","type":"product","link":"https:\/\/baldumarket.lt\/lt\/product\/aris-2\/","title":{"rendered":"Aris"},"content":{"rendered":"<p>\u201eAris\u201c \u2013 tai funkcionali ir stilinga kampin\u0117 sofa, pasi\u017eyminti moderniu klasikiniu stiliumi, papildan\u010dia klasikin\u0119 form\u0105 modernia apdaila. Erdvi sofa, kurios matmenys \u2013 250 x 150 x 72 cm, puikiai tinka dienos poilsiui, ta\u010diau j\u0105 taip pat galima naudoti ir kaip miegojimo viet\u0105. \u0160is modelis turi du erdvius patalyn\u0117s skyrius: vien\u0105 \u2013 pufe, o kit\u0105 \u2013 i\u0161skleidus sof\u0105. Mink\u0161t\u0105 ir lanks\u010di\u0105 s\u0117dyn\u0119 sudaran\u010dios \u201eBonell\u201c spyruokl\u0117s ir T3040 putplastis garantuoja i\u0161skirtin\u012f komfort\u0105. Papildomi \u0161ios sofos i\u0161skirtiniai bruo\u017eai \u2013 stilingas, dviej\u0173 spalv\u0173 apmu\u0161alas ir erdvus 195 x 125 cm miegojimo pavir\u0161ius. Garantuojame, kad \u201eAris\u201c pateisins visus j\u016bs\u0173 l\u016bkes\u010dius. Tok\u012f bald\u0105 savo namuose tikrai verta tur\u0117ti.<\/p>","protected":false},"excerpt":{"rendered":"<p>\u201eAris\u201c \u2013 tai funkcionali ir stilinga kampin\u0117 sofa, pasi\u017eyminti moderniu klasikiniu stiliumi, papildanti klasikin\u0119 form\u0105 modernia apdaila. Erdvi sofa, kurios matmenys 250 x 150 x 72 cm, puikiai tinka poilsiui dienos metu, bet j\u0105 taip pat galima naudoti ir kaip miegojimo viet\u0105. \u0160is modelis turi du erdvius patalyn\u0117s skyrius, [\u2026]<\/p>","protected":false},"featured_media":8536,"comment_status":"open","ping_status":"closed","template":"","meta":[],"product_brand":[],"product_cat":[616,1983,2012,9166],"product_tag":[],"class_list":{"0":"post-241274","1":"product","2":"type-product","3":"status-publish","4":"has-post-thumbnail","6":"product_cat-corners","7":"product_cat-corners-l","8":"product_cat-eltap","9":"product_cat-narozniki-eltap","11":"first","12":"instock","13":"shipping-taxable","14":"product-type-grouped"},"_links":{"self":[{"href":"https:\/\/baldumarket.lt\/lt\/wp-json\/wp\/v2\/product\/241274","targetHints":{"allow":["GET"]}}],"collection":[{"href":"https:\/\/baldumarket.lt\/lt\/wp-json\/wp\/v2\/product"}],"about":[{"href":"https:\/\/baldumarket.lt\/lt\/wp-json\/wp\/v2\/types\/product"}],"replies":[{"embeddable":true,"href":"https:\/\/baldumarket.lt\/lt\/wp-json\/wp\/v2\/comments?post=241274"}],"wp:featuredmedia":[{"embeddable":true,"href":"https:\/\/baldumarket.lt\/lt\/wp-json\/wp\/v2\/media\/8536"}],"wp:attachment":[{"href":"https:\/\/baldumarket.lt\/lt\/wp-json\/wp\/v2\/media?parent=241274"}],"wp:term":[{"taxonomy":"product_brand","embeddable":true,"href":"https:\/\/baldumarket.lt\/lt\/wp-json\/wp\/v2\/product_brand?post=241274"},{"taxonomy":"product_cat","embeddable":true,"href":"https:\/\/baldumarket.lt\/lt\/wp-json\/wp\/v2\/product_cat?post=241274"},{"taxonomy":"product_tag","embeddable":true,"href":"https:\/\/baldumarket.lt\/lt\/wp-json\/wp\/v2\/product_tag?post=241274"}],"curies":[{"name":"wp","href":"https:\/\/api.w.org\/{rel}","templated":true}]}}