{"id":241234,"date":"2025-12-31T00:46:27","date_gmt":"2025-12-30T21:46:27","guid":{"rendered":"https:\/\/baldumarket.lt\/?post_type=product&#038;p=241234"},"modified":"2026-02-03T23:03:59","modified_gmt":"2026-02-03T20:03:59","slug":"lozko-tapicerowane-lovers-160x200-cm-promocja","status":"publish","type":"product","link":"https:\/\/baldumarket.lt\/lt\/product\/lozko-tapicerowane-lovers-160x200-cm-promocja\/","title":{"rendered":"Lova su mink\u0161tu pamu\u0161alu 160&#215;200 cm &#8211; AKCIJA"},"content":{"rendered":"<p>I\u0161skirtin\u0117 mink\u0161ta \u201eLovers\u201c lova \u2013 tai baldas, kurio prabangi i\u0161vaizda suteiks bet kuriam miegamajam unikalaus \u017eavesio, o d\u0117l joje esan\u010dios laikymo vietos pad\u0117s palaikyti tvark\u0105 ir tvark\u0105 kambaryje.<br \/>\nSavyb\u0117s:<br \/>\nPatalyn\u0117<br \/>\nMetalinis r\u0117mas<br \/>\nDujiniai keltuvai<br \/>\nSpyruoklin\u0117s skersin\u0117s<br \/>\nMiegamasis plotas: 160\/200 cm<br \/>\nLova be \u010diu\u017einio<br \/>\nGalimi audiniai: Fredo 5, 10, 35<br \/>\nLova be \u010diu\u017einio \u2013 galima \u012fsigyti atskirai i\u0161 m\u016bs\u0173 \u010diu\u017eini\u0173 pasi\u016blymo<\/p>","protected":false},"excerpt":{"rendered":"<p>I\u0161skirtin\u0117 mink\u0161ta lova \u201eLovers\u201c \u2013 tai baldas, kurio prabangi i\u0161vaizda suteiks bet kuriam miegamajam unikalaus \u017eavesio, o d\u0117l joje esan\u010dios daiktad\u0117\u017e\u0117s pad\u0117s palaikyti tvark\u0105 ir tvarkos jausm\u0105 kambaryje. Savyb\u0117s: patalyn\u0117s skyrius; metalinis r\u0117mas; dujiniai keltuvai; spyruoklin\u0117s grotel\u0117s; miegamojo plotas: 160\/200 cm; lova be \u010diu\u017einio; galimi audiniai: \u201eFredo 5\u201c, [\u2026]<\/p>","protected":false},"featured_media":241249,"comment_status":"open","ping_status":"closed","template":"","meta":[],"product_brand":[],"product_cat":[505,1971,9112],"product_tag":[],"class_list":{"0":"post-241234","1":"product","2":"type-product","3":"status-publish","4":"has-post-thumbnail","6":"product_cat-bedroom-beds","7":"product_cat-beds-160x200","8":"product_cat-linneo","10":"first","11":"instock","12":"shipping-taxable","13":"product-type-grouped"},"_links":{"self":[{"href":"https:\/\/baldumarket.lt\/lt\/wp-json\/wp\/v2\/product\/241234","targetHints":{"allow":["GET"]}}],"collection":[{"href":"https:\/\/baldumarket.lt\/lt\/wp-json\/wp\/v2\/product"}],"about":[{"href":"https:\/\/baldumarket.lt\/lt\/wp-json\/wp\/v2\/types\/product"}],"replies":[{"embeddable":true,"href":"https:\/\/baldumarket.lt\/lt\/wp-json\/wp\/v2\/comments?post=241234"}],"wp:featuredmedia":[{"embeddable":true,"href":"https:\/\/baldumarket.lt\/lt\/wp-json\/wp\/v2\/media\/241249"}],"wp:attachment":[{"href":"https:\/\/baldumarket.lt\/lt\/wp-json\/wp\/v2\/media?parent=241234"}],"wp:term":[{"taxonomy":"product_brand","embeddable":true,"href":"https:\/\/baldumarket.lt\/lt\/wp-json\/wp\/v2\/product_brand?post=241234"},{"taxonomy":"product_cat","embeddable":true,"href":"https:\/\/baldumarket.lt\/lt\/wp-json\/wp\/v2\/product_cat?post=241234"},{"taxonomy":"product_tag","embeddable":true,"href":"https:\/\/baldumarket.lt\/lt\/wp-json\/wp\/v2\/product_tag?post=241234"}],"curies":[{"name":"wp","href":"https:\/\/api.w.org\/{rel}","templated":true}]}}