{"id":241179,"date":"2025-12-31T00:43:46","date_gmt":"2025-12-30T21:43:46","guid":{"rendered":"https:\/\/baldumarket.lt\/?post_type=product&#038;p=241179"},"modified":"2026-02-03T23:04:02","modified_gmt":"2026-02-03T20:04:02","slug":"sofa-blackers-tkanina-bullet-99-92-promocja-gr1","status":"publish","type":"product","link":"https:\/\/baldumarket.lt\/lt\/product\/sofa-blackers-tkanina-bullet-99-92-promocja-gr1\/","title":{"rendered":"Blackers sofa \u2013 Audinys \u201eBullet\u201c 99\/92 \u2013 AKCIJA Gr1"},"content":{"rendered":"<p>\u201eBlackers\u201c sofa \u2013 \u012fdomus pasirinkimas moderniam interjerui ir jaunimo kambariams.<br \/>\nSpecifikacijos:<br \/>\nMiego funkcija<br \/>\nPatalyn\u0117 saugykla<br \/>\nDL automatinis i\u0161skleidimo mechanizmas<br \/>\nAuk\u0161tos kokyb\u0117s \u201eBonnell\u201c spyruokl\u0117s ir T30 apmu\u0161al\u0173 putos u\u017etikrina tvirtum\u0105 ir ilgaam\u017ei\u0161kum\u0105<br \/>\nPatogi s\u0117dyn\u0117<br \/>\nPatogus atlo\u0161as<br \/>\nSofa galima \u012fsigyti tik su nuotraukoje parodytais audiniais: Bullet 99\/92<\/p>","protected":false},"excerpt":{"rendered":"<p>Plotis [cm]: 200<br \/>\nAuk\u0161tis [cm]: 93<br \/>\nGylis [cm]: 98<br \/>\nPagalv\u0117li\u0173 tipas: nuimamos pagalv\u0117l\u0117s<br \/>\nPatalyn\u0117: taip<br \/>\nMiegamasis plotas [cm]: 142 \u00d7 200<br \/>\nSofos stilius: modernus<\/p>","protected":false},"featured_media":241224,"comment_status":"open","ping_status":"closed","template":"","meta":[],"product_brand":[],"product_cat":[9133],"product_tag":[],"class_list":{"0":"post-241179","1":"product","2":"type-product","3":"status-publish","4":"has-post-thumbnail","6":"product_cat-grouped","8":"first","9":"instock","10":"shipping-taxable","11":"purchasable","12":"product-type-variable","13":"wvs-archive-product-wrapper"},"_links":{"self":[{"href":"https:\/\/baldumarket.lt\/lt\/wp-json\/wp\/v2\/product\/241179","targetHints":{"allow":["GET"]}}],"collection":[{"href":"https:\/\/baldumarket.lt\/lt\/wp-json\/wp\/v2\/product"}],"about":[{"href":"https:\/\/baldumarket.lt\/lt\/wp-json\/wp\/v2\/types\/product"}],"replies":[{"embeddable":true,"href":"https:\/\/baldumarket.lt\/lt\/wp-json\/wp\/v2\/comments?post=241179"}],"wp:featuredmedia":[{"embeddable":true,"href":"https:\/\/baldumarket.lt\/lt\/wp-json\/wp\/v2\/media\/241224"}],"wp:attachment":[{"href":"https:\/\/baldumarket.lt\/lt\/wp-json\/wp\/v2\/media?parent=241179"}],"wp:term":[{"taxonomy":"product_brand","embeddable":true,"href":"https:\/\/baldumarket.lt\/lt\/wp-json\/wp\/v2\/product_brand?post=241179"},{"taxonomy":"product_cat","embeddable":true,"href":"https:\/\/baldumarket.lt\/lt\/wp-json\/wp\/v2\/product_cat?post=241179"},{"taxonomy":"product_tag","embeddable":true,"href":"https:\/\/baldumarket.lt\/lt\/wp-json\/wp\/v2\/product_tag?post=241179"}],"curies":[{"name":"wp","href":"https:\/\/api.w.org\/{rel}","templated":true}]}}