{"id":241176,"date":"2025-12-31T00:43:41","date_gmt":"2025-12-30T21:43:41","guid":{"rendered":"https:\/\/baldumarket.lt\/?post_type=product&#038;p=241176"},"modified":"2026-02-03T23:04:02","modified_gmt":"2026-02-03T20:04:02","slug":"sofa-bango-tkanina-lumo-promocja-gr3","status":"publish","type":"product","link":"https:\/\/baldumarket.lt\/lt\/product\/sofa-bango-tkanina-lumo-promocja-gr3\/","title":{"rendered":"Bango sofa &#8211; Lumo audinys &#8211; AKCIJA Gr3"},"content":{"rendered":"<p>\u201eBango\u201c sofa \u2013 \u012fdomus pasirinkimas moderniam interjerui.<br \/>\nSpecifikacijos:<br \/>\nMiego funkcija<br \/>\nPatalyn\u0117 saugykla<br \/>\nDL automatinis i\u0161skleidimas<br \/>\nAuk\u0161tos kokyb\u0117s banguotos spyruokl\u0117s ir T30 apmu\u0161al\u0173 putplastis u\u017etikrina tvirtum\u0105 ir ilgaam\u017ei\u0161kum\u0105<br \/>\nPatogi s\u0117dyn\u0117<br \/>\nPatogus atlo\u0161as<br \/>\nPridedamos kontrastingos pagalv\u0117l\u0117s<br \/>\nSofa galima \u012fsigyti tik su audiniais:<br \/>\nLumo 50\/45 \u2013 parodyta pagrindin\u0117je nuotraukoje<br \/>\nLumo 45\/40<br \/>\nLumo 75\/80<\/p>","protected":false},"excerpt":{"rendered":"<p>Plotis [cm]: 206<br \/>\nAuk\u0161tis [cm]: 93<br \/>\nGylis [cm]: 118<br \/>\nPagalv\u0117li\u0173 tipas: nuimamos pagalv\u0117l\u0117s<br \/>\nPatalyn\u0117: taip<br \/>\nMiegamasis plotas [cm]: 163 \u00d7 200<br \/>\nSofos stilius: modernus<\/p>","protected":false},"featured_media":241210,"comment_status":"open","ping_status":"closed","template":"","meta":[],"product_brand":[],"product_cat":[9133],"product_tag":[],"class_list":{"0":"post-241176","1":"product","2":"type-product","3":"status-publish","4":"has-post-thumbnail","6":"product_cat-grouped","8":"first","9":"instock","10":"shipping-taxable","11":"purchasable","12":"product-type-variable","13":"wvs-archive-product-wrapper"},"_links":{"self":[{"href":"https:\/\/baldumarket.lt\/lt\/wp-json\/wp\/v2\/product\/241176","targetHints":{"allow":["GET"]}}],"collection":[{"href":"https:\/\/baldumarket.lt\/lt\/wp-json\/wp\/v2\/product"}],"about":[{"href":"https:\/\/baldumarket.lt\/lt\/wp-json\/wp\/v2\/types\/product"}],"replies":[{"embeddable":true,"href":"https:\/\/baldumarket.lt\/lt\/wp-json\/wp\/v2\/comments?post=241176"}],"wp:featuredmedia":[{"embeddable":true,"href":"https:\/\/baldumarket.lt\/lt\/wp-json\/wp\/v2\/media\/241210"}],"wp:attachment":[{"href":"https:\/\/baldumarket.lt\/lt\/wp-json\/wp\/v2\/media?parent=241176"}],"wp:term":[{"taxonomy":"product_brand","embeddable":true,"href":"https:\/\/baldumarket.lt\/lt\/wp-json\/wp\/v2\/product_brand?post=241176"},{"taxonomy":"product_cat","embeddable":true,"href":"https:\/\/baldumarket.lt\/lt\/wp-json\/wp\/v2\/product_cat?post=241176"},{"taxonomy":"product_tag","embeddable":true,"href":"https:\/\/baldumarket.lt\/lt\/wp-json\/wp\/v2\/product_tag?post=241176"}],"curies":[{"name":"wp","href":"https:\/\/api.w.org\/{rel}","templated":true}]}}