{"id":241164,"date":"2025-12-31T00:43:04","date_gmt":"2025-12-30T21:43:04","guid":{"rendered":"https:\/\/baldumarket.lt\/?post_type=product&#038;p=241164"},"modified":"2026-02-03T23:04:02","modified_gmt":"2026-02-03T20:04:02","slug":"sofa-nebraska-tkanina-snow-i-bella-promocja","status":"publish","type":"product","link":"https:\/\/baldumarket.lt\/lt\/product\/sofa-nebraska-tkanina-snow-i-bella-promocja\/","title":{"rendered":"Nebraskos sofa &#8211; Snow and Bella audinys &#8211; AKCIJA"},"content":{"rendered":"<p>Nebraskos sofa \u2013 \u012fdomus pasirinkimas moderniam interjerui.<br \/>\nSpecifikacijos:<br \/>\nMiego funkcija<br \/>\nPatalyn\u0117 saugykla<br \/>\nDL automatin\u0117 i\u0161skleidimo sistema<br \/>\nAuk\u0161tos kokyb\u0117s vingiuotos spyruokl\u0117s + ki\u0161enin\u0117s spyruokl\u0117s ir T30 apmu\u0161al\u0173 putplastis u\u017etikrina tvirtum\u0105 ir ilgaam\u017ei\u0161kum\u0105<br \/>\nPatogi s\u0117dyn\u0117<br \/>\nPatogus atlo\u0161as<br \/>\nPridedamos papildomos pagalv\u0117l\u0117s<br \/>\nSofa galima \u012fsigyti tik su audiniais<br \/>\nSniegas 13 + Kronos 7 \u2013 pagrindin\u0117je nuotraukoje<br \/>\nBella 10<br \/>\nBella 65<\/p>","protected":false},"excerpt":{"rendered":"<p>The Nebraska sofa &#8211; an interesting option for modern interiors. Specifications: Sleep function Bedding storage DL automatic unfolding system High-quality sinuous springs + pocket springs and T30 upholstery foam provide firmness and durability Comfortable seat Comfortable backrest Additional cushions included Sofa available only in fabrics Snow 13 + Kronos 7 &#8211; in the main photo [&hellip;]<\/p>","protected":false},"featured_media":241196,"comment_status":"open","ping_status":"closed","template":"","meta":[],"product_brand":[],"product_cat":[9112,560],"product_tag":[],"class_list":{"0":"post-241164","1":"product","2":"type-product","3":"status-publish","4":"has-post-thumbnail","6":"product_cat-linneo","7":"product_cat-sofas-and-couches","9":"first","10":"instock","11":"shipping-taxable","12":"product-type-grouped"},"_links":{"self":[{"href":"https:\/\/baldumarket.lt\/lt\/wp-json\/wp\/v2\/product\/241164","targetHints":{"allow":["GET"]}}],"collection":[{"href":"https:\/\/baldumarket.lt\/lt\/wp-json\/wp\/v2\/product"}],"about":[{"href":"https:\/\/baldumarket.lt\/lt\/wp-json\/wp\/v2\/types\/product"}],"replies":[{"embeddable":true,"href":"https:\/\/baldumarket.lt\/lt\/wp-json\/wp\/v2\/comments?post=241164"}],"wp:featuredmedia":[{"embeddable":true,"href":"https:\/\/baldumarket.lt\/lt\/wp-json\/wp\/v2\/media\/241196"}],"wp:attachment":[{"href":"https:\/\/baldumarket.lt\/lt\/wp-json\/wp\/v2\/media?parent=241164"}],"wp:term":[{"taxonomy":"product_brand","embeddable":true,"href":"https:\/\/baldumarket.lt\/lt\/wp-json\/wp\/v2\/product_brand?post=241164"},{"taxonomy":"product_cat","embeddable":true,"href":"https:\/\/baldumarket.lt\/lt\/wp-json\/wp\/v2\/product_cat?post=241164"},{"taxonomy":"product_tag","embeddable":true,"href":"https:\/\/baldumarket.lt\/lt\/wp-json\/wp\/v2\/product_tag?post=241164"}],"curies":[{"name":"wp","href":"https:\/\/api.w.org\/{rel}","templated":true}]}}