{"id":241150,"date":"2025-12-31T00:42:24","date_gmt":"2025-12-30T21:42:24","guid":{"rendered":"https:\/\/baldumarket.lt\/?post_type=product&#038;p=241150"},"modified":"2026-02-03T23:04:03","modified_gmt":"2026-02-03T20:04:03","slug":"sofa-viber-tkanina-bullet-95-100-promocja","status":"publish","type":"product","link":"https:\/\/baldumarket.lt\/lt\/product\/sofa-viber-tkanina-bullet-95-100-promocja\/","title":{"rendered":"Viber sofa \u2013 Audinys \u201eBullet\u201c 95\/100 \u2013 AKCIJA"},"content":{"rendered":"<p>\u201eViber\u201c sofa \u2013 \u012fdomus pasirinkimas moderniam interjerui ir jaunimo kambariams.<br \/>\nSpecifikacijos:<br \/>\nMiego funkcija<br \/>\nPatalyn\u0117 saugykla<br \/>\nDL automatin\u0117 i\u0161skleidimo sistema<br \/>\nAuk\u0161tos kokyb\u0117s \u201eBonnell\u201c spyruokl\u0117s ir T30 apmu\u0161al\u0173 putos u\u017etikrina tvirtum\u0105 ir ilgaam\u017ei\u0161kum\u0105<br \/>\nPatogi s\u0117dyn\u0117<br \/>\nPatogus atlo\u0161as<br \/>\n\u012e komplekt\u0105 \u012feina pagalv\u0117l\u0117s<br \/>\nSofa galima \u012fsigyti tik su nuotraukoje parodytais audiniais: Bullet 95\/100<\/p>","protected":false},"excerpt":{"rendered":"<p>\u201eViber\u201c sofa \u2013 \u012fdomus pasirinkimas moderniam interjerui ir jaunimo kambariams. Specifikacijos: Miegojimo funkcija Patalyn\u0117 Automatin\u0117 DL i\u0161skleidimo sistema Auk\u0161tos kokyb\u0117s \u201eBonnell\u201c spyruokl\u0117s ir T30 apmu\u0161al\u0173 putos u\u017etikrina tvirtum\u0105 ir ilgaam\u017ei\u0161kum\u0105 Patogi s\u0117dyn\u0117 Patogus atlo\u0161as \u012e komplekt\u0105 \u012feina pagalv\u0117l\u0117s Sofa galima \u012fsigyti tik su nuotraukoje parodytais audiniais: \u201eBullet 95\/100\u201c<\/p>","protected":false},"featured_media":241182,"comment_status":"open","ping_status":"closed","template":"","meta":[],"product_brand":[],"product_cat":[9112,560],"product_tag":[],"class_list":{"0":"post-241150","1":"product","2":"type-product","3":"status-publish","4":"has-post-thumbnail","6":"product_cat-linneo","7":"product_cat-sofas-and-couches","9":"first","10":"instock","11":"shipping-taxable","12":"product-type-grouped"},"_links":{"self":[{"href":"https:\/\/baldumarket.lt\/lt\/wp-json\/wp\/v2\/product\/241150","targetHints":{"allow":["GET"]}}],"collection":[{"href":"https:\/\/baldumarket.lt\/lt\/wp-json\/wp\/v2\/product"}],"about":[{"href":"https:\/\/baldumarket.lt\/lt\/wp-json\/wp\/v2\/types\/product"}],"replies":[{"embeddable":true,"href":"https:\/\/baldumarket.lt\/lt\/wp-json\/wp\/v2\/comments?post=241150"}],"wp:featuredmedia":[{"embeddable":true,"href":"https:\/\/baldumarket.lt\/lt\/wp-json\/wp\/v2\/media\/241182"}],"wp:attachment":[{"href":"https:\/\/baldumarket.lt\/lt\/wp-json\/wp\/v2\/media?parent=241150"}],"wp:term":[{"taxonomy":"product_brand","embeddable":true,"href":"https:\/\/baldumarket.lt\/lt\/wp-json\/wp\/v2\/product_brand?post=241150"},{"taxonomy":"product_cat","embeddable":true,"href":"https:\/\/baldumarket.lt\/lt\/wp-json\/wp\/v2\/product_cat?post=241150"},{"taxonomy":"product_tag","embeddable":true,"href":"https:\/\/baldumarket.lt\/lt\/wp-json\/wp\/v2\/product_tag?post=241150"}],"curies":[{"name":"wp","href":"https:\/\/api.w.org\/{rel}","templated":true}]}}