{"id":241136,"date":"2025-12-31T00:41:42","date_gmt":"2025-12-30T21:41:42","guid":{"rendered":"https:\/\/baldumarket.lt\/?post_type=product&#038;p=241136"},"modified":"2026-02-03T23:04:03","modified_gmt":"2026-02-03T20:04:03","slug":"sofa-tino-tkanina-muse-12-1-promocja","status":"publish","type":"product","link":"https:\/\/baldumarket.lt\/lt\/product\/sofa-tino-tkanina-muse-12-1-promocja\/","title":{"rendered":"Tino sofa \u2013 Muse audinys 12\/1 \u2013 AKCIJA"},"content":{"rendered":"<p>\u201eTino\u201c sofa \u2013 \u012fdomus pasirinkimas moderniam interjerui ir jaunimo kambariams.<br \/>\nSpecifikacijos:<br \/>\nMiego funkcija<br \/>\nPatalyn\u0117 saugykla<br \/>\nDL automatinis i\u0161skleidimo mechanizmas<br \/>\nAuk\u0161tos kokyb\u0117s \u201eBonnell\u201c spyruokl\u0117s ir T30 apmu\u0161al\u0173 putos u\u017etikrina tvirtum\u0105 ir ilgaam\u017ei\u0161kum\u0105<br \/>\nPatogi s\u0117dyn\u0117<br \/>\nPatogus atlo\u0161as<br \/>\nPatogios pagalv\u0117l\u0117s<br \/>\nSofa galima \u012fsigyti tik su \u201eMuse 12\/1\u201c nuotraukoje parodytais audiniais.<\/p>","protected":false},"excerpt":{"rendered":"<p>\u201eTino\u201c sofa \u2013 \u012fdomus pasirinkimas moderniam interjerui ir jaunimo kambariams. Specifikacijos: Miegojimo funkcija; Patalyn\u0117s skyrius; Automatinis DL i\u0161skleidimo mechanizmas; Auk\u0161tos kokyb\u0117s \u201eBonnell\u201c spyruokl\u0117s ir T30 apmu\u0161al\u0173 putos suteikia tvirtumo ir ilgaam\u017ei\u0161kumo; Patogi s\u0117dyn\u0117; Patogi atlo\u0161as; Patogios pagalv\u0117l\u0117s. Sofa galima \u012fsigyti tik su \u201eMuse 12\/1\u201c nuotraukoje parodytais audiniais.<\/p>","protected":false},"featured_media":241168,"comment_status":"open","ping_status":"closed","template":"","meta":[],"product_brand":[],"product_cat":[9112,560],"product_tag":[],"class_list":{"0":"post-241136","1":"product","2":"type-product","3":"status-publish","4":"has-post-thumbnail","6":"product_cat-linneo","7":"product_cat-sofas-and-couches","9":"first","10":"instock","11":"shipping-taxable","12":"product-type-grouped"},"_links":{"self":[{"href":"https:\/\/baldumarket.lt\/lt\/wp-json\/wp\/v2\/product\/241136","targetHints":{"allow":["GET"]}}],"collection":[{"href":"https:\/\/baldumarket.lt\/lt\/wp-json\/wp\/v2\/product"}],"about":[{"href":"https:\/\/baldumarket.lt\/lt\/wp-json\/wp\/v2\/types\/product"}],"replies":[{"embeddable":true,"href":"https:\/\/baldumarket.lt\/lt\/wp-json\/wp\/v2\/comments?post=241136"}],"wp:featuredmedia":[{"embeddable":true,"href":"https:\/\/baldumarket.lt\/lt\/wp-json\/wp\/v2\/media\/241168"}],"wp:attachment":[{"href":"https:\/\/baldumarket.lt\/lt\/wp-json\/wp\/v2\/media?parent=241136"}],"wp:term":[{"taxonomy":"product_brand","embeddable":true,"href":"https:\/\/baldumarket.lt\/lt\/wp-json\/wp\/v2\/product_brand?post=241136"},{"taxonomy":"product_cat","embeddable":true,"href":"https:\/\/baldumarket.lt\/lt\/wp-json\/wp\/v2\/product_cat?post=241136"},{"taxonomy":"product_tag","embeddable":true,"href":"https:\/\/baldumarket.lt\/lt\/wp-json\/wp\/v2\/product_tag?post=241136"}],"curies":[{"name":"wp","href":"https:\/\/api.w.org\/{rel}","templated":true}]}}