{"id":241123,"date":"2025-12-31T00:41:03","date_gmt":"2025-12-30T21:41:03","guid":{"rendered":"https:\/\/baldumarket.lt\/?post_type=product&#038;p=241123"},"modified":"2026-02-03T23:04:04","modified_gmt":"2026-02-03T20:04:04","slug":"sofa-palermo-tkanina-lumo-promocja","status":"publish","type":"product","link":"https:\/\/baldumarket.lt\/lt\/product\/sofa-palermo-tkanina-lumo-promocja\/","title":{"rendered":"Palermo sofa \u2013 Lumo audinys \u2013 AKCIJA"},"content":{"rendered":"<p>\u201ePalermo\u201c sofa \u2013 \u012fdomus pasirinkimas moderniam interjerui.<br \/>\nSpecifikacijos:<br \/>\nMiego funkcija<br \/>\nPatalyn\u0117 saugykla<br \/>\nDL automatinis i\u0161skleidimas<br \/>\nAuk\u0161tos kokyb\u0117s \u201eBonnell\u201c spyruokl\u0117s ir T30 apmu\u0161al\u0173 putos u\u017etikrina tvirtum\u0105 ir ilgaam\u017ei\u0161kum\u0105<br \/>\nPatogi s\u0117dyn\u0117<br \/>\nPatogus atlo\u0161as<br \/>\nSofa galima \u012fsigyti tik su audiniais:<br \/>\nLumo 05<br \/>\nLumo 45<br \/>\nLumo 70 \u2013 parodyta pagrindin\u0117je nuotraukoje<\/p>","protected":false},"excerpt":{"rendered":"<p>\u201ePalermo\u201c sofa \u2013 \u012fdomus pasirinkimas moderniam interjerui. Specifikacijos: Miegojimo funkcija; Patalyn\u0117; Automatinis i\u0161siskleidimas; Auk\u0161tos kokyb\u0117s \u201eBonnell\u201c spyruokl\u0117s ir T30 apmu\u0161al\u0173 putos u\u017etikrina tvirtum\u0105 ir ilgaam\u017ei\u0161kum\u0105; Patogi s\u0117dyn\u0117; Patogus atlo\u0161as; Sofa galima \u012fsigyti tik su audiniais: \u201eLumo 05 Lumo 45 Lumo 70\u201c \u2013 parodyta pagrindin\u0117je nuotraukoje.<\/p>","protected":false},"featured_media":241154,"comment_status":"open","ping_status":"closed","template":"","meta":[],"product_brand":[],"product_cat":[9112,560],"product_tag":[],"class_list":{"0":"post-241123","1":"product","2":"type-product","3":"status-publish","4":"has-post-thumbnail","6":"product_cat-linneo","7":"product_cat-sofas-and-couches","9":"first","10":"instock","11":"shipping-taxable","12":"product-type-grouped"},"_links":{"self":[{"href":"https:\/\/baldumarket.lt\/lt\/wp-json\/wp\/v2\/product\/241123","targetHints":{"allow":["GET"]}}],"collection":[{"href":"https:\/\/baldumarket.lt\/lt\/wp-json\/wp\/v2\/product"}],"about":[{"href":"https:\/\/baldumarket.lt\/lt\/wp-json\/wp\/v2\/types\/product"}],"replies":[{"embeddable":true,"href":"https:\/\/baldumarket.lt\/lt\/wp-json\/wp\/v2\/comments?post=241123"}],"wp:featuredmedia":[{"embeddable":true,"href":"https:\/\/baldumarket.lt\/lt\/wp-json\/wp\/v2\/media\/241154"}],"wp:attachment":[{"href":"https:\/\/baldumarket.lt\/lt\/wp-json\/wp\/v2\/media?parent=241123"}],"wp:term":[{"taxonomy":"product_brand","embeddable":true,"href":"https:\/\/baldumarket.lt\/lt\/wp-json\/wp\/v2\/product_brand?post=241123"},{"taxonomy":"product_cat","embeddable":true,"href":"https:\/\/baldumarket.lt\/lt\/wp-json\/wp\/v2\/product_cat?post=241123"},{"taxonomy":"product_tag","embeddable":true,"href":"https:\/\/baldumarket.lt\/lt\/wp-json\/wp\/v2\/product_tag?post=241123"}],"curies":[{"name":"wp","href":"https:\/\/api.w.org\/{rel}","templated":true}]}}